{"id":46787,"date":"2022-12-20T14:24:21","date_gmt":"2022-12-20T12:24:21","guid":{"rendered":"http:\/\/new.ceasuri.md\/shop\/uncategorized\/storm-papier-necklace-man\/"},"modified":"2026-05-01T17:26:22","modified_gmt":"2026-05-01T14:26:22","slug":"storm-papier-necklace-man","status":"publish","type":"product","link":"https:\/\/ceasuri.md\/ru\/shop\/accesorii\/accesorii-barbati\/lanturi\/storm-papier-necklace-man\/","title":{"rendered":"STORM PAPIER NECKLACE"},"content":{"rendered":"<p>Acest colier masculin din o\u021bel de la Storm este accesoriul perfect pentru b\u0103rbatul modern care apreciaz\u0103 simplitatea \u0219i calitatea. Confec\u021bionat din o\u021bel inoxidabil de \u00eenalt\u0103 calitate, acesta promite durabilitate \u0219i rezisten\u021b\u0103 la coroziune.<\/p>\n<p>Zalele colierului au o form\u0103 clasic\u0103, dreptunghiular\u0103 cu col\u021buri rotunjite, cre\u00e2nd o imagine robust\u0103 \u0219i expresiv\u0103. Fiecare zale este atent lustruit\u0103 pentru a conferi accesoriului un aspect contemporan str\u0103lucitor \u0219i pentru a asigura c\u0103 va r\u0103m\u00e2ne atr\u0103g\u0103tor pentru mul\u021bi ani de acum \u00eencolo.<\/p>\n<p>\u00cenchiz\u0103toarea compact\u0103 \u0219i sigur\u0103 asigur\u0103 c\u0103 colierul va sta confortabil \u0219i \u00een siguran\u021b\u0103 pe g\u00e2t, \u00een timp ce o pl\u0103cu\u021b\u0103 mic\u0103 \u0219i subtil\u0103 cu logo-ul Storm subliniaz\u0103 apartenen\u021ba la un brand cunoscut.<\/p>\n<p>Acest colier va completa excelent orice garderob\u0103, fie c\u0103 este casual sau formal\u0103, \u0219i este ideal pentru b\u0103rba\u021bii care prefer\u0103 simplitatea \u0219i for\u021ba \u00een accesoriile lor.<\/p>","protected":false},"excerpt":{"rendered":"<p>Acest colier masculin din o\u021bel de la Storm este accesoriul perfect pentru b\u0103rbatul modern care apreciaz\u0103 simplitatea \u0219i calitatea. Confec\u021bionat din o\u021bel inoxidabil de \u00eenalt\u0103 calitate, acesta promite durabilitate \u0219i rezisten\u021b\u0103 la coroziune. Zalele colierului au o form\u0103 clasic\u0103, dreptunghiular\u0103 cu col\u021buri rotunjite, cre\u00e2nd o imagine robust\u0103 \u0219i expresiv\u0103. Fiecare zale este atent lustruit\u0103 pentru [&hellip;]<\/p>\n","protected":false},"featured_media":46788,"comment_status":"closed","ping_status":"open","template":"","meta":{"_acf_changed":false},"product_brand":[],"product_cat":[584,22,593,394],"product_tag":[],"class_list":{"0":"post-46787","1":"product","2":"type-product","3":"status-publish","4":"has-post-thumbnail","6":"product_cat-lanturi","7":"product_cat-sale","8":"product_cat-sale-bijuterii-barbati","9":"product_cat-storm","10":"pa_brand-storm","11":"pa_corpus-50-cm","12":"pa_korpus-argintiu","13":"pa_material-otel-inoxidabil","14":"pa_strana-marea-britanie","16":"first","17":"instock","18":"sale","19":"purchasable","20":"product-type-simple"},"acf":[],"_links":{"self":[{"href":"https:\/\/ceasuri.md\/ru\/wp-json\/wp\/v2\/product\/46787","targetHints":{"allow":["GET"]}}],"collection":[{"href":"https:\/\/ceasuri.md\/ru\/wp-json\/wp\/v2\/product"}],"about":[{"href":"https:\/\/ceasuri.md\/ru\/wp-json\/wp\/v2\/types\/product"}],"replies":[{"embeddable":true,"href":"https:\/\/ceasuri.md\/ru\/wp-json\/wp\/v2\/comments?post=46787"}],"wp:featuredmedia":[{"embeddable":true,"href":"https:\/\/ceasuri.md\/ru\/wp-json\/wp\/v2\/media\/46788"}],"wp:attachment":[{"href":"https:\/\/ceasuri.md\/ru\/wp-json\/wp\/v2\/media?parent=46787"}],"wp:term":[{"taxonomy":"product_brand","embeddable":true,"href":"https:\/\/ceasuri.md\/ru\/wp-json\/wp\/v2\/product_brand?post=46787"},{"taxonomy":"product_cat","embeddable":true,"href":"https:\/\/ceasuri.md\/ru\/wp-json\/wp\/v2\/product_cat?post=46787"},{"taxonomy":"product_tag","embeddable":true,"href":"https:\/\/ceasuri.md\/ru\/wp-json\/wp\/v2\/product_tag?post=46787"}],"curies":[{"name":"wp","href":"https:\/\/api.w.org\/{rel}","templated":true}]}}