{"id":46778,"date":"2026-04-02T22:50:22","date_gmt":"2026-04-02T19:50:22","guid":{"rendered":"http:\/\/new.ceasuri.md\/shop\/uncategorized\/storm-%d0%b1%d0%b8%d0%b6-cartel-bangle-slate\/"},"modified":"2026-04-28T14:41:52","modified_gmt":"2026-04-28T11:41:52","slug":"storm-%d0%b1%d0%b8%d0%b6-cartel-bangle-slate","status":"publish","type":"product","link":"https:\/\/ceasuri.md\/ru\/shop\/accesorii\/accesorii-dama\/bratari\/storm-%d0%b1%d0%b8%d0%b6-cartel-bangle-slate\/","title":{"rendered":"STORM Cartel Bangle"},"content":{"rendered":"<p>STORM este o marc\u0103 britanic\u0103 specializat\u0103 \u00een ceasuri de m\u00e2n\u0103, bijuterii \u0219i accesorii. A fost fondat\u0103 \u00een 1989 la Londra.<\/p>\n<p>Specialitatea m\u0103rcii este combina\u021bia dintre calitatea clasic\u0103, designul elegant \u0219i neobi\u0219nuit \u0219i pre\u021bul accesibil.<\/p>","protected":false},"excerpt":{"rendered":"<p>STORM este o marc\u0103 britanic\u0103 specializat\u0103 \u00een ceasuri de m\u00e2n\u0103, bijuterii \u0219i accesorii. A fost fondat\u0103 \u00een 1989 la Londra. Specialitatea m\u0103rcii este combina\u021bia dintre calitatea clasic\u0103, designul elegant \u0219i neobi\u0219nuit \u0219i pre\u021bul accesibil.<\/p>","protected":false},"featured_media":46779,"comment_status":"closed","ping_status":"open","template":"","meta":{"_acf_changed":false},"product_brand":[],"product_cat":[577,22,604,394],"product_tag":[],"class_list":{"0":"post-46778","1":"product","2":"type-product","3":"status-publish","4":"has-post-thumbnail","6":"product_cat-bratari","7":"product_cat-sale","8":"product_cat-sale-bijuterii-dama","9":"product_cat-storm","10":"pa_brand-storm","11":"pa_corpus-20-cm","12":"pa_korpus-negru","13":"pa_material-otel-inoxidabil","14":"pa_strana-marea-britanie","16":"first","17":"instock","18":"sale","19":"purchasable","20":"product-type-simple"},"acf":[],"_links":{"self":[{"href":"https:\/\/ceasuri.md\/ru\/wp-json\/wp\/v2\/product\/46778","targetHints":{"allow":["GET"]}}],"collection":[{"href":"https:\/\/ceasuri.md\/ru\/wp-json\/wp\/v2\/product"}],"about":[{"href":"https:\/\/ceasuri.md\/ru\/wp-json\/wp\/v2\/types\/product"}],"replies":[{"embeddable":true,"href":"https:\/\/ceasuri.md\/ru\/wp-json\/wp\/v2\/comments?post=46778"}],"wp:featuredmedia":[{"embeddable":true,"href":"https:\/\/ceasuri.md\/ru\/wp-json\/wp\/v2\/media\/46779"}],"wp:attachment":[{"href":"https:\/\/ceasuri.md\/ru\/wp-json\/wp\/v2\/media?parent=46778"}],"wp:term":[{"taxonomy":"product_brand","embeddable":true,"href":"https:\/\/ceasuri.md\/ru\/wp-json\/wp\/v2\/product_brand?post=46778"},{"taxonomy":"product_cat","embeddable":true,"href":"https:\/\/ceasuri.md\/ru\/wp-json\/wp\/v2\/product_cat?post=46778"},{"taxonomy":"product_tag","embeddable":true,"href":"https:\/\/ceasuri.md\/ru\/wp-json\/wp\/v2\/product_tag?post=46778"}],"curies":[{"name":"wp","href":"https:\/\/api.w.org\/{rel}","templated":true}]}}