{"id":46774,"date":"2026-04-02T22:50:22","date_gmt":"2026-04-02T19:50:22","guid":{"rendered":"http:\/\/new.ceasuri.md\/shop\/uncategorized\/edox-delfin-mecano-85303-357gncav-vonb\/"},"modified":"2026-04-20T01:07:32","modified_gmt":"2026-04-19T22:07:32","slug":"edox-delfin-mecano-85303-357gncav-vonb","status":"publish","type":"product","link":"https:\/\/ceasuri.md\/ru\/shop\/branduri\/edox\/edox-delfin-mecano-85303-357gncav-vonb\/","title":{"rendered":"\u0427\u0430\u0441\u044b EDOX DELFIN MECANO 85303-357GNCAV-VONB"},"content":{"rendered":"<p>Edox este unul dintre cei mai cunoscu\u021bi ceasornicari elve\u021bieni \u0219i are o reputa\u021bie impecabil\u0103.<\/p>\n<p>Marca produce ceasuri elve\u021biene autentice de elegan\u021b\u0103 \u0219i sport, inclusiv ceasuri pentru scufund\u0103ri cu o rezisten\u021b\u0103 remarcabil\u0103 la ap\u0103.<\/p>\n<p>Punctele forte ale EDOX constau \u00een carcasele sale super-sofisticate, cu rezisten\u021b\u0103 ridicat\u0103 \u0219i rezisten\u021b\u0103 la ap\u0103, adesea cu componente multi-componente.<\/p>\n<p>Designul este, de asemenea, de \u00eenalt\u0103 calitate, sunt folosite mi\u0219c\u0103ri elve\u021biene fiabile.<\/p>","protected":false},"excerpt":{"rendered":"<p>Edox este unul dintre cei mai cunoscu\u021bi ceasornicari elve\u021bieni \u0219i are o reputa\u021bie impecabil\u0103. Marca produce ceasuri elve\u021biene autentice de elegan\u021b\u0103 \u0219i sport, inclusiv ceasuri pentru scufund\u0103ri cu o rezisten\u021b\u0103 remarcabil\u0103 la ap\u0103. Punctele forte ale EDOX constau \u00een carcasele sale super-sofisticate, cu rezisten\u021b\u0103 ridicat\u0103 \u0219i rezisten\u021b\u0103 la ap\u0103, adesea cu componente multi-componente. Designul este, [&hellip;]<\/p>\n","protected":false},"featured_media":46775,"comment_status":"closed","ping_status":"open","template":"","meta":{"_acf_changed":false},"product_brand":[],"product_cat":[20,106,107],"product_tag":[],"class_list":{"0":"post-46774","1":"product","2":"type-product","3":"status-publish","4":"has-post-thumbnail","6":"product_cat-ceasuri-barbati","7":"product_cat-ceasuri-premium","8":"product_cat-edox","9":"pa_brand-edox","10":"pa_braslet-cauciuc","11":"pa_corpus-43-mm","12":"pa_forma-rotund","13":"pa_funcii-schelet","14":"pa_garatia-24-luni","15":"pa_korpus-gri","16":"pa_material-otel-inoxidabil","17":"pa_mehanizm-mecanic","18":"pa_mehanizm-mecanism-automatic","19":"pa_remeshok-verde","20":"pa_steklo-cristal-safir","21":"pa_strana-elvetia","22":"pa_voda-20-atm","24":"first","25":"instock","26":"purchasable","27":"product-type-simple"},"acf":[],"_links":{"self":[{"href":"https:\/\/ceasuri.md\/ru\/wp-json\/wp\/v2\/product\/46774","targetHints":{"allow":["GET"]}}],"collection":[{"href":"https:\/\/ceasuri.md\/ru\/wp-json\/wp\/v2\/product"}],"about":[{"href":"https:\/\/ceasuri.md\/ru\/wp-json\/wp\/v2\/types\/product"}],"replies":[{"embeddable":true,"href":"https:\/\/ceasuri.md\/ru\/wp-json\/wp\/v2\/comments?post=46774"}],"wp:featuredmedia":[{"embeddable":true,"href":"https:\/\/ceasuri.md\/ru\/wp-json\/wp\/v2\/media\/46775"}],"wp:attachment":[{"href":"https:\/\/ceasuri.md\/ru\/wp-json\/wp\/v2\/media?parent=46774"}],"wp:term":[{"taxonomy":"product_brand","embeddable":true,"href":"https:\/\/ceasuri.md\/ru\/wp-json\/wp\/v2\/product_brand?post=46774"},{"taxonomy":"product_cat","embeddable":true,"href":"https:\/\/ceasuri.md\/ru\/wp-json\/wp\/v2\/product_cat?post=46774"},{"taxonomy":"product_tag","embeddable":true,"href":"https:\/\/ceasuri.md\/ru\/wp-json\/wp\/v2\/product_tag?post=46774"}],"curies":[{"name":"wp","href":"https:\/\/api.w.org\/{rel}","templated":true}]}}