{"id":46761,"date":"2026-04-02T22:50:22","date_gmt":"2026-04-02T19:50:22","guid":{"rendered":"http:\/\/new.ceasuri.md\/shop\/uncategorized\/storm-vixi-ring-size-k\/"},"modified":"2026-04-20T00:57:09","modified_gmt":"2026-04-19T21:57:09","slug":"storm-vixi-ring-size-k","status":"publish","type":"product","link":"https:\/\/ceasuri.md\/ru\/shop\/accesorii\/accesorii-dama\/inele\/storm-vixi-ring-size-k\/","title":{"rendered":"STORM Vixi Ring size K"},"content":{"rendered":"<p>Acest inel din o\u021bel de la Storm, cu designul s\u0103u modern \u0219i simplu, este simbolul elegan\u021bei \u0219i minimalismului.<\/p>\n<p>Inelul are o suprafa\u021b\u0103 neted\u0103 \u0219i lustruit\u0103, conferindu-i un farmec contemporan \u0219i asigur\u00e2ndu-i versatilitatea ca accesoriu pentru orice ocazie.<\/p>\n<p>Ca un detaliu rafinat, pe o parte a inelului este \u00eencrustat un bloc mic de cristale micro pav\u00e9, ad\u0103ug\u00e2nd o not\u0103 subtil\u0103 de rafinament f\u0103r\u0103 a fi ostentativ. Acest accent adaug\u0103 o str\u0103lucire delicat\u0103, f\u0103c\u00e2nd inelul alegerea perfect\u0103 pentru cei care prefer\u0103 bijuteriile discrete.<\/p>\n<p>Durabilitatea \u0219i propriet\u0103\u021bile hipoalergenice ale o\u021belului asigur\u0103 longevitate \u0219i confort la purtare. Fie c\u0103 este vorba de uz zilnic sau de o ocazie special\u0103, acest inel de la Storm este o declara\u021bie de stil care se poate combina u\u0219or cu alte accesorii sau poate s\u0103 str\u0103luceasc\u0103 de sine st\u0103t\u0103tor.<\/p>","protected":false},"excerpt":{"rendered":"<p>Acest inel din o\u021bel de la Storm, cu designul s\u0103u modern \u0219i simplu, este simbolul elegan\u021bei \u0219i minimalismului. Inelul are o suprafa\u021b\u0103 neted\u0103 \u0219i lustruit\u0103, conferindu-i un farmec contemporan \u0219i asigur\u00e2ndu-i versatilitatea ca accesoriu pentru orice ocazie. Ca un detaliu rafinat, pe o parte a inelului este \u00eencrustat un bloc mic de cristale micro pav\u00e9, [&hellip;]<\/p>\n","protected":false},"featured_media":46762,"comment_status":"closed","ping_status":"open","template":"","meta":{"_acf_changed":false},"product_brand":[],"product_cat":[586,22,604,394],"product_tag":[],"class_list":{"0":"post-46761","1":"product","2":"type-product","3":"status-publish","4":"has-post-thumbnail","6":"product_cat-inele","7":"product_cat-sale","8":"product_cat-sale-bijuterii-dama","9":"product_cat-storm","10":"pa_brand-storm","11":"pa_corpus-16-mm","12":"pa_decor-zirconiu","13":"pa_korpus-argintiu","14":"pa_material-otel-inoxidabil","15":"pa_strana-marea-britanie","17":"first","18":"instock","19":"sale","20":"purchasable","21":"product-type-simple"},"acf":[],"_links":{"self":[{"href":"https:\/\/ceasuri.md\/ru\/wp-json\/wp\/v2\/product\/46761","targetHints":{"allow":["GET"]}}],"collection":[{"href":"https:\/\/ceasuri.md\/ru\/wp-json\/wp\/v2\/product"}],"about":[{"href":"https:\/\/ceasuri.md\/ru\/wp-json\/wp\/v2\/types\/product"}],"replies":[{"embeddable":true,"href":"https:\/\/ceasuri.md\/ru\/wp-json\/wp\/v2\/comments?post=46761"}],"wp:featuredmedia":[{"embeddable":true,"href":"https:\/\/ceasuri.md\/ru\/wp-json\/wp\/v2\/media\/46762"}],"wp:attachment":[{"href":"https:\/\/ceasuri.md\/ru\/wp-json\/wp\/v2\/media?parent=46761"}],"wp:term":[{"taxonomy":"product_brand","embeddable":true,"href":"https:\/\/ceasuri.md\/ru\/wp-json\/wp\/v2\/product_brand?post=46761"},{"taxonomy":"product_cat","embeddable":true,"href":"https:\/\/ceasuri.md\/ru\/wp-json\/wp\/v2\/product_cat?post=46761"},{"taxonomy":"product_tag","embeddable":true,"href":"https:\/\/ceasuri.md\/ru\/wp-json\/wp\/v2\/product_tag?post=46761"}],"curies":[{"name":"wp","href":"https:\/\/api.w.org\/{rel}","templated":true}]}}