{"id":46754,"date":"2026-04-02T22:49:53","date_gmt":"2026-04-02T19:49:53","guid":{"rendered":"http:\/\/new.ceasuri.md\/shop\/uncategorized\/emporio-armani-kappa-ar11013\/"},"modified":"2026-04-20T01:08:16","modified_gmt":"2026-04-19T22:08:16","slug":"emporio-armani-kappa-ar11013","status":"publish","type":"product","link":"https:\/\/ceasuri.md\/ru\/shop\/branduri\/emporio-armani\/emporio-armani-kappa-ar11013\/","title":{"rendered":"\u0427\u0430\u0441\u044b EMPORIO ARMANI KAPPA AR11013"},"content":{"rendered":"<p>Prima colec\u021bie de ceasuri sub marca Emporio Armani a ap\u0103rut \u00een 1997.<\/p>\n<p>Emporio Armani ofer\u0103 o gam\u0103 larg\u0103 de ceasuri pentru orice eveniment \u0219i ocazie, de la cele sportive la cele clasice, adres\u00e2ndu-se unui public larg cu cerin\u021be diferite. Astfel, brandul se orienteaz\u0103 \u00een egal\u0103 m\u0103sur\u0103 at\u00e2t c\u0103tre b\u0103rba\u021bi, c\u00e2t \u0219i c\u0103tre femei.<\/p>\n<p>Folose\u0219te materiale de \u00eenalt\u0103 calitate, cum ar fi o\u021belul inoxidabil \u0219i ceramica, perle \u0219i cristale decorative de cea mai bun\u0103 calitate.<\/p>","protected":false},"excerpt":{"rendered":"<p>Prima colec\u021bie de ceasuri sub marca Emporio Armani a ap\u0103rut \u00een 1997. Emporio Armani ofer\u0103 o gam\u0103 larg\u0103 de ceasuri pentru orice eveniment \u0219i ocazie, de la cele sportive la cele clasice, adres\u00e2ndu-se unui public larg cu cerin\u021be diferite. Astfel, brandul se orienteaz\u0103 \u00een egal\u0103 m\u0103sur\u0103 at\u00e2t c\u0103tre b\u0103rba\u021bi, c\u00e2t \u0219i c\u0103tre femei. Folose\u0219te materiale [&hellip;]<\/p>\n","protected":false},"featured_media":46755,"comment_status":"closed","ping_status":"open","template":"","meta":{"_acf_changed":false},"product_brand":[],"product_cat":[20,617],"product_tag":[],"class_list":{"0":"post-46754","1":"product","2":"type-product","3":"status-publish","4":"has-post-thumbnail","6":"product_cat-ceasuri-barbati","7":"product_cat-emporio-armani","8":"pa_brand-emporio-armani","9":"pa_braslet-piele","10":"pa_corpus-41-mm","11":"pa_forma-rotund","12":"pa_garatia-24-luni","13":"pa_korpus-argintiu","14":"pa_kvarc-quartz","15":"pa_material-otel-inoxidabil","16":"pa_mehanizm-quartz","17":"pa_remeshok-negru","18":"pa_steklo-cristal-mineral","19":"pa_strana-italia","20":"pa_voda-5-atm","22":"first","23":"instock","24":"purchasable","25":"product-type-simple"},"acf":[],"_links":{"self":[{"href":"https:\/\/ceasuri.md\/ru\/wp-json\/wp\/v2\/product\/46754","targetHints":{"allow":["GET"]}}],"collection":[{"href":"https:\/\/ceasuri.md\/ru\/wp-json\/wp\/v2\/product"}],"about":[{"href":"https:\/\/ceasuri.md\/ru\/wp-json\/wp\/v2\/types\/product"}],"replies":[{"embeddable":true,"href":"https:\/\/ceasuri.md\/ru\/wp-json\/wp\/v2\/comments?post=46754"}],"wp:featuredmedia":[{"embeddable":true,"href":"https:\/\/ceasuri.md\/ru\/wp-json\/wp\/v2\/media\/46755"}],"wp:attachment":[{"href":"https:\/\/ceasuri.md\/ru\/wp-json\/wp\/v2\/media?parent=46754"}],"wp:term":[{"taxonomy":"product_brand","embeddable":true,"href":"https:\/\/ceasuri.md\/ru\/wp-json\/wp\/v2\/product_brand?post=46754"},{"taxonomy":"product_cat","embeddable":true,"href":"https:\/\/ceasuri.md\/ru\/wp-json\/wp\/v2\/product_cat?post=46754"},{"taxonomy":"product_tag","embeddable":true,"href":"https:\/\/ceasuri.md\/ru\/wp-json\/wp\/v2\/product_tag?post=46754"}],"curies":[{"name":"wp","href":"https:\/\/api.w.org\/{rel}","templated":true}]}}