{"id":46730,"date":"2026-04-02T22:49:53","date_gmt":"2026-04-02T19:49:53","guid":{"rendered":"http:\/\/new.ceasuri.md\/shop\/uncategorized\/lancaster-pla-gl-m-009-mc\/"},"modified":"2026-04-20T00:30:41","modified_gmt":"2026-04-19T21:30:41","slug":"lancaster-pla-gl-m-009-mc","status":"publish","type":"product","link":"https:\/\/ceasuri.md\/ru\/shop\/accesorii\/accesorii-dama\/portofel\/lancaster-pla-gl-m-009-mc\/","title":{"rendered":"LANCASTER PLA\/GL\/M\/009\/MC"},"content":{"rendered":"<p>Arunca\u021bi o privire la portofelul LANCASTER. Forma, alegerea culorilor \u0219i finisajul deosebit al designului v\u0103 vor face s\u0103 v\u0103 \u00eendr\u0103gosti\u021bi de acest portofel foarte elegant.<\/p>\n<p>Toate modelele Lancaster sunt realizate folosind BICAST (folie de piele) \u0219i un model din piele de stru\u021b. Accesorii metalice, inclusiv logo-ul de pe plac\u0103, de culoare aurie.<\/p>","protected":false},"excerpt":{"rendered":"<p>Arunca\u021bi o privire la portofelul LANCASTER. Forma, alegerea culorilor \u0219i finisajul deosebit al designului v\u0103 vor face s\u0103 v\u0103 \u00eendr\u0103gosti\u021bi de acest portofel foarte elegant. Toate modelele Lancaster sunt realizate folosind BICAST (folie de piele) \u0219i un model din piele de stru\u021b. Accesorii metalice, inclusiv logo-ul de pe plac\u0103, de culoare aurie.<\/p>","protected":false},"featured_media":46731,"comment_status":"closed","ping_status":"open","template":"","meta":{"_acf_changed":false},"product_brand":[],"product_cat":[118,623,22,604],"product_tag":[],"class_list":{"0":"post-46730","1":"product","2":"type-product","3":"status-publish","4":"has-post-thumbnail","6":"product_cat-lancaster","7":"product_cat-portofel","8":"product_cat-sale","9":"product_cat-sale-bijuterii-dama","10":"pa_brand-lancaster","11":"pa_korpus-maro","12":"pa_material-piele","13":"pa_strana-italia","15":"first","16":"instock","17":"sale","18":"purchasable","19":"product-type-simple"},"acf":[],"_links":{"self":[{"href":"https:\/\/ceasuri.md\/ru\/wp-json\/wp\/v2\/product\/46730","targetHints":{"allow":["GET"]}}],"collection":[{"href":"https:\/\/ceasuri.md\/ru\/wp-json\/wp\/v2\/product"}],"about":[{"href":"https:\/\/ceasuri.md\/ru\/wp-json\/wp\/v2\/types\/product"}],"replies":[{"embeddable":true,"href":"https:\/\/ceasuri.md\/ru\/wp-json\/wp\/v2\/comments?post=46730"}],"wp:featuredmedia":[{"embeddable":true,"href":"https:\/\/ceasuri.md\/ru\/wp-json\/wp\/v2\/media\/46731"}],"wp:attachment":[{"href":"https:\/\/ceasuri.md\/ru\/wp-json\/wp\/v2\/media?parent=46730"}],"wp:term":[{"taxonomy":"product_brand","embeddable":true,"href":"https:\/\/ceasuri.md\/ru\/wp-json\/wp\/v2\/product_brand?post=46730"},{"taxonomy":"product_cat","embeddable":true,"href":"https:\/\/ceasuri.md\/ru\/wp-json\/wp\/v2\/product_cat?post=46730"},{"taxonomy":"product_tag","embeddable":true,"href":"https:\/\/ceasuri.md\/ru\/wp-json\/wp\/v2\/product_tag?post=46730"}],"curies":[{"name":"wp","href":"https:\/\/api.w.org\/{rel}","templated":true}]}}