{"id":46693,"date":"2026-04-02T22:49:44","date_gmt":"2026-04-02T19:49:44","guid":{"rendered":"http:\/\/new.ceasuri.md\/shop\/uncategorized\/richelieu-mri-3002-05-901\/"},"modified":"2026-04-07T04:19:47","modified_gmt":"2026-04-07T01:19:47","slug":"richelieu-mri-3002-05-901","status":"publish","type":"product","link":"https:\/\/ceasuri.md\/ru\/shop\/uncategorized\/richelieu-mri-3002-05-901\/","title":{"rendered":"RICHELIEU MRI 3002 05 901"},"content":{"rendered":"<p>Marca elve\u021bian\u0103 de orologerie Richelieu s-a n\u0103scut \u00een 1966, an \u00een care au fost distribuite primele ceasuri care poart\u0103 acest nume.<\/p>\n<p>companie este situat\u0103 \u00een Les Genevez, \u00een regiunea Jura, chiar \u00een inima industriei orologere elve\u021biene.<\/p>\n<p>Richelieu ofer\u0103 o gam\u0103 larg\u0103 de ceasuri clasice \u0219i de mod\u0103 fabricate \u00een Elve\u021bia.<\/p>\n<p>Fiecare ceas este supus unei serii de inspec\u021bii foarte stricte \u0219i meticuloase \u00eenainte de a fi pus \u00een v\u00e2nzare, pentru a putea garanta o calitate \u0219i o finisare irepro\u0219abile.<\/p>","protected":false},"excerpt":{"rendered":"<p>Marca elve\u021bian\u0103 de orologerie Richelieu s-a n\u0103scut \u00een 1966, an \u00een care au fost distribuite primele ceasuri care poart\u0103 acest nume. companie este situat\u0103 \u00een Les Genevez, \u00een regiunea Jura, chiar \u00een inima industriei orologere elve\u021biene. Richelieu ofer\u0103 o gam\u0103 larg\u0103 de ceasuri clasice \u0219i de mod\u0103 fabricate \u00een Elve\u021bia. Fiecare ceas este supus unei [&hellip;]<\/p>\n","protected":false},"featured_media":0,"comment_status":"closed","ping_status":"open","template":"","meta":{"_acf_changed":false},"product_brand":[],"product_cat":[15],"product_tag":[],"class_list":{"0":"post-46693","1":"product","2":"type-product","3":"status-publish","5":"product_cat-uncategorized","6":"pa_garatia-6-luni","8":"first","9":"instock","10":"sale","11":"purchasable","12":"product-type-simple"},"acf":[],"_links":{"self":[{"href":"https:\/\/ceasuri.md\/ru\/wp-json\/wp\/v2\/product\/46693","targetHints":{"allow":["GET"]}}],"collection":[{"href":"https:\/\/ceasuri.md\/ru\/wp-json\/wp\/v2\/product"}],"about":[{"href":"https:\/\/ceasuri.md\/ru\/wp-json\/wp\/v2\/types\/product"}],"replies":[{"embeddable":true,"href":"https:\/\/ceasuri.md\/ru\/wp-json\/wp\/v2\/comments?post=46693"}],"wp:attachment":[{"href":"https:\/\/ceasuri.md\/ru\/wp-json\/wp\/v2\/media?parent=46693"}],"wp:term":[{"taxonomy":"product_brand","embeddable":true,"href":"https:\/\/ceasuri.md\/ru\/wp-json\/wp\/v2\/product_brand?post=46693"},{"taxonomy":"product_cat","embeddable":true,"href":"https:\/\/ceasuri.md\/ru\/wp-json\/wp\/v2\/product_cat?post=46693"},{"taxonomy":"product_tag","embeddable":true,"href":"https:\/\/ceasuri.md\/ru\/wp-json\/wp\/v2\/product_tag?post=46693"}],"curies":[{"name":"wp","href":"https:\/\/api.w.org\/{rel}","templated":true}]}}