{"id":46688,"date":"2026-04-02T22:49:16","date_gmt":"2026-04-02T19:49:16","guid":{"rendered":"http:\/\/new.ceasuri.md\/shop\/uncategorized\/rotary-lb02230-07ssw\/"},"modified":"2026-04-07T04:19:45","modified_gmt":"2026-04-07T01:19:45","slug":"rotary-lb02230-07ssw","status":"publish","type":"product","link":"https:\/\/ceasuri.md\/ru\/shop\/branduri\/rotary\/rotary-lb02230-07ssw\/","title":{"rendered":"Ceas ROTARY LB02230\/07S(SW)"},"content":{"rendered":"<p>Aceste ceasuri sofisticate de dam\u0103 Rotary sunt o expresie a luxului \u0219i elegan\u021bei. Fiecare aspect al acestui accesoriu a fost meticulos conceput pentru a oferi nu doar un instrument de m\u0103surare a timpului, ci \u0219i o bijuterie splendid\u0103 pentru \u00eencheietura m\u00e2inii.<\/p>\n<p>Carcasa rectangular\u0103 elegant\u0103, \u00eempodobit\u0103 cu cristale str\u0103lucitoare, adaug\u0103 un sentiment de opulen\u021b\u0103.<\/p>\n<p>Cadranul argintiu cu indicatoare \u0219i cifre subtile negre creeaz\u0103 un contrast distinct \u0219i faciliteaz\u0103 citirea orei.<\/p>\n<p>Br\u0103\u021bara metalic\u0103 \u00een ton cu carcasa, prev\u0103zut\u0103 cu o \u00eenchiz\u0103toare confortabil\u0103, asigur\u0103 o fixare sigur\u0103 \u0219i pl\u0103cut\u0103 pe \u00eencheietura m\u00e2inii.<\/p>\n<p>Geam de safir rezistent la zg\u00e2rieturi protejeaz\u0103 cadranul \u0219i garanteaz\u0103 durabilitatea.<\/p>\n<p>Potrivit pentru uzul zilnic \u0219i rezistent la stropirea accidental\u0103 cu ap\u0103.<\/p>\n<p>Aceste ceasuri reprezint\u0103 alegerea perfect\u0103 pentru femeile care doresc s\u0103 adauge o not\u0103 de rafinament fiec\u0103rui aspect al \u021binutei lor. Ele nu sunt doar un complement al stilului personal, ci \u0219i un accent marcant care eviden\u021biaz\u0103 gustul rafinat \u0219i preferin\u021ba pentru calitate.<\/p>","protected":false},"excerpt":{"rendered":"<p>Aceste ceasuri sofisticate de dam\u0103 Rotary sunt o expresie a luxului \u0219i elegan\u021bei. Fiecare aspect al acestui accesoriu a fost meticulos conceput pentru a oferi nu doar un instrument de m\u0103surare a timpului, ci \u0219i o bijuterie splendid\u0103 pentru \u00eencheietura m\u00e2inii. Carcasa rectangular\u0103 elegant\u0103, \u00eempodobit\u0103 cu cristale str\u0103lucitoare, adaug\u0103 un sentiment de opulen\u021b\u0103. Cadranul argintiu [&hellip;]<\/p>\n","protected":false},"featured_media":46689,"comment_status":"closed","ping_status":"open","template":"","meta":{"_acf_changed":false},"product_brand":[],"product_cat":[25,601,26],"product_tag":[],"class_list":{"0":"post-46688","1":"product","2":"type-product","3":"status-publish","4":"has-post-thumbnail","6":"product_cat-ceasuri-dama","7":"product_cat-rotary","8":"product_cat-sale-ceas-de-dama","9":"pa_brand-rotary","10":"pa_braslet-otel-inoxidabil","11":"pa_corpus-14x22mm","12":"pa_decor-diamante","13":"pa_forma-dreptunghiular","14":"pa_garatia-6-luni","15":"pa_korpus-argintiu","16":"pa_material-otel-inoxidabil","17":"pa_mehanizm-quartz","18":"pa_remeshok-argintiu","19":"pa_steklo-cristal-safir","20":"pa_strana-elvetia","21":"pa_voda-5-atm","23":"first","24":"instock","25":"sale","26":"purchasable","27":"product-type-simple"},"acf":[],"_links":{"self":[{"href":"https:\/\/ceasuri.md\/ru\/wp-json\/wp\/v2\/product\/46688","targetHints":{"allow":["GET"]}}],"collection":[{"href":"https:\/\/ceasuri.md\/ru\/wp-json\/wp\/v2\/product"}],"about":[{"href":"https:\/\/ceasuri.md\/ru\/wp-json\/wp\/v2\/types\/product"}],"replies":[{"embeddable":true,"href":"https:\/\/ceasuri.md\/ru\/wp-json\/wp\/v2\/comments?post=46688"}],"wp:featuredmedia":[{"embeddable":true,"href":"https:\/\/ceasuri.md\/ru\/wp-json\/wp\/v2\/media\/46689"}],"wp:attachment":[{"href":"https:\/\/ceasuri.md\/ru\/wp-json\/wp\/v2\/media?parent=46688"}],"wp:term":[{"taxonomy":"product_brand","embeddable":true,"href":"https:\/\/ceasuri.md\/ru\/wp-json\/wp\/v2\/product_brand?post=46688"},{"taxonomy":"product_cat","embeddable":true,"href":"https:\/\/ceasuri.md\/ru\/wp-json\/wp\/v2\/product_cat?post=46688"},{"taxonomy":"product_tag","embeddable":true,"href":"https:\/\/ceasuri.md\/ru\/wp-json\/wp\/v2\/product_tag?post=46688"}],"curies":[{"name":"wp","href":"https:\/\/api.w.org\/{rel}","templated":true}]}}