{"id":46686,"date":"2026-04-02T22:49:16","date_gmt":"2026-04-02T19:49:16","guid":{"rendered":"http:\/\/new.ceasuri.md\/shop\/uncategorized\/storm-bex-ring-k\/"},"modified":"2026-04-07T04:19:44","modified_gmt":"2026-04-07T01:19:44","slug":"storm-bex-ring-k","status":"publish","type":"product","link":"https:\/\/ceasuri.md\/ru\/shop\/accesorii\/accesorii-dama\/inele\/storm-bex-ring-k\/","title":{"rendered":"STORM BEX RING K"},"content":{"rendered":"<p>STORM este o marc\u0103 britanic\u0103 specializat\u0103 \u00een ceasuri de m\u00e2n\u0103, bijuterii \u0219i accesorii. A fost fondat\u0103 \u00een 1989 la Londra.<\/p>\n<p>Specialitatea m\u0103rcii este combina\u021bia dintre calitatea clasic\u0103, designul elegant \u0219i neobi\u0219nuit \u0219i pre\u021bul accesibil.<\/p>","protected":false},"excerpt":{"rendered":"<p>STORM este o marc\u0103 britanic\u0103 specializat\u0103 \u00een ceasuri de m\u00e2n\u0103, bijuterii \u0219i accesorii. A fost fondat\u0103 \u00een 1989 la Londra. Specialitatea m\u0103rcii este combina\u021bia dintre calitatea clasic\u0103, designul elegant \u0219i neobi\u0219nuit \u0219i pre\u021bul accesibil.<\/p>","protected":false},"featured_media":46687,"comment_status":"closed","ping_status":"open","template":"","meta":{"_acf_changed":false},"product_brand":[],"product_cat":[586,22,604,394],"product_tag":[],"class_list":{"0":"post-46686","1":"product","2":"type-product","3":"status-publish","4":"has-post-thumbnail","6":"product_cat-inele","7":"product_cat-sale","8":"product_cat-sale-bijuterii-dama","9":"product_cat-storm","10":"pa_brand-storm","11":"pa_corpus-16-mm","12":"pa_decor-zirconiu","13":"pa_korpus-argintiu","14":"pa_material-otel-inoxidabil","15":"pa_strana-marea-britanie","17":"first","18":"instock","19":"sale","20":"purchasable","21":"product-type-simple"},"acf":[],"_links":{"self":[{"href":"https:\/\/ceasuri.md\/ru\/wp-json\/wp\/v2\/product\/46686","targetHints":{"allow":["GET"]}}],"collection":[{"href":"https:\/\/ceasuri.md\/ru\/wp-json\/wp\/v2\/product"}],"about":[{"href":"https:\/\/ceasuri.md\/ru\/wp-json\/wp\/v2\/types\/product"}],"replies":[{"embeddable":true,"href":"https:\/\/ceasuri.md\/ru\/wp-json\/wp\/v2\/comments?post=46686"}],"wp:featuredmedia":[{"embeddable":true,"href":"https:\/\/ceasuri.md\/ru\/wp-json\/wp\/v2\/media\/46687"}],"wp:attachment":[{"href":"https:\/\/ceasuri.md\/ru\/wp-json\/wp\/v2\/media?parent=46686"}],"wp:term":[{"taxonomy":"product_brand","embeddable":true,"href":"https:\/\/ceasuri.md\/ru\/wp-json\/wp\/v2\/product_brand?post=46686"},{"taxonomy":"product_cat","embeddable":true,"href":"https:\/\/ceasuri.md\/ru\/wp-json\/wp\/v2\/product_cat?post=46686"},{"taxonomy":"product_tag","embeddable":true,"href":"https:\/\/ceasuri.md\/ru\/wp-json\/wp\/v2\/product_tag?post=46686"}],"curies":[{"name":"wp","href":"https:\/\/api.w.org\/{rel}","templated":true}]}}