{"id":46679,"date":"2022-12-20T14:17:16","date_gmt":"2022-12-20T12:17:16","guid":{"rendered":"http:\/\/new.ceasuri.md\/shop\/uncategorized\/%d0%b0%d0%ba%d1%81%d0%b5%d1%81%d1%81%d1%83%d0%b0%d1%80%d1%8b-skagen-%d0%b1%d1%80%d0%b5%d0%bb%d0%be%d0%ba\/"},"modified":"2026-05-01T17:22:47","modified_gmt":"2026-05-01T14:22:47","slug":"%d0%b0%d0%ba%d1%81%d0%b5%d1%81%d1%81%d1%83%d0%b0%d1%80%d1%8b-skagen-%d0%b1%d1%80%d0%b5%d0%bb%d0%be%d0%ba","status":"publish","type":"product","link":"https:\/\/ceasuri.md\/ru\/shop\/accesorii\/accesorii-barbati\/%d0%b0%d0%ba%d1%81%d0%b5%d1%81%d1%81%d1%83%d0%b0%d1%80%d1%8b-skagen-%d0%b1%d1%80%d0%b5%d0%bb%d0%be%d0%ba\/","title":{"rendered":"\u0410\u043a\u0441\u0435\u0441\u0441\u0443\u0430\u0440\u044b Skagen \u0411\u0440\u0435\u043b\u043e\u043a"},"content":{"rendered":"<p>C\u0103uta\u021bi un accesoriu elegant pentru a v\u0103 \u00eembun\u0103t\u0103\u021bi aspectul unic? Acest accesoriu rafinat este fabricat din metal de culoare aurie, ceea ce \u00eei confer\u0103 un aspect deosebit de durabil \u0219i rafinat.<\/p>\n<p>Acest breloc nu este doar un accesoriu elegant, ci \u0219i un articol func\u021bional. Este perfect pentru cheile sau valiza dumneavoastr\u0103, ajut\u00e2ndu-v\u0103 s\u0103 nu v\u0103 pierde\u021bi \u00een agita\u021bia vie\u021bii de zi cu zi. Datorit\u0103 formei sale confortabile \u0219i fitingurilor metalice durabile, pute\u021bi fi sigur de fiabilitatea acestui accesoriu.<\/p>","protected":false},"excerpt":{"rendered":"<p>C\u0103uta\u021bi un accesoriu elegant pentru a v\u0103 \u00eembun\u0103t\u0103\u021bi aspectul unic? Acest accesoriu rafinat este fabricat din metal de culoare aurie, ceea ce \u00eei confer\u0103 un aspect deosebit de durabil \u0219i rafinat. Acest breloc nu este doar un accesoriu elegant, ci \u0219i un articol func\u021bional. Este perfect pentru cheile sau valiza dumneavoastr\u0103, ajut\u00e2ndu-v\u0103 s\u0103 nu v\u0103 [&hellip;]<\/p>\n","protected":false},"featured_media":46680,"comment_status":"closed","ping_status":"open","template":"","meta":{"_acf_changed":false},"product_brand":[],"product_cat":[581,576,297],"product_tag":[],"class_list":{"0":"post-46679","1":"product","2":"type-product","3":"status-publish","4":"has-post-thumbnail","6":"product_cat-accesorii-barbati","7":"product_cat-accesorii-dama","8":"product_cat-skagen","9":"pa_brand-skagen","10":"pa_forma-rotund","11":"pa_korpus-auriu","12":"pa_material-otel-inoxidabil","13":"pa_strana-danemarca","15":"first","16":"instock","17":"purchasable","18":"product-type-simple"},"acf":[],"_links":{"self":[{"href":"https:\/\/ceasuri.md\/ru\/wp-json\/wp\/v2\/product\/46679","targetHints":{"allow":["GET"]}}],"collection":[{"href":"https:\/\/ceasuri.md\/ru\/wp-json\/wp\/v2\/product"}],"about":[{"href":"https:\/\/ceasuri.md\/ru\/wp-json\/wp\/v2\/types\/product"}],"replies":[{"embeddable":true,"href":"https:\/\/ceasuri.md\/ru\/wp-json\/wp\/v2\/comments?post=46679"}],"wp:featuredmedia":[{"embeddable":true,"href":"https:\/\/ceasuri.md\/ru\/wp-json\/wp\/v2\/media\/46680"}],"wp:attachment":[{"href":"https:\/\/ceasuri.md\/ru\/wp-json\/wp\/v2\/media?parent=46679"}],"wp:term":[{"taxonomy":"product_brand","embeddable":true,"href":"https:\/\/ceasuri.md\/ru\/wp-json\/wp\/v2\/product_brand?post=46679"},{"taxonomy":"product_cat","embeddable":true,"href":"https:\/\/ceasuri.md\/ru\/wp-json\/wp\/v2\/product_cat?post=46679"},{"taxonomy":"product_tag","embeddable":true,"href":"https:\/\/ceasuri.md\/ru\/wp-json\/wp\/v2\/product_tag?post=46679"}],"curies":[{"name":"wp","href":"https:\/\/api.w.org\/{rel}","templated":true}]}}