{"id":46649,"date":"2026-04-02T22:49:16","date_gmt":"2026-04-02T19:49:16","guid":{"rendered":"http:\/\/new.ceasuri.md\/shop\/uncategorized\/orient-contemporary-ra-ac0f08g30b\/"},"modified":"2026-04-07T04:19:35","modified_gmt":"2026-04-07T01:19:35","slug":"orient-contemporary-ra-ac0f08g30b","status":"publish","type":"product","link":"https:\/\/ceasuri.md\/ru\/shop\/branduri\/orient\/orient-contemporary-ra-ac0f08g30b\/","title":{"rendered":"Ceas ORIENT CONTEMPORARY RA-AC0F08G30B"},"content":{"rendered":"<p>Orient este un brand japonez puternic, bazat pe valoare, iubit de forumuri de ceasuri \u0219i de fanaticii de epoc\u0103. Cele mai cunoscute referin\u021be sunt incursiunile \u00eendr\u0103zne\u021be din anii 70 \u00een lumea colorat\u0103 a cadranelor cu degradeuri \u0219i calendare multianuale.<\/p>\n<p>\u00cen timp ce unirea cu Epson, la \u00eenceputul anilor 70, a adus ceasurile Orient sub aripile puternice ale corpora\u021biei Seiko, acestea au r\u0103mas fidele propriei c\u0103i de design japonez \u0219i valoare mare, consolid\u00e2ndu-\u0219i pozi\u021bia pe pia\u021ba asiatic\u0103.<\/p>\n<p>Dar \u00een partea de vest, ei r\u0103m\u00e2n un fel de secret care merit\u0103 s\u0103 fie descoperit. Orient s-a bucurat de o ascensiune \u00een anii 2000 cu forma clasic\u0103 \u0219i calibrele mecanice ale gamei Bambino, \u00een timp ce scufund\u0103torii Mako sunt v\u0103zu\u021bi ca o alternativ\u0103 valoroas\u0103 la omniprezentele Seiko SKX \u00een SUA. Ca \u0219i Seiko, cartea de vizit\u0103 a m\u0103rcii sunt scufund\u0103torii puternici cu mi\u0219c\u0103ri mecanice solide.<\/p>","protected":false},"excerpt":{"rendered":"<p>Orient este un brand japonez puternic, bazat pe valoare, iubit de forumuri de ceasuri \u0219i de fanaticii de epoc\u0103. Cele mai cunoscute referin\u021be sunt incursiunile \u00eendr\u0103zne\u021be din anii 70 \u00een lumea colorat\u0103 a cadranelor cu degradeuri \u0219i calendare multianuale. \u00cen timp ce unirea cu Epson, la \u00eenceputul anilor 70, a adus ceasurile Orient sub aripile [&hellip;]<\/p>\n","protected":false},"featured_media":46650,"comment_status":"closed","ping_status":"open","template":"","meta":{"_acf_changed":false},"product_brand":[],"product_cat":[20,596],"product_tag":[],"class_list":{"0":"post-46649","1":"product","2":"type-product","3":"status-publish","4":"has-post-thumbnail","6":"product_cat-ceasuri-barbati","7":"product_cat-orient","8":"pa_brand-orient","9":"pa_braslet-otel-inoxidabil","10":"pa_corpus-42-mm","11":"pa_forma-rotund","12":"pa_funcii-data","13":"pa_garatia-24-luni","14":"pa_korpus-bicolor","15":"pa_material-otel-inoxidabil","16":"pa_mehanizm-mecanic","17":"pa_mehanizm-mecanism-automatic","18":"pa_remeshok-bicolor","19":"pa_steklo-cristal-safir","20":"pa_strana-japonia","21":"pa_voda-5-atm","23":"first","24":"instock","25":"purchasable","26":"product-type-simple"},"acf":[],"_links":{"self":[{"href":"https:\/\/ceasuri.md\/ru\/wp-json\/wp\/v2\/product\/46649","targetHints":{"allow":["GET"]}}],"collection":[{"href":"https:\/\/ceasuri.md\/ru\/wp-json\/wp\/v2\/product"}],"about":[{"href":"https:\/\/ceasuri.md\/ru\/wp-json\/wp\/v2\/types\/product"}],"replies":[{"embeddable":true,"href":"https:\/\/ceasuri.md\/ru\/wp-json\/wp\/v2\/comments?post=46649"}],"wp:featuredmedia":[{"embeddable":true,"href":"https:\/\/ceasuri.md\/ru\/wp-json\/wp\/v2\/media\/46650"}],"wp:attachment":[{"href":"https:\/\/ceasuri.md\/ru\/wp-json\/wp\/v2\/media?parent=46649"}],"wp:term":[{"taxonomy":"product_brand","embeddable":true,"href":"https:\/\/ceasuri.md\/ru\/wp-json\/wp\/v2\/product_brand?post=46649"},{"taxonomy":"product_cat","embeddable":true,"href":"https:\/\/ceasuri.md\/ru\/wp-json\/wp\/v2\/product_cat?post=46649"},{"taxonomy":"product_tag","embeddable":true,"href":"https:\/\/ceasuri.md\/ru\/wp-json\/wp\/v2\/product_tag?post=46649"}],"curies":[{"name":"wp","href":"https:\/\/api.w.org\/{rel}","templated":true}]}}