{"id":46640,"date":"2022-12-20T14:10:48","date_gmt":"2022-12-20T12:10:48","guid":{"rendered":"http:\/\/new.ceasuri.md\/shop\/uncategorized\/orient-three-star-ra-ab0011b19b\/"},"modified":"2026-05-06T15:51:21","modified_gmt":"2026-05-06T12:51:21","slug":"orient-three-star-ra-ab0011b19b","status":"publish","type":"product","link":"https:\/\/ceasuri.md\/ru\/shop\/branduri\/orient\/orient-three-star-ra-ab0011b19b\/","title":{"rendered":"\u0427\u0430\u0441\u044b ORIENT THREE STAR RA-AB0011B19B"},"content":{"rendered":"<p>\u00cen prezent, Orient \u00ee\u0219i \u00eemparte produsele de ceasuri \u00een dou\u0103 sub-branduri &#8211; Orient proper \u0219i Orient Star, ceva mai scump. Fiecare dintre acestea, la r\u00e2ndul s\u0103u, con\u021bine familiile Classic \u0219i Contemporary, \u00een timp ce Orient are, de asemenea, o familie Sports \u00een catalogul s\u0103u de m\u0103rci.<\/p>\n<p>Modelele Classic sunt \u00eentruchiparea elegan\u021bei clasice, Contemporary are un design contemporan elegant, iar Orient Sports se adreseaz\u0103 persoanelor active.<\/p>\n<p>Ceasurile de m\u00e2n\u0103 Orient reprezint\u0103 un standard de referin\u021b\u0103 pentru calitate, fiabilitate \u0219i stabilitate, care va dura ani de zile.<\/p>","protected":false},"excerpt":{"rendered":"<p>\u00cen prezent, Orient \u00ee\u0219i \u00eemparte produsele de ceasuri \u00een dou\u0103 sub-branduri &#8211; Orient proper \u0219i Orient Star, ceva mai scump. Fiecare dintre acestea, la r\u00e2ndul s\u0103u, con\u021bine familiile Classic \u0219i Contemporary, \u00een timp ce Orient are, de asemenea, o familie Sports \u00een catalogul s\u0103u de m\u0103rci. Modelele Classic sunt \u00eentruchiparea elegan\u021bei clasice, Contemporary are un [&hellip;]<\/p>\n","protected":false},"featured_media":46641,"comment_status":"closed","ping_status":"open","template":"","meta":{"_acf_changed":false},"product_brand":[],"product_cat":[20,596],"product_tag":[],"class_list":{"0":"post-46640","1":"product","2":"type-product","3":"status-publish","4":"has-post-thumbnail","6":"product_cat-ceasuri-barbati","7":"product_cat-orient","8":"pa_brand-orient","9":"pa_braslet-otel-inoxidabil","10":"pa_corpus-43-mm","11":"pa_forma-rotund","12":"pa_funcii-data","13":"pa_funcii-ziua-saptamanii","14":"pa_garatia-24-luni","15":"pa_korpus-argintiu","16":"pa_material-otel-inoxidabil","17":"pa_mehanizm-mecanic","18":"pa_mehanizm-mecanism-automatic","19":"pa_remeshok-argintiu","20":"pa_remeshok-auriu","21":"pa_steklo-cristal-mineral","22":"pa_strana-japonia","23":"pa_voda-5-atm","25":"first","26":"outofstock","27":"purchasable","28":"product-type-simple"},"acf":[],"_links":{"self":[{"href":"https:\/\/ceasuri.md\/ru\/wp-json\/wp\/v2\/product\/46640","targetHints":{"allow":["GET"]}}],"collection":[{"href":"https:\/\/ceasuri.md\/ru\/wp-json\/wp\/v2\/product"}],"about":[{"href":"https:\/\/ceasuri.md\/ru\/wp-json\/wp\/v2\/types\/product"}],"replies":[{"embeddable":true,"href":"https:\/\/ceasuri.md\/ru\/wp-json\/wp\/v2\/comments?post=46640"}],"wp:featuredmedia":[{"embeddable":true,"href":"https:\/\/ceasuri.md\/ru\/wp-json\/wp\/v2\/media\/46641"}],"wp:attachment":[{"href":"https:\/\/ceasuri.md\/ru\/wp-json\/wp\/v2\/media?parent=46640"}],"wp:term":[{"taxonomy":"product_brand","embeddable":true,"href":"https:\/\/ceasuri.md\/ru\/wp-json\/wp\/v2\/product_brand?post=46640"},{"taxonomy":"product_cat","embeddable":true,"href":"https:\/\/ceasuri.md\/ru\/wp-json\/wp\/v2\/product_cat?post=46640"},{"taxonomy":"product_tag","embeddable":true,"href":"https:\/\/ceasuri.md\/ru\/wp-json\/wp\/v2\/product_tag?post=46640"}],"curies":[{"name":"wp","href":"https:\/\/api.w.org\/{rel}","templated":true}]}}