{"id":46627,"date":"2022-12-20T14:09:00","date_gmt":"2022-12-20T12:09:00","guid":{"rendered":"http:\/\/new.ceasuri.md\/shop\/uncategorized\/casio-edifice-efs-s600d-1a2\/"},"modified":"2026-05-01T17:21:53","modified_gmt":"2026-05-01T14:21:53","slug":"casio-edifice-efs-s600d-1a2","status":"publish","type":"product","link":"https:\/\/ceasuri.md\/ru\/shop\/branduri\/casio\/casio-edifice-efs-s600d-1a2\/","title":{"rendered":"\u0427\u0430\u0441\u044b CASIO EDIFICE EFS-S600D-1A2"},"content":{"rendered":"<p>Un accesoriu sportiv de la Casio pentru a v\u0103 \u00eempinge la noi \u00een\u0103l\u021bimi.<\/p>\n<p>Func\u021bioneaz\u0103 cu energie solar\u0103, indicator de \u00eenc\u0103rcare a bateriei.<\/p>\n<p>Stratul nereflectorizant de acumulare a luminii asigur\u0103 o str\u0103lucire de lung\u0103 durat\u0103 \u00een \u00eentuneric, chiar \u0219i dup\u0103 o scurt\u0103 expunere la lumin\u0103.<\/p>\n<p>Ceas cronograf cu cronometru. Cronometru cu precizie de 1 secund\u0103 \u0219i timp de m\u0103surare de 30 min.<\/p>\n<p>Cadran cu semne de liniu\u021b\u0103. Fereastr\u0103 pentru dat\u0103 \u00eentre reperele orei 4 \u0219i 5.<\/p>\n<p>Coroan\u0103 de \u00eenf\u0103\u0219urare cu protec\u021bie. \u00cenchidere cu \u0219urub pe spatele carcasei.<\/p>\n<p>Rezistent la ap\u0103 \u00een conformitate cu ISO 22810.<\/p>\n<p>\u00cencuietorul de siguran\u021b\u0103 de pe br\u0103\u021bar\u0103 previne desfacerea accidental\u0103. \u00cenchidere deployant\u0103 cu o singur\u0103 atingere.<\/p>","protected":false},"excerpt":{"rendered":"<p>Un accesoriu sportiv de la Casio pentru a v\u0103 \u00eempinge la noi \u00een\u0103l\u021bimi. Func\u021bioneaz\u0103 cu energie solar\u0103, indicator de \u00eenc\u0103rcare a bateriei. Stratul nereflectorizant de acumulare a luminii asigur\u0103 o str\u0103lucire de lung\u0103 durat\u0103 \u00een \u00eentuneric, chiar \u0219i dup\u0103 o scurt\u0103 expunere la lumin\u0103. Ceas cronograf cu cronometru. Cronometru cu precizie de 1 secund\u0103 \u0219i [&hellip;]<\/p>\n","protected":false},"featured_media":46628,"comment_status":"closed","ping_status":"open","template":"","meta":{"_acf_changed":false},"product_brand":[],"product_cat":[27,20,536],"product_tag":[],"class_list":{"0":"post-46627","1":"product","2":"type-product","3":"status-publish","4":"has-post-thumbnail","6":"product_cat-casio","7":"product_cat-ceasuri-barbati","8":"product_cat-edifice","9":"pa_brand-casio","10":"pa_brand-edifice","11":"pa_braslet-otel-inoxidabil","12":"pa_corpus-48-mm","13":"pa_forma-rotund","14":"pa_funcii-cronograf","15":"pa_funcii-data","16":"pa_funcii-rezerva-de-energie","17":"pa_garatia-24-luni","18":"pa_korpus-albastru-inchis","19":"pa_korpus-argintiu","20":"pa_kvarc-quartz","21":"pa_material-otel-inoxidabil","22":"pa_mehanizm-baterie-solara","23":"pa_remeshok-argintiu","24":"pa_steklo-cristal-safir","25":"pa_strana-japonia","26":"pa_voda-10-atm","28":"first","29":"instock","30":"purchasable","31":"product-type-simple"},"acf":[],"_links":{"self":[{"href":"https:\/\/ceasuri.md\/ru\/wp-json\/wp\/v2\/product\/46627","targetHints":{"allow":["GET"]}}],"collection":[{"href":"https:\/\/ceasuri.md\/ru\/wp-json\/wp\/v2\/product"}],"about":[{"href":"https:\/\/ceasuri.md\/ru\/wp-json\/wp\/v2\/types\/product"}],"replies":[{"embeddable":true,"href":"https:\/\/ceasuri.md\/ru\/wp-json\/wp\/v2\/comments?post=46627"}],"wp:featuredmedia":[{"embeddable":true,"href":"https:\/\/ceasuri.md\/ru\/wp-json\/wp\/v2\/media\/46628"}],"wp:attachment":[{"href":"https:\/\/ceasuri.md\/ru\/wp-json\/wp\/v2\/media?parent=46627"}],"wp:term":[{"taxonomy":"product_brand","embeddable":true,"href":"https:\/\/ceasuri.md\/ru\/wp-json\/wp\/v2\/product_brand?post=46627"},{"taxonomy":"product_cat","embeddable":true,"href":"https:\/\/ceasuri.md\/ru\/wp-json\/wp\/v2\/product_cat?post=46627"},{"taxonomy":"product_tag","embeddable":true,"href":"https:\/\/ceasuri.md\/ru\/wp-json\/wp\/v2\/product_tag?post=46627"}],"curies":[{"name":"wp","href":"https:\/\/api.w.org\/{rel}","templated":true}]}}