{"id":46599,"date":"2026-04-02T22:48:09","date_gmt":"2026-04-02T19:48:09","guid":{"rendered":"http:\/\/new.ceasuri.md\/shop\/uncategorized\/casio-collection-lwa-300hrg-5\/"},"modified":"2026-04-20T00:09:28","modified_gmt":"2026-04-19T21:09:28","slug":"casio-collection-lwa-300hrg-5","status":"publish","type":"product","link":"https:\/\/ceasuri.md\/ru\/shop\/branduri\/casio\/casio-collection-lwa-300hrg-5\/","title":{"rendered":"Ceas CASIO COLLECTION LWA-300HRG-5"},"content":{"rendered":"<p>Casio a analizat cu aten\u021bie viitorul ceasului de m\u00e2n\u0103, cu scopul de a crea ceasuri care s\u0103 fie potrivite pentru o gam\u0103 larg\u0103 de utiliz\u0103ri \u0219i s\u0103 afi\u0219eze ora cu cea mai mare precizie.<\/p>\n<p>Casio acord\u0103 o aten\u021bie deosebit\u0103 fiec\u0103rui detaliu, folosind poten\u021bialul latent nelimitat al electronicii \u0219i introduc\u00e2nd tehnologii care nu sunt disponibile pentru al\u021bi produc\u0103tori.<\/p>\n<p>Casio dep\u0103\u0219e\u0219te g\u00e2ndirea obi\u0219nuit\u0103 \u00een crearea de ceasuri noi \u0219i ia cele mai \u00eendr\u0103zne\u021be decizii \u00een acest proces.<\/p>","protected":false},"excerpt":{"rendered":"<p>Casio a analizat cu aten\u021bie viitorul ceasului de m\u00e2n\u0103, cu scopul de a crea ceasuri care s\u0103 fie potrivite pentru o gam\u0103 larg\u0103 de utiliz\u0103ri \u0219i s\u0103 afi\u0219eze ora cu cea mai mare precizie. Casio acord\u0103 o aten\u021bie deosebit\u0103 fiec\u0103rui detaliu, folosind poten\u021bialul latent nelimitat al electronicii \u0219i introduc\u00e2nd tehnologii care nu sunt disponibile pentru [&hellip;]<\/p>\n","protected":false},"featured_media":46600,"comment_status":"closed","ping_status":"open","template":"","meta":{"_acf_changed":false},"product_brand":[],"product_cat":[27,20],"product_tag":[],"class_list":{"0":"post-46599","1":"product","2":"type-product","3":"status-publish","4":"has-post-thumbnail","6":"product_cat-casio","7":"product_cat-ceasuri-barbati","8":"pa_brand-casio","9":"pa_braslet-plastic","10":"pa_corpus-42-mm","11":"pa_forma-rotund","12":"pa_garatia-24-luni","13":"pa_korpus-roz-gold","14":"pa_kvarc-quartz","15":"pa_material-otel-inoxidabil","16":"pa_material-plastic","17":"pa_mehanizm-quartz","18":"pa_remeshok-negru","19":"pa_steklo-plastic","20":"pa_strana-japonia","21":"pa_voda-10-atm","23":"first","24":"instock","25":"purchasable","26":"product-type-simple"},"acf":[],"_links":{"self":[{"href":"https:\/\/ceasuri.md\/ru\/wp-json\/wp\/v2\/product\/46599","targetHints":{"allow":["GET"]}}],"collection":[{"href":"https:\/\/ceasuri.md\/ru\/wp-json\/wp\/v2\/product"}],"about":[{"href":"https:\/\/ceasuri.md\/ru\/wp-json\/wp\/v2\/types\/product"}],"replies":[{"embeddable":true,"href":"https:\/\/ceasuri.md\/ru\/wp-json\/wp\/v2\/comments?post=46599"}],"wp:featuredmedia":[{"embeddable":true,"href":"https:\/\/ceasuri.md\/ru\/wp-json\/wp\/v2\/media\/46600"}],"wp:attachment":[{"href":"https:\/\/ceasuri.md\/ru\/wp-json\/wp\/v2\/media?parent=46599"}],"wp:term":[{"taxonomy":"product_brand","embeddable":true,"href":"https:\/\/ceasuri.md\/ru\/wp-json\/wp\/v2\/product_brand?post=46599"},{"taxonomy":"product_cat","embeddable":true,"href":"https:\/\/ceasuri.md\/ru\/wp-json\/wp\/v2\/product_cat?post=46599"},{"taxonomy":"product_tag","embeddable":true,"href":"https:\/\/ceasuri.md\/ru\/wp-json\/wp\/v2\/product_tag?post=46599"}],"curies":[{"name":"wp","href":"https:\/\/api.w.org\/{rel}","templated":true}]}}