{"id":46589,"date":"2022-12-20T14:00:38","date_gmt":"2022-12-20T12:00:38","guid":{"rendered":"http:\/\/new.ceasuri.md\/shop\/uncategorized\/casio-edifice-efv-620d-1a2\/"},"modified":"2026-05-01T17:21:02","modified_gmt":"2026-05-01T14:21:02","slug":"casio-edifice-efv-620d-1a2","status":"publish","type":"product","link":"https:\/\/ceasuri.md\/ru\/shop\/branduri\/casio\/casio-edifice-efv-620d-1a2\/","title":{"rendered":"\u0427\u0430\u0441\u044b CASIO EDIFICE EFV-620D-1A2"},"content":{"rendered":"<p>Acest nou produs practic \u00eei va \u00eenc\u00e2nta cu siguran\u021b\u0103 pe fanii ceasurilor Edifice.<\/p>\n<p>Stratul nereflectorizant de acumulare a luminii asigur\u0103 o str\u0103lucire de lung\u0103 durat\u0103 \u00een \u00eentuneric, chiar \u0219i dup\u0103 o scurt\u0103 expunere la lumin\u0103.<\/p>\n<p>Ceas cronograf cu cronometru. Cronometru cu precizie de 1\/10s \u0219i timp de m\u0103surare de 1h.<\/p>\n<p>Cadran cu semne de liniu\u021b\u0103. Fereastr\u0103 pentru dat\u0103 la ora 4.<\/p>\n<p>Coroan\u0103 de \u00eenf\u0103\u0219urare cu protec\u021bie. \u00cenchidere cu \u0219urub pe spatele carcasei.<\/p>\n<p>Rezistent la ap\u0103 \u00een conformitate cu ISO 22810.<\/p>\n<p>\u00cencuietoarea de siguran\u021b\u0103 de pe br\u0103\u021bar\u0103 \u00eempiedic\u0103 desfacerea accidental\u0103. \u00cenchiz\u0103toare tripl\u0103 pliabil\u0103 care poate fi desf\u0103cut\u0103 cu o singur\u0103 atingere.<\/p>","protected":false},"excerpt":{"rendered":"<p>Acest nou produs practic \u00eei va \u00eenc\u00e2nta cu siguran\u021b\u0103 pe fanii ceasurilor Edifice. Stratul nereflectorizant de acumulare a luminii asigur\u0103 o str\u0103lucire de lung\u0103 durat\u0103 \u00een \u00eentuneric, chiar \u0219i dup\u0103 o scurt\u0103 expunere la lumin\u0103. Ceas cronograf cu cronometru. Cronometru cu precizie de 1\/10s \u0219i timp de m\u0103surare de 1h. Cadran cu semne de liniu\u021b\u0103. [&hellip;]<\/p>\n","protected":false},"featured_media":46590,"comment_status":"closed","ping_status":"open","template":"","meta":{"_acf_changed":false},"product_brand":[],"product_cat":[27,20,536],"product_tag":[],"class_list":{"0":"post-46589","1":"product","2":"type-product","3":"status-publish","4":"has-post-thumbnail","6":"product_cat-casio","7":"product_cat-ceasuri-barbati","8":"product_cat-edifice","9":"pa_brand-casio","10":"pa_brand-edifice","11":"pa_braslet-otel-inoxidabil","12":"pa_corpus-50-mm","13":"pa_forma-rotund","14":"pa_funcii-cronograf","15":"pa_funcii-data","16":"pa_garatia-24-luni","17":"pa_korpus-albastru-inchis","18":"pa_korpus-argintiu","19":"pa_kvarc-quartz","20":"pa_material-otel-inoxidabil","21":"pa_mehanizm-quartz","22":"pa_remeshok-argintiu","23":"pa_steklo-cristal-mineral","24":"pa_strana-japonia","25":"pa_voda-10-atm","27":"first","28":"instock","29":"purchasable","30":"product-type-simple"},"acf":[],"_links":{"self":[{"href":"https:\/\/ceasuri.md\/ru\/wp-json\/wp\/v2\/product\/46589","targetHints":{"allow":["GET"]}}],"collection":[{"href":"https:\/\/ceasuri.md\/ru\/wp-json\/wp\/v2\/product"}],"about":[{"href":"https:\/\/ceasuri.md\/ru\/wp-json\/wp\/v2\/types\/product"}],"replies":[{"embeddable":true,"href":"https:\/\/ceasuri.md\/ru\/wp-json\/wp\/v2\/comments?post=46589"}],"wp:featuredmedia":[{"embeddable":true,"href":"https:\/\/ceasuri.md\/ru\/wp-json\/wp\/v2\/media\/46590"}],"wp:attachment":[{"href":"https:\/\/ceasuri.md\/ru\/wp-json\/wp\/v2\/media?parent=46589"}],"wp:term":[{"taxonomy":"product_brand","embeddable":true,"href":"https:\/\/ceasuri.md\/ru\/wp-json\/wp\/v2\/product_brand?post=46589"},{"taxonomy":"product_cat","embeddable":true,"href":"https:\/\/ceasuri.md\/ru\/wp-json\/wp\/v2\/product_cat?post=46589"},{"taxonomy":"product_tag","embeddable":true,"href":"https:\/\/ceasuri.md\/ru\/wp-json\/wp\/v2\/product_tag?post=46589"}],"curies":[{"name":"wp","href":"https:\/\/api.w.org\/{rel}","templated":true}]}}