{"id":46489,"date":"2026-04-02T22:47:17","date_gmt":"2026-04-02T19:47:17","guid":{"rendered":"http:\/\/new.ceasuri.md\/shop\/uncategorized\/swiss-military-by-chrono-sm30200-27\/"},"modified":"2026-04-21T17:26:24","modified_gmt":"2026-04-21T14:26:24","slug":"swiss-military-by-chrono-sm30200-27","status":"publish","type":"product","link":"https:\/\/ceasuri.md\/ru\/shop\/branduri\/swiss-military\/swiss-military-by-chrono-sm30200-27\/","title":{"rendered":"\u0427\u0430\u0441\u044b SWISS MILITARY BY CHRONO QUARTZ WATCHES SM30200.27"},"content":{"rendered":"<p>Acest ceas clasic este un must-have \u00een colec\u021bia oric\u0103rui b\u0103rbat. Nu numai c\u0103 este partenerul perfect atemporal, dar poate fi asortat cu orice \u021binut\u0103 pe care o pute\u021bi \u00eent\u00e2lni.<\/p>\n<p>Carcasa elegant\u0103 \u00een dou\u0103 tonuri este fin periat pentru a ob\u021bine un finisaj mat, \u00een timp ce luneta este lustruit\u0103 \u0219i tratat\u0103 cu un strat PVD auriu pentru un aspect vizual atractiv.<\/p>\n<p>Un cadran negru cu cifre arabe \u0219i m\u00e2ini aurii completeaz\u0103 designul clasic al ceasului.<\/p>\n<p>Carcasa acestui ceas este confec\u021bionat\u0103 din o\u021bel inoxidabil rezistent \u0219i este completat\u0103 de o curea din piele neagr\u0103 natural\u0103. Un cristal de safir rezistent la zg\u00e2rieturi acoper\u0103 cadranul negru al ceasului.<\/p>\n<p>Toate indicatoarele orare, precum \u0219i acele orelor \u0219i minutelor sunt luminescente \u0219i str\u0103lucesc \u00een \u00eentuneric.<\/p>\n<p>Acest ceas este echipat cu o mi\u0219care de precizie cu cuar\u021b \u0219i este asamblat manual.<\/p>","protected":false},"excerpt":{"rendered":"<p>Acest ceas clasic este un must-have \u00een colec\u021bia oric\u0103rui b\u0103rbat. Nu numai c\u0103 este partenerul perfect atemporal, dar poate fi asortat cu orice \u021binut\u0103 pe care o pute\u021bi \u00eent\u00e2lni. Carcasa elegant\u0103 \u00een dou\u0103 tonuri este fin periat pentru a ob\u021bine un finisaj mat, \u00een timp ce luneta este lustruit\u0103 \u0219i tratat\u0103 cu un strat PVD [&hellip;]<\/p>\n","protected":false},"featured_media":46490,"comment_status":"closed","ping_status":"open","template":"","meta":{"_acf_changed":false},"product_brand":[],"product_cat":[20,572],"product_tag":[],"class_list":{"0":"post-46489","1":"product","2":"type-product","3":"status-publish","4":"has-post-thumbnail","6":"product_cat-ceasuri-barbati","7":"product_cat-swiss-military","8":"pa_brand-swiss-military","9":"pa_braslet-piele","10":"pa_corpus-39-mm","11":"pa_forma-rotund","12":"pa_funcii-data","13":"pa_garatia-24-luni","14":"pa_korpus-bicolor","15":"pa_kvarc-quartz","16":"pa_material-otel-inoxidabil","17":"pa_mehanizm-quartz","18":"pa_remeshok-negru","19":"pa_steklo-cristal-safir","20":"pa_strana-elvetia","21":"pa_voda-10-atm","23":"first","24":"instock","25":"purchasable","26":"product-type-simple"},"acf":[],"_links":{"self":[{"href":"https:\/\/ceasuri.md\/ru\/wp-json\/wp\/v2\/product\/46489","targetHints":{"allow":["GET"]}}],"collection":[{"href":"https:\/\/ceasuri.md\/ru\/wp-json\/wp\/v2\/product"}],"about":[{"href":"https:\/\/ceasuri.md\/ru\/wp-json\/wp\/v2\/types\/product"}],"replies":[{"embeddable":true,"href":"https:\/\/ceasuri.md\/ru\/wp-json\/wp\/v2\/comments?post=46489"}],"wp:featuredmedia":[{"embeddable":true,"href":"https:\/\/ceasuri.md\/ru\/wp-json\/wp\/v2\/media\/46490"}],"wp:attachment":[{"href":"https:\/\/ceasuri.md\/ru\/wp-json\/wp\/v2\/media?parent=46489"}],"wp:term":[{"taxonomy":"product_brand","embeddable":true,"href":"https:\/\/ceasuri.md\/ru\/wp-json\/wp\/v2\/product_brand?post=46489"},{"taxonomy":"product_cat","embeddable":true,"href":"https:\/\/ceasuri.md\/ru\/wp-json\/wp\/v2\/product_cat?post=46489"},{"taxonomy":"product_tag","embeddable":true,"href":"https:\/\/ceasuri.md\/ru\/wp-json\/wp\/v2\/product_tag?post=46489"}],"curies":[{"name":"wp","href":"https:\/\/api.w.org\/{rel}","templated":true}]}}