{"id":46457,"date":"2026-04-02T22:46:52","date_gmt":"2026-04-02T19:46:52","guid":{"rendered":"http:\/\/new.ceasuri.md\/shop\/uncategorized\/cover-trend-co3-02\/"},"modified":"2026-04-17T13:44:22","modified_gmt":"2026-04-17T10:44:22","slug":"cover-trend-co3-02","status":"publish","type":"product","link":"https:\/\/ceasuri.md\/ru\/shop\/accesorii\/accesorii-dama\/coliere\/cover-trend-co3-02\/","title":{"rendered":"COVER TREND CO3.02"},"content":{"rendered":"<p>COVER este o garan\u021bie de \u00eenalt\u0103 calitate sus\u021binut\u0103 de renumita marc\u0103 SWISS MADE.<\/p>\n<p>Standardele \u00eenalte de calitate ale COVER sunt atinse prin utilizarea de abilit\u0103\u021bi tradi\u021bionale \u0219i solu\u021bii inovatoare, precum \u0219i prin utilizarea celor mai moderne \u0219i unice instrumente.<\/p>","protected":false},"excerpt":{"rendered":"<p>COVER este o garan\u021bie de \u00eenalt\u0103 calitate sus\u021binut\u0103 de renumita marc\u0103 SWISS MADE. Standardele \u00eenalte de calitate ale COVER sunt atinse prin utilizarea de abilit\u0103\u021bi tradi\u021bionale \u0219i solu\u021bii inovatoare, precum \u0219i prin utilizarea celor mai moderne \u0219i unice instrumente.<\/p>","protected":false},"featured_media":46458,"comment_status":"closed","ping_status":"open","template":"","meta":{"_acf_changed":false},"product_brand":[],"product_cat":[583,204],"product_tag":[],"class_list":{"0":"post-46457","1":"product","2":"type-product","3":"status-publish","4":"has-post-thumbnail","6":"product_cat-coliere","7":"product_cat-cover","8":"pa_brand-cover","9":"pa_braslet-otel-inoxidabil","10":"pa_corpus-45-cm","11":"pa_decor-cristale-swarowski","12":"pa_korpus-roz-gold","13":"pa_material-otel-inoxidabil","14":"pa_remeshok-roz-gold","15":"pa_strana-elvetia","17":"first","18":"instock","19":"purchasable","20":"product-type-simple"},"acf":[],"_links":{"self":[{"href":"https:\/\/ceasuri.md\/ru\/wp-json\/wp\/v2\/product\/46457","targetHints":{"allow":["GET"]}}],"collection":[{"href":"https:\/\/ceasuri.md\/ru\/wp-json\/wp\/v2\/product"}],"about":[{"href":"https:\/\/ceasuri.md\/ru\/wp-json\/wp\/v2\/types\/product"}],"replies":[{"embeddable":true,"href":"https:\/\/ceasuri.md\/ru\/wp-json\/wp\/v2\/comments?post=46457"}],"wp:featuredmedia":[{"embeddable":true,"href":"https:\/\/ceasuri.md\/ru\/wp-json\/wp\/v2\/media\/46458"}],"wp:attachment":[{"href":"https:\/\/ceasuri.md\/ru\/wp-json\/wp\/v2\/media?parent=46457"}],"wp:term":[{"taxonomy":"product_brand","embeddable":true,"href":"https:\/\/ceasuri.md\/ru\/wp-json\/wp\/v2\/product_brand?post=46457"},{"taxonomy":"product_cat","embeddable":true,"href":"https:\/\/ceasuri.md\/ru\/wp-json\/wp\/v2\/product_cat?post=46457"},{"taxonomy":"product_tag","embeddable":true,"href":"https:\/\/ceasuri.md\/ru\/wp-json\/wp\/v2\/product_tag?post=46457"}],"curies":[{"name":"wp","href":"https:\/\/api.w.org\/{rel}","templated":true}]}}