{"id":46430,"date":"2026-04-02T22:46:26","date_gmt":"2026-04-02T19:46:26","guid":{"rendered":"http:\/\/new.ceasuri.md\/shop\/uncategorized\/citizen-ek8788-56e\/"},"modified":"2026-04-15T20:02:02","modified_gmt":"2026-04-15T17:02:02","slug":"citizen-ek8788-56e","status":"publish","type":"product","link":"https:\/\/ceasuri.md\/ru\/shop\/branduri\/citizen\/citizen-ek8788-56e\/","title":{"rendered":"Ceas CITIZEN EK8788-56E"},"content":{"rendered":"<p>Citizen este o marc\u0103 de renume mondial, cunoscut\u0103 pentru ceasurile sale foarte tehnice. Cu o experien\u021b\u0103 de aproape un secol, Citizen a fost de multe ori \u00een fruntea industriei orologiere.<\/p>\n<p>Datorit\u0103 dorin\u021bei sale de a se moderniza \u0219i de a se \u00eembun\u0103t\u0103\u021bi \u00een mod constant, istoria ceasurilor Citizen este marcat\u0103 de multe succese. Pionier al tehnologiei de \u00eenc\u0103rcare solar\u0103, marca este cel mai bine cunoscut\u0103 pentru func\u021bia Eco-Drive.<\/p>\n<p>Fie c\u0103 sunte\u021bi \u00een c\u0103utarea unui ceas durabil, cu multe func\u021bii \u0219i o \u00eenc\u0103rcare de lung\u0103 durat\u0103, sau a unui ceas simplu \u0219i elegant, Citizen are potrivit pentru dumneavoastr\u0103.<\/p>","protected":false},"excerpt":{"rendered":"<p>Citizen este o marc\u0103 de renume mondial, cunoscut\u0103 pentru ceasurile sale foarte tehnice. Cu o experien\u021b\u0103 de aproape un secol, Citizen a fost de multe ori \u00een fruntea industriei orologiere. Datorit\u0103 dorin\u021bei sale de a se moderniza \u0219i de a se \u00eembun\u0103t\u0103\u021bi \u00een mod constant, istoria ceasurilor Citizen este marcat\u0103 de multe succese. Pionier al [&hellip;]<\/p>\n","protected":false},"featured_media":46431,"comment_status":"closed","ping_status":"open","template":"","meta":{"_acf_changed":false},"product_brand":[],"product_cat":[25,620,26],"product_tag":[],"class_list":{"0":"post-46430","1":"product","2":"type-product","3":"status-publish","4":"has-post-thumbnail","6":"product_cat-ceasuri-dama","7":"product_cat-citizen","8":"product_cat-sale-ceas-de-dama","9":"pa_brand-citizen","10":"pa_braslet-otel-inoxidabil","11":"pa_corpus-20-mm","12":"pa_forma-rotund","13":"pa_garatia-6-luni","14":"pa_korpus-negru","15":"pa_kvarc-quartz","16":"pa_material-otel-inoxidabil","17":"pa_mehanizm-quartz","18":"pa_remeshok-negru","19":"pa_steklo-cristal-mineral","20":"pa_strana-elvetia","21":"pa_voda-5-atm","23":"first","24":"instock","25":"sale","26":"purchasable","27":"product-type-simple"},"acf":[],"_links":{"self":[{"href":"https:\/\/ceasuri.md\/ru\/wp-json\/wp\/v2\/product\/46430","targetHints":{"allow":["GET"]}}],"collection":[{"href":"https:\/\/ceasuri.md\/ru\/wp-json\/wp\/v2\/product"}],"about":[{"href":"https:\/\/ceasuri.md\/ru\/wp-json\/wp\/v2\/types\/product"}],"replies":[{"embeddable":true,"href":"https:\/\/ceasuri.md\/ru\/wp-json\/wp\/v2\/comments?post=46430"}],"wp:featuredmedia":[{"embeddable":true,"href":"https:\/\/ceasuri.md\/ru\/wp-json\/wp\/v2\/media\/46431"}],"wp:attachment":[{"href":"https:\/\/ceasuri.md\/ru\/wp-json\/wp\/v2\/media?parent=46430"}],"wp:term":[{"taxonomy":"product_brand","embeddable":true,"href":"https:\/\/ceasuri.md\/ru\/wp-json\/wp\/v2\/product_brand?post=46430"},{"taxonomy":"product_cat","embeddable":true,"href":"https:\/\/ceasuri.md\/ru\/wp-json\/wp\/v2\/product_cat?post=46430"},{"taxonomy":"product_tag","embeddable":true,"href":"https:\/\/ceasuri.md\/ru\/wp-json\/wp\/v2\/product_tag?post=46430"}],"curies":[{"name":"wp","href":"https:\/\/api.w.org\/{rel}","templated":true}]}}