{"id":46423,"date":"2026-04-02T22:46:26","date_gmt":"2026-04-02T19:46:26","guid":{"rendered":"http:\/\/new.ceasuri.md\/shop\/uncategorized\/casio-edifice-ef-527d-3a\/"},"modified":"2026-04-20T00:06:45","modified_gmt":"2026-04-19T21:06:45","slug":"casio-edifice-ef-527d-3a","status":"publish","type":"product","link":"https:\/\/ceasuri.md\/ru\/shop\/branduri\/casio\/casio-edifice-ef-527d-3a\/","title":{"rendered":"Ceas CASIO EDIFICE EF-527D-3A"},"content":{"rendered":"<p>CASIO prezint\u0103 reeditarea mult \u00eendr\u0103gitului ceas EDIFICE EF-527. Modelul a devenit popular datorit\u0103 cadranului s\u0103u complex \u0219i a prezen\u021bei unei func\u021bii de rigl\u0103 logaritmic\u0103, care v\u0103 permite s\u0103 efectua\u021bi recalcul\u0103ri rapid \u0219i convenabil. Acest cronograf a fost lansat pentru prima dat\u0103 \u00een 2008 \u0219i de atunci a c\u00e2\u0219tigat o popularitate imens\u0103.<\/p>\n<p>Principalul avantaj al acestui ceas pentru b\u0103rba\u021bi este calitatea sa impecabil\u0103 \u0219i designul elegant. Stratul antireflex care absoarbe lumina asigur\u0103 o str\u0103lucire de lung\u0103 durat\u0103 \u00een \u00eentuneric, chiar \u0219i dup\u0103 o scurt\u0103 expunere la lumin\u0103.<\/p>\n<p>Cronometru cu precizie de 1\/20 de secund\u0103 \u0219i m\u0103surare a timpului pe 12 ore. Rigl\u0103 logaritmic\u0103.<\/p>\n<p>Fereastr\u0103 pentru dat\u0103. Partea din spate a carcasei blocat\u0103 cu \u0219urub. Coroan\u0103 cu \u00eenchidere cu \u0219urub de siguran\u021b\u0103.<\/p>\n<p>Br\u0103\u021bar\u0103 turnat\u0103 cu \u00eenchidere tripl\u0103 pliabil\u0103 cu o singur\u0103 atingere. Inchiderea de siguran\u021b\u0103 previne deschiderea accidental\u0103.<\/p>","protected":false},"excerpt":{"rendered":"<p>CASIO prezint\u0103 reeditarea mult \u00eendr\u0103gitului ceas EDIFICE EF-527. Modelul a devenit popular datorit\u0103 cadranului s\u0103u complex \u0219i a prezen\u021bei unei func\u021bii de rigl\u0103 logaritmic\u0103, care v\u0103 permite s\u0103 efectua\u021bi recalcul\u0103ri rapid \u0219i convenabil. Acest cronograf a fost lansat pentru prima dat\u0103 \u00een 2008 \u0219i de atunci a c\u00e2\u0219tigat o popularitate imens\u0103. Principalul avantaj al acestui [&hellip;]<\/p>\n","protected":false},"featured_media":46424,"comment_status":"closed","ping_status":"open","template":"","meta":{"_acf_changed":false},"product_brand":[],"product_cat":[27,20,536],"product_tag":[],"class_list":{"0":"post-46423","1":"product","2":"type-product","3":"status-publish","4":"has-post-thumbnail","6":"product_cat-casio","7":"product_cat-ceasuri-barbati","8":"product_cat-edifice","9":"pa_brand-casio","10":"pa_brand-edifice","11":"pa_braslet-otel-inoxidabil","12":"pa_corpus-46-mm","13":"pa_forma-rotund","14":"pa_funcii-cronograf","15":"pa_funcii-data","16":"pa_garatia-24-luni","17":"pa_korpus-argintiu","18":"pa_kvarc-quartz","19":"pa_material-otel-inoxidabil","20":"pa_mehanizm-quartz","21":"pa_remeshok-argintiu","22":"pa_steklo-cristal-mineral","23":"pa_strana-japonia","24":"pa_voda-10-atm","26":"first","27":"instock","28":"purchasable","29":"product-type-simple"},"acf":[],"_links":{"self":[{"href":"https:\/\/ceasuri.md\/ru\/wp-json\/wp\/v2\/product\/46423","targetHints":{"allow":["GET"]}}],"collection":[{"href":"https:\/\/ceasuri.md\/ru\/wp-json\/wp\/v2\/product"}],"about":[{"href":"https:\/\/ceasuri.md\/ru\/wp-json\/wp\/v2\/types\/product"}],"replies":[{"embeddable":true,"href":"https:\/\/ceasuri.md\/ru\/wp-json\/wp\/v2\/comments?post=46423"}],"wp:featuredmedia":[{"embeddable":true,"href":"https:\/\/ceasuri.md\/ru\/wp-json\/wp\/v2\/media\/46424"}],"wp:attachment":[{"href":"https:\/\/ceasuri.md\/ru\/wp-json\/wp\/v2\/media?parent=46423"}],"wp:term":[{"taxonomy":"product_brand","embeddable":true,"href":"https:\/\/ceasuri.md\/ru\/wp-json\/wp\/v2\/product_brand?post=46423"},{"taxonomy":"product_cat","embeddable":true,"href":"https:\/\/ceasuri.md\/ru\/wp-json\/wp\/v2\/product_cat?post=46423"},{"taxonomy":"product_tag","embeddable":true,"href":"https:\/\/ceasuri.md\/ru\/wp-json\/wp\/v2\/product_tag?post=46423"}],"curies":[{"name":"wp","href":"https:\/\/api.w.org\/{rel}","templated":true}]}}