{"id":46419,"date":"2026-04-02T22:46:26","date_gmt":"2026-04-02T19:46:26","guid":{"rendered":"http:\/\/new.ceasuri.md\/shop\/uncategorized\/casio-edifice-ef-527d-2a\/"},"modified":"2026-04-07T04:18:16","modified_gmt":"2026-04-07T01:18:16","slug":"casio-edifice-ef-527d-2a","status":"publish","type":"product","link":"https:\/\/ceasuri.md\/ru\/shop\/branduri\/casio\/casio-edifice-ef-527d-2a\/","title":{"rendered":"Ceas CASIO EDIFICE EF-527D-2A"},"content":{"rendered":"<p>Principalul avantaj al acestui ceas pentru b\u0103rba\u021bi este calitatea sa impecabil\u0103 \u0219i designul elegant.<\/p>\n<p>Acoperirea antireflectorizant\u0103 care acumuleaz\u0103 lumin\u0103 asigur\u0103 o str\u0103lucire de lung\u0103 durat\u0103 \u00een \u00eentuneric, chiar \u0219i dup\u0103 o scurt\u0103 expunere la lumin\u0103.<\/p>\n<p>Ceas cronograf cu cronometru. Cronometru cu precizie de 1\/20sec \u0219i timp de m\u0103surare de 12 ore. Rigl\u0103 logaritmic\u0103.<\/p>\n<p>Semne de liniu\u021b\u0103. Fereastr\u0103 pentru dat\u0103. Fundul carcasei cu \u00eenchidere cu \u0219urub. Coroan\u0103 cu \u00eenchidere cu \u0219urub cu protec\u021bie.<\/p>\n<p>Rezistent la ap\u0103 \u00een conformitate cu ISO 22810.<\/p>\n<p>Br\u0103\u021bar\u0103 turnat\u0103 cu \u00eenchidere tripl\u0103 pliabil\u0103 cu o singur\u0103 atingere. \u00cencuietoarea de siguran\u021b\u0103 previne eliberarea accidental\u0103.<\/p>","protected":false},"excerpt":{"rendered":"<p>Principalul avantaj al acestui ceas pentru b\u0103rba\u021bi este calitatea sa impecabil\u0103 \u0219i designul elegant. Acoperirea antireflectorizant\u0103 care acumuleaz\u0103 lumin\u0103 asigur\u0103 o str\u0103lucire de lung\u0103 durat\u0103 \u00een \u00eentuneric, chiar \u0219i dup\u0103 o scurt\u0103 expunere la lumin\u0103. Ceas cronograf cu cronometru. Cronometru cu precizie de 1\/20sec \u0219i timp de m\u0103surare de 12 ore. Rigl\u0103 logaritmic\u0103. Semne de [&hellip;]<\/p>\n","protected":false},"featured_media":46420,"comment_status":"closed","ping_status":"open","template":"","meta":{"_acf_changed":false},"product_brand":[],"product_cat":[27,20,536],"product_tag":[],"class_list":{"0":"post-46419","1":"product","2":"type-product","3":"status-publish","4":"has-post-thumbnail","6":"product_cat-casio","7":"product_cat-ceasuri-barbati","8":"product_cat-edifice","9":"pa_brand-casio","10":"pa_brand-edifice","11":"pa_braslet-otel-inoxidabil","12":"pa_corpus-46-mm","13":"pa_forma-rotund","14":"pa_funcii-cronograf","15":"pa_funcii-data","16":"pa_garatia-24-luni","17":"pa_korpus-argintiu","18":"pa_material-otel-inoxidabil","19":"pa_mehanizm-quartz","20":"pa_remeshok-argintiu","21":"pa_steklo-cristal-mineral","22":"pa_strana-japonia","23":"pa_voda-10-atm","25":"first","26":"instock","27":"purchasable","28":"product-type-simple"},"acf":[],"_links":{"self":[{"href":"https:\/\/ceasuri.md\/ru\/wp-json\/wp\/v2\/product\/46419","targetHints":{"allow":["GET"]}}],"collection":[{"href":"https:\/\/ceasuri.md\/ru\/wp-json\/wp\/v2\/product"}],"about":[{"href":"https:\/\/ceasuri.md\/ru\/wp-json\/wp\/v2\/types\/product"}],"replies":[{"embeddable":true,"href":"https:\/\/ceasuri.md\/ru\/wp-json\/wp\/v2\/comments?post=46419"}],"wp:featuredmedia":[{"embeddable":true,"href":"https:\/\/ceasuri.md\/ru\/wp-json\/wp\/v2\/media\/46420"}],"wp:attachment":[{"href":"https:\/\/ceasuri.md\/ru\/wp-json\/wp\/v2\/media?parent=46419"}],"wp:term":[{"taxonomy":"product_brand","embeddable":true,"href":"https:\/\/ceasuri.md\/ru\/wp-json\/wp\/v2\/product_brand?post=46419"},{"taxonomy":"product_cat","embeddable":true,"href":"https:\/\/ceasuri.md\/ru\/wp-json\/wp\/v2\/product_cat?post=46419"},{"taxonomy":"product_tag","embeddable":true,"href":"https:\/\/ceasuri.md\/ru\/wp-json\/wp\/v2\/product_tag?post=46419"}],"curies":[{"name":"wp","href":"https:\/\/api.w.org\/{rel}","templated":true}]}}