{"id":46388,"date":"2026-04-02T22:45:49","date_gmt":"2026-04-02T19:45:49","guid":{"rendered":"http:\/\/new.ceasuri.md\/shop\/uncategorized\/citizen-bp0015-55l\/"},"modified":"2026-04-07T04:18:06","modified_gmt":"2026-04-07T01:18:06","slug":"citizen-bp0015-55l","status":"publish","type":"product","link":"https:\/\/ceasuri.md\/ru\/shop\/branduri\/citizen\/citizen-bp0015-55l\/","title":{"rendered":"Ceas CITIZEN BP0015-55L"},"content":{"rendered":"<p>Citizen este un brand celebru pentru produc\u021bia de ceasuri precise \u0219i durabile. Ceasurile lor cu func\u021bie eco-drive sunt construite pentru a elimina nevoia de \u00eenlocuire a bateriei \u0219i pentru a oferi o surs\u0103 de alimentare mai durabil\u0103 \u0219i mai prietenoas\u0103 cu mediul. Aceste ceasuri func\u021bioneaz\u0103 cu ajutorul panourilor solare care se \u00eencarc\u0103 atunci c\u00e2nd sunt expuse la lumina soarelui sau a altor surse de lumin\u0103 natural\u0103 sau artificial\u0103.<\/p>\n<p>Ceasurile eco-drive de la Citizen vin \u00eentr-o varietate de stiluri \u0219i modele pentru a se potrivi diferitelor preferin\u021be personale. Unele dintre aceste modele includ functii precum afi\u0219ajul datelor lunii, afi\u0219area a dou\u0103 fusuri orare, cronograf \u0219i alarm\u0103. Materialele utilizate pentru acestea variaz\u0103 de la o\u021bel inoxidabil \u0219i titan, p\u00e2n\u0103 la piele \u0219i nylon, care ofer\u0103 o gam\u0103 larg\u0103 de op\u021biuni de design \u0219i confort.<\/p>\n<p>\u00cen general, ceasurile eco-drive de la Citizen reprezint\u0103 o alegere excelent\u0103 pentru cei care caut\u0103 un ceas precis \u0219i durabil, care reduce nevoia de \u00eenlocuire a bateriilor \u0219i este mai prietenos cu mediul \u00eenconjur\u0103tor.<\/p>","protected":false},"excerpt":{"rendered":"<p>Citizen este un brand celebru pentru produc\u021bia de ceasuri precise \u0219i durabile. Ceasurile lor cu func\u021bie eco-drive sunt construite pentru a elimina nevoia de \u00eenlocuire a bateriei \u0219i pentru a oferi o surs\u0103 de alimentare mai durabil\u0103 \u0219i mai prietenoas\u0103 cu mediul. Aceste ceasuri func\u021bioneaz\u0103 cu ajutorul panourilor solare care se \u00eencarc\u0103 atunci c\u00e2nd sunt [&hellip;]<\/p>\n","protected":false},"featured_media":46389,"comment_status":"closed","ping_status":"open","template":"","meta":{"_acf_changed":false},"product_brand":[],"product_cat":[20,620,23],"product_tag":[],"class_list":{"0":"post-46388","1":"product","2":"type-product","3":"status-publish","4":"has-post-thumbnail","6":"product_cat-ceasuri-barbati","7":"product_cat-citizen","8":"product_cat-sale-ceasuri-barbati","9":"pa_brand-citizen","10":"pa_braslet-titan","11":"pa_corpus-39-mm","12":"pa_forma-rotund","13":"pa_funcii-data","14":"pa_garatia-6-luni","15":"pa_korpus-albastru","16":"pa_korpus-argintiu","17":"pa_material-titan","18":"pa_mehanizm-eco-drive","19":"pa_remeshok-argintiu","20":"pa_steklo-cristal-safir","21":"pa_strana-elvetia","22":"pa_voda-5-atm","24":"first","25":"instock","26":"sale","27":"purchasable","28":"product-type-simple"},"acf":[],"_links":{"self":[{"href":"https:\/\/ceasuri.md\/ru\/wp-json\/wp\/v2\/product\/46388","targetHints":{"allow":["GET"]}}],"collection":[{"href":"https:\/\/ceasuri.md\/ru\/wp-json\/wp\/v2\/product"}],"about":[{"href":"https:\/\/ceasuri.md\/ru\/wp-json\/wp\/v2\/types\/product"}],"replies":[{"embeddable":true,"href":"https:\/\/ceasuri.md\/ru\/wp-json\/wp\/v2\/comments?post=46388"}],"wp:featuredmedia":[{"embeddable":true,"href":"https:\/\/ceasuri.md\/ru\/wp-json\/wp\/v2\/media\/46389"}],"wp:attachment":[{"href":"https:\/\/ceasuri.md\/ru\/wp-json\/wp\/v2\/media?parent=46388"}],"wp:term":[{"taxonomy":"product_brand","embeddable":true,"href":"https:\/\/ceasuri.md\/ru\/wp-json\/wp\/v2\/product_brand?post=46388"},{"taxonomy":"product_cat","embeddable":true,"href":"https:\/\/ceasuri.md\/ru\/wp-json\/wp\/v2\/product_cat?post=46388"},{"taxonomy":"product_tag","embeddable":true,"href":"https:\/\/ceasuri.md\/ru\/wp-json\/wp\/v2\/product_tag?post=46388"}],"curies":[{"name":"wp","href":"https:\/\/api.w.org\/{rel}","templated":true}]}}