{"id":46349,"date":"2026-04-02T22:45:49","date_gmt":"2026-04-02T19:45:49","guid":{"rendered":"http:\/\/new.ceasuri.md\/shop\/uncategorized\/seiko-5-sports-xsrpa01k1\/"},"modified":"2026-04-20T00:51:53","modified_gmt":"2026-04-19T21:51:53","slug":"seiko-5-sports-xsrpa01k1","status":"publish","type":"product","link":"https:\/\/ceasuri.md\/ru\/shop\/branduri\/seiko\/seiko-5-sports-xsrpa01k1\/","title":{"rendered":"\u0427\u0430\u0441\u044b SEIKO 5 SPORTS XSRPA01K1"},"content":{"rendered":"<p>Timp de peste 50 de ani, colec\u021bia SEIKO 5 Sports a oferit utilizatorilor s\u0103i cel mai \u00eenalt nivel de \u00eencredere, confort \u0219i calitate, care a fost apreciat de pasiona\u021bii de ceasuri mecanice din \u00eentreaga lume.<\/p>\n<p>Ast\u0103zi, acest ceas respectat rena\u0219te, introduc\u00e2nd un nou design \u0219i o colec\u021bie actualizat\u0103 \u00een linii mari. Bine a\u021bi venit \u00een lumea noului SEIKO 5 Sports, o colec\u021bie cu valori neschimbate \u0219i o nou\u0103 imagine.<\/p>","protected":false},"excerpt":{"rendered":"<p>Timp de peste 50 de ani, colec\u021bia SEIKO 5 Sports a oferit utilizatorilor s\u0103i cel mai \u00eenalt nivel de \u00eencredere, confort \u0219i calitate, care a fost apreciat de pasiona\u021bii de ceasuri mecanice din \u00eentreaga lume. Ast\u0103zi, acest ceas respectat rena\u0219te, introduc\u00e2nd un nou design \u0219i o colec\u021bie actualizat\u0103 \u00een linii mari. Bine a\u021bi venit \u00een [&hellip;]<\/p>\n","protected":false},"featured_media":46350,"comment_status":"closed","ping_status":"open","template":"","meta":{"_acf_changed":false},"product_brand":[],"product_cat":[20,588],"product_tag":[],"class_list":{"0":"post-46349","1":"product","2":"type-product","3":"status-publish","4":"has-post-thumbnail","6":"product_cat-ceasuri-barbati","7":"product_cat-seiko","8":"pa_brand-seiko","9":"pa_braslet-piele","10":"pa_corpus-45-mm","11":"pa_forma-rotund","12":"pa_funcii-data","13":"pa_funcii-ziua-saptamanii","14":"pa_garatia-24-luni","15":"pa_korpus-argintiu","16":"pa_korpus-negru","17":"pa_material-otel-inoxidabil","18":"pa_mehanizm-mecanic","19":"pa_mehanizm-mecanism-automatic","20":"pa_remeshok-bej","21":"pa_steklo-cristal-mineral","22":"pa_strana-japonia","23":"pa_voda-10-atm","25":"first","26":"instock","27":"purchasable","28":"product-type-simple"},"acf":[],"_links":{"self":[{"href":"https:\/\/ceasuri.md\/ru\/wp-json\/wp\/v2\/product\/46349","targetHints":{"allow":["GET"]}}],"collection":[{"href":"https:\/\/ceasuri.md\/ru\/wp-json\/wp\/v2\/product"}],"about":[{"href":"https:\/\/ceasuri.md\/ru\/wp-json\/wp\/v2\/types\/product"}],"replies":[{"embeddable":true,"href":"https:\/\/ceasuri.md\/ru\/wp-json\/wp\/v2\/comments?post=46349"}],"wp:featuredmedia":[{"embeddable":true,"href":"https:\/\/ceasuri.md\/ru\/wp-json\/wp\/v2\/media\/46350"}],"wp:attachment":[{"href":"https:\/\/ceasuri.md\/ru\/wp-json\/wp\/v2\/media?parent=46349"}],"wp:term":[{"taxonomy":"product_brand","embeddable":true,"href":"https:\/\/ceasuri.md\/ru\/wp-json\/wp\/v2\/product_brand?post=46349"},{"taxonomy":"product_cat","embeddable":true,"href":"https:\/\/ceasuri.md\/ru\/wp-json\/wp\/v2\/product_cat?post=46349"},{"taxonomy":"product_tag","embeddable":true,"href":"https:\/\/ceasuri.md\/ru\/wp-json\/wp\/v2\/product_tag?post=46349"}],"curies":[{"name":"wp","href":"https:\/\/api.w.org\/{rel}","templated":true}]}}