{"id":46293,"date":"2026-04-02T22:45:01","date_gmt":"2026-04-02T19:45:01","guid":{"rendered":"http:\/\/new.ceasuri.md\/shop\/uncategorized\/le-chic-cl-1497-g\/"},"modified":"2026-04-07T04:17:33","modified_gmt":"2026-04-07T01:17:33","slug":"le-chic-cl-1497-g","status":"publish","type":"product","link":"https:\/\/ceasuri.md\/ru\/shop\/uncategorized\/le-chic-cl-1497-g\/","title":{"rendered":"Le Chic CL 1497 G"},"content":{"rendered":"<p>Ceasurile Le Chic sunt, \u00eenainte de toate, bijuterii. Cadrane din aur, argint \u0219i nacre, carcase \u0219i br\u0103\u021b\u0103ri mate \u0219i lucioase, o gam\u0103 larg\u0103 de culori, incrusta\u021bii &#8211; pietre, cristal, perle &#8211; toate acestea permit unei femei s\u0103 asorteze ceasurile Le Chic cu bijuteriile sale preferate. Ele se vor potrivi at\u00e2t unei \u021binute de sear\u0103, c\u00e2t \u0219i unui costum de afaceri. <\/p>\n<p>Ceasurile sunt caracterizate de o calitate decent\u0103. Ceasurile m\u0103rcii utilizeaz\u0103 mecanisme de produc\u021bie japonez\u0103 (Miyota). Ceasurile sunt decorate cu cristal Swarovski (Austria), perle naturale. Unicitatea lucr\u0103rilor designerilor francezi const\u0103, de asemenea, \u00een alegerea materialelor originale, neobi\u0219nuite: piei crocodil \u0219i piton.<\/p>\n<p>Se utilizeaz\u0103 placarea cu aur roz, galben \u0219i alb. Se utilizeaz\u0103 metoda galvanic\u0103 de placare cu aur sau placarea ionic\u0103. Toate produsele \u201eLe Chic\u201d sunt caracterizate de calitatea demn\u0103 de bijuteriile de lux de elit\u0103. Designul artizanilor francezi face din ceasurile un cadou excelent.<\/p>","protected":false},"excerpt":{"rendered":"<p>Ceasurile Le Chic sunt, \u00eenainte de toate, bijuterii. Cadrane din aur, argint \u0219i nacre, carcase \u0219i br\u0103\u021b\u0103ri mate \u0219i lucioase, o gam\u0103 larg\u0103 de culori, incrusta\u021bii &#8211; pietre, cristal, perle &#8211; toate acestea permit unei femei s\u0103 asorteze ceasurile Le Chic cu bijuteriile sale preferate. Ele se vor potrivi at\u00e2t unei \u021binute de sear\u0103, c\u00e2t [&hellip;]<\/p>\n","protected":false},"featured_media":0,"comment_status":"closed","ping_status":"open","template":"","meta":{"_acf_changed":false},"product_brand":[],"product_cat":[15],"product_tag":[],"class_list":{"0":"post-46293","1":"product","2":"type-product","3":"status-publish","5":"product_cat-uncategorized","7":"first","8":"instock","9":"purchasable","10":"product-type-simple"},"acf":[],"_links":{"self":[{"href":"https:\/\/ceasuri.md\/ru\/wp-json\/wp\/v2\/product\/46293","targetHints":{"allow":["GET"]}}],"collection":[{"href":"https:\/\/ceasuri.md\/ru\/wp-json\/wp\/v2\/product"}],"about":[{"href":"https:\/\/ceasuri.md\/ru\/wp-json\/wp\/v2\/types\/product"}],"replies":[{"embeddable":true,"href":"https:\/\/ceasuri.md\/ru\/wp-json\/wp\/v2\/comments?post=46293"}],"wp:attachment":[{"href":"https:\/\/ceasuri.md\/ru\/wp-json\/wp\/v2\/media?parent=46293"}],"wp:term":[{"taxonomy":"product_brand","embeddable":true,"href":"https:\/\/ceasuri.md\/ru\/wp-json\/wp\/v2\/product_brand?post=46293"},{"taxonomy":"product_cat","embeddable":true,"href":"https:\/\/ceasuri.md\/ru\/wp-json\/wp\/v2\/product_cat?post=46293"},{"taxonomy":"product_tag","embeddable":true,"href":"https:\/\/ceasuri.md\/ru\/wp-json\/wp\/v2\/product_tag?post=46293"}],"curies":[{"name":"wp","href":"https:\/\/api.w.org\/{rel}","templated":true}]}}