{"id":46250,"date":"2026-04-02T22:44:37","date_gmt":"2026-04-02T19:44:37","guid":{"rendered":"http:\/\/new.ceasuri.md\/shop\/uncategorized\/qq-q740-301\/"},"modified":"2026-04-07T04:17:20","modified_gmt":"2026-04-07T01:17:20","slug":"qq-q740-301","status":"publish","type":"product","link":"https:\/\/ceasuri.md\/ru\/shop\/branduri\/qq\/qq-q740-301\/","title":{"rendered":"Ceas Q&amp;Q Q740-301"},"content":{"rendered":"<p>Filozofia noastr\u0103 este \u00eenr\u0103d\u0103cinat\u0103 \u00een cuvintele care \u00eencep cu &#8222;Q.&#8221;<\/p>\n<p>Numele m\u0103rcii \u00eenseamn\u0103 ini\u021bial &#8222;Calitate \u0219i cantitate&#8221;. Ceea ce \u00eenseamn\u0103 c\u0103 noi combin\u0103m aceste tr\u0103s\u0103turi prin producerea de ceasuri de calitate, fiabile, folosind me\u0219te\u0219ugul japonez \u00een Cantit\u0103\u021bi pentru oameni din \u00eentreaga lume.<\/p>\n<p>Din 1976, peste 500 de milioane de ceasuri Q&#038;Q au fost achizi\u021bionate \u0219i \u00eendr\u0103gite de oameni din peste 120 de \u021b\u0103ri.<\/p>\n<p>Ad\u0103ug\u00e2nd la filozofia noastr\u0103, &#8222;Bucuria&#8221; poate fi g\u0103sit\u0103 \u0219i \u00een ceasurile noastre. Oferind op\u021biuni mari de modele \u0219i colec\u021bii, pute\u021bi g\u0103si un ceas care s\u0103 se potriveasc\u0103 tuturor modelor, sentimentelor \u0219i ocaziilor.<\/p>","protected":false},"excerpt":{"rendered":"<p>Filozofia noastr\u0103 este \u00eenr\u0103d\u0103cinat\u0103 \u00een cuvintele care \u00eencep cu &#8222;Q.&#8221; Numele m\u0103rcii \u00eenseamn\u0103 ini\u021bial &#8222;Calitate \u0219i cantitate&#8221;. Ceea ce \u00eenseamn\u0103 c\u0103 noi combin\u0103m aceste tr\u0103s\u0103turi prin producerea de ceasuri de calitate, fiabile, folosind me\u0219te\u0219ugul japonez \u00een Cantit\u0103\u021bi pentru oameni din \u00eentreaga lume. Din 1976, peste 500 de milioane de ceasuri Q&#038;Q au fost achizi\u021bionate \u0219i [&hellip;]<\/p>\n","protected":false},"featured_media":46251,"comment_status":"closed","ping_status":"open","template":"","meta":{"_acf_changed":false},"product_brand":[],"product_cat":[20,618],"product_tag":[],"class_list":{"0":"post-46250","1":"product","2":"type-product","3":"status-publish","4":"has-post-thumbnail","6":"product_cat-ceasuri-barbati","7":"product_cat-qq","8":"pa_brand-qq","9":"pa_braslet-cauciuc","10":"pa_corpus-45-mm","11":"pa_forma-rotund","12":"pa_garatia-6-luni","13":"pa_korpus-argintiu","14":"pa_material-alama","15":"pa_mehanizm-quartz","16":"pa_remeshok-negru","17":"pa_steklo-cristal-mineral","18":"pa_strana-japonia","19":"pa_voda-5-atm","21":"first","22":"instock","23":"purchasable","24":"product-type-simple"},"acf":[],"_links":{"self":[{"href":"https:\/\/ceasuri.md\/ru\/wp-json\/wp\/v2\/product\/46250","targetHints":{"allow":["GET"]}}],"collection":[{"href":"https:\/\/ceasuri.md\/ru\/wp-json\/wp\/v2\/product"}],"about":[{"href":"https:\/\/ceasuri.md\/ru\/wp-json\/wp\/v2\/types\/product"}],"replies":[{"embeddable":true,"href":"https:\/\/ceasuri.md\/ru\/wp-json\/wp\/v2\/comments?post=46250"}],"wp:featuredmedia":[{"embeddable":true,"href":"https:\/\/ceasuri.md\/ru\/wp-json\/wp\/v2\/media\/46251"}],"wp:attachment":[{"href":"https:\/\/ceasuri.md\/ru\/wp-json\/wp\/v2\/media?parent=46250"}],"wp:term":[{"taxonomy":"product_brand","embeddable":true,"href":"https:\/\/ceasuri.md\/ru\/wp-json\/wp\/v2\/product_brand?post=46250"},{"taxonomy":"product_cat","embeddable":true,"href":"https:\/\/ceasuri.md\/ru\/wp-json\/wp\/v2\/product_cat?post=46250"},{"taxonomy":"product_tag","embeddable":true,"href":"https:\/\/ceasuri.md\/ru\/wp-json\/wp\/v2\/product_tag?post=46250"}],"curies":[{"name":"wp","href":"https:\/\/api.w.org\/{rel}","templated":true}]}}