{"id":46237,"date":"2026-04-02T22:44:37","date_gmt":"2026-04-02T19:44:37","guid":{"rendered":"http:\/\/new.ceasuri.md\/shop\/uncategorized\/nexxen-ne6102mw\/"},"modified":"2026-04-20T00:31:09","modified_gmt":"2026-04-19T21:31:09","slug":"nexxen-ne6102mw","status":"publish","type":"product","link":"https:\/\/ceasuri.md\/ru\/shop\/branduri\/nexxen\/nexxen-ne6102mw\/","title":{"rendered":"\u0427\u0430\u0441\u044b NEXXEN NE6102MW"},"content":{"rendered":"<p>Ceasurile Nexxen \u0219i-au c\u00e2\u0219tigat popularitatea \u0219i recunoa\u0219terea universal\u0103 datorit\u0103 designului lor original, calit\u0103\u021bii ridicate \u0219i pre\u021burilor accesibile.<\/p>\n<p>Ceasurile Nexxen sunt fabricate folosind mi\u0219c\u0103ri elve\u021biene Ronda de \u00eenalt\u0103 calitate, precum \u0219i mi\u0219c\u0103ri japoneze &#8211; Seiko \u0219i Citizen, care garanteaz\u0103 fiabilitatea \u0219i acurate\u021bea tuturor modelelor fabricate. Mecanismele de \u00eenalt\u0103 calitate, desigur, afecteaz\u0103 costul ceasurilor, dar compania Nexxen a reu\u0219it s\u0103 evite pre\u021burile umflate datorit\u0103 faptului c\u0103 are propria baz\u0103 de produc\u021bie puternic\u0103, unde se efectueaz\u0103 asamblarea \u0219i controlul calit\u0103\u021bii \u00een mai multe etape a produselor finite.<\/p>\n<p>Toate produsele companiei Nexxen sunt caracterizate de cea mai \u00eenalt\u0103 calitate \u0219i de o execu\u021bie stilistic\u0103 de neegalat. In acela\u0219i timp, produsele m\u0103rcii coreene apar\u021bin categoriei de pre\u021b mediu, disponibile pentru aproape orice cump\u0103r\u0103tor.<\/p>\n<p>Reputa\u021bia Nexxen ca produc\u0103tor de ceasuri de \u00eencredere este confirmat\u0103 de numeroase premii \u0219i distinc\u021bii.<\/p>","protected":false},"excerpt":{"rendered":"<p>Ceasurile Nexxen \u0219i-au c\u00e2\u0219tigat popularitatea \u0219i recunoa\u0219terea universal\u0103 datorit\u0103 designului lor original, calit\u0103\u021bii ridicate \u0219i pre\u021burilor accesibile. Ceasurile Nexxen sunt fabricate folosind mi\u0219c\u0103ri elve\u021biene Ronda de \u00eenalt\u0103 calitate, precum \u0219i mi\u0219c\u0103ri japoneze &#8211; Seiko \u0219i Citizen, care garanteaz\u0103 fiabilitatea \u0219i acurate\u021bea tuturor modelelor fabricate. Mecanismele de \u00eenalt\u0103 calitate, desigur, afecteaz\u0103 costul ceasurilor, dar compania Nexxen [&hellip;]<\/p>\n","protected":false},"featured_media":46238,"comment_status":"closed","ping_status":"open","template":"","meta":{"_acf_changed":false},"product_brand":[],"product_cat":[20,25,606,26,23],"product_tag":[],"class_list":{"0":"post-46237","1":"product","2":"type-product","3":"status-publish","4":"has-post-thumbnail","6":"product_cat-ceasuri-barbati","7":"product_cat-ceasuri-dama","8":"product_cat-nexxen","9":"product_cat-sale-ceas-de-dama","10":"product_cat-sale-ceasuri-barbati","11":"pa_brand-nexxen","12":"pa_braslet-otel-inoxidabil","13":"pa_corpus-36x50mm","14":"pa_forma-oval","15":"pa_garatia-6-luni","16":"pa_korpus-argintiu","17":"pa_kvarc-quartz","18":"pa_material-otel-inoxidabil","19":"pa_mehanizm-quartz","20":"pa_remeshok-argintiu","21":"pa_steklo-cristal-safir","22":"pa_strana-coreea-de-sud","23":"pa_voda-3-atm","25":"first","26":"instock","27":"sale","28":"purchasable","29":"product-type-simple"},"acf":[],"_links":{"self":[{"href":"https:\/\/ceasuri.md\/ru\/wp-json\/wp\/v2\/product\/46237","targetHints":{"allow":["GET"]}}],"collection":[{"href":"https:\/\/ceasuri.md\/ru\/wp-json\/wp\/v2\/product"}],"about":[{"href":"https:\/\/ceasuri.md\/ru\/wp-json\/wp\/v2\/types\/product"}],"replies":[{"embeddable":true,"href":"https:\/\/ceasuri.md\/ru\/wp-json\/wp\/v2\/comments?post=46237"}],"wp:featuredmedia":[{"embeddable":true,"href":"https:\/\/ceasuri.md\/ru\/wp-json\/wp\/v2\/media\/46238"}],"wp:attachment":[{"href":"https:\/\/ceasuri.md\/ru\/wp-json\/wp\/v2\/media?parent=46237"}],"wp:term":[{"taxonomy":"product_brand","embeddable":true,"href":"https:\/\/ceasuri.md\/ru\/wp-json\/wp\/v2\/product_brand?post=46237"},{"taxonomy":"product_cat","embeddable":true,"href":"https:\/\/ceasuri.md\/ru\/wp-json\/wp\/v2\/product_cat?post=46237"},{"taxonomy":"product_tag","embeddable":true,"href":"https:\/\/ceasuri.md\/ru\/wp-json\/wp\/v2\/product_tag?post=46237"}],"curies":[{"name":"wp","href":"https:\/\/api.w.org\/{rel}","templated":true}]}}