{"id":46199,"date":"2022-12-20T13:12:49","date_gmt":"2022-12-20T11:12:49","guid":{"rendered":"http:\/\/new.ceasuri.md\/shop\/uncategorized\/festina-chrono-bike-f20544-8\/"},"modified":"2026-05-01T17:14:30","modified_gmt":"2026-05-01T14:14:30","slug":"festina-chrono-bike-f20544-8","status":"publish","type":"product","link":"https:\/\/ceasuri.md\/ru\/shop\/branduri\/festina\/festina-chrono-bike-f20544-8\/","title":{"rendered":"\u0427\u0430\u0441\u044b FESTINA CHRONO BIKE F20544\/8"},"content":{"rendered":"<p>Cu o carcas\u0103 din o\u021bel \u0219i un geam mineral, acest ceas este o m\u0103rturie a excelen\u021bei \u00een orologerie. \u00cen plus, este echipat cu o curea din cauciuc care \u00eei confer\u0103 o not\u0103 de modernitate \u0219i sofisticare.<\/p>\n<p>Ceasurile Festina sunt recunoscute pentru c\u0103 sunt o \u00eembinare perfect\u0103 \u00eentre elegan\u021b\u0103 \u0219i func\u021bionalitate. Fiecare dintre modelele lor este deosebit \u0219i unic, ceea ce le face o alegere ideal\u0103 pentru cei care caut\u0103 un ceas care s\u0103 le reflecte personalitatea.<\/p>\n<p>\u00cen plus, Festina se remarc\u0103 prin inova\u021bia tehnologic\u0103 constant\u0103, asigur\u00e2ndu-se c\u0103 ceasurile sale sunt precise \u0219i fiabile. \u00cen cele din urm\u0103, raportul lor calitate-pre\u021b este excelent, ceea ce \u00eei face o op\u021biune accesibil\u0103 pentru cei care caut\u0103 un ceas de \u00eenalt\u0103 calitate.<\/p>","protected":false},"excerpt":{"rendered":"<p>Cu o carcas\u0103 din o\u021bel \u0219i un geam mineral, acest ceas este o m\u0103rturie a excelen\u021bei \u00een orologerie. \u00cen plus, este echipat cu o curea din cauciuc care \u00eei confer\u0103 o not\u0103 de modernitate \u0219i sofisticare. Ceasurile Festina sunt recunoscute pentru c\u0103 sunt o \u00eembinare perfect\u0103 \u00eentre elegan\u021b\u0103 \u0219i func\u021bionalitate. Fiecare dintre modelele lor este [&hellip;]<\/p>\n","protected":false},"featured_media":46200,"comment_status":"closed","ping_status":"open","template":"","meta":{"_acf_changed":false},"product_brand":[],"product_cat":[20,587],"product_tag":[],"class_list":{"0":"post-46199","1":"product","2":"type-product","3":"status-publish","4":"has-post-thumbnail","6":"product_cat-ceasuri-barbati","7":"product_cat-festina","8":"pa_brand-festina","9":"pa_braslet-cauciuc","10":"pa_corpus-42-mm","11":"pa_forma-rotund","12":"pa_funcii-cronograf","13":"pa_funcii-data","14":"pa_garatia-24-luni","15":"pa_korpus-argintiu","16":"pa_kvarc-quartz","17":"pa_material-otel-inoxidabil","18":"pa_mehanizm-quartz","19":"pa_remeshok-gri","20":"pa_steklo-cristal-mineral","21":"pa_strana-spania","22":"pa_voda-10-atm","24":"first","25":"instock","26":"purchasable","27":"product-type-simple"},"acf":[],"_links":{"self":[{"href":"https:\/\/ceasuri.md\/ru\/wp-json\/wp\/v2\/product\/46199","targetHints":{"allow":["GET"]}}],"collection":[{"href":"https:\/\/ceasuri.md\/ru\/wp-json\/wp\/v2\/product"}],"about":[{"href":"https:\/\/ceasuri.md\/ru\/wp-json\/wp\/v2\/types\/product"}],"replies":[{"embeddable":true,"href":"https:\/\/ceasuri.md\/ru\/wp-json\/wp\/v2\/comments?post=46199"}],"wp:featuredmedia":[{"embeddable":true,"href":"https:\/\/ceasuri.md\/ru\/wp-json\/wp\/v2\/media\/46200"}],"wp:attachment":[{"href":"https:\/\/ceasuri.md\/ru\/wp-json\/wp\/v2\/media?parent=46199"}],"wp:term":[{"taxonomy":"product_brand","embeddable":true,"href":"https:\/\/ceasuri.md\/ru\/wp-json\/wp\/v2\/product_brand?post=46199"},{"taxonomy":"product_cat","embeddable":true,"href":"https:\/\/ceasuri.md\/ru\/wp-json\/wp\/v2\/product_cat?post=46199"},{"taxonomy":"product_tag","embeddable":true,"href":"https:\/\/ceasuri.md\/ru\/wp-json\/wp\/v2\/product_tag?post=46199"}],"curies":[{"name":"wp","href":"https:\/\/api.w.org\/{rel}","templated":true}]}}