{"id":46189,"date":"2022-12-20T13:12:46","date_gmt":"2022-12-20T11:12:46","guid":{"rendered":"http:\/\/new.ceasuri.md\/shop\/uncategorized\/festina-chrono-bike-f20543-1\/"},"modified":"2026-05-01T17:14:25","modified_gmt":"2026-05-01T14:14:25","slug":"festina-chrono-bike-f20543-1","status":"publish","type":"product","link":"https:\/\/ceasuri.md\/ru\/shop\/branduri\/festina\/festina-chrono-bike-f20543-1\/","title":{"rendered":"\u0427\u0430\u0441\u044b FESTINA CHRONO BIKE F20543\/1"},"content":{"rendered":"<p>Ceasul Festina pentru b\u0103rba\u021bi. Carcasa sa din o\u021bel \u0219i geamul mineral \u00eel fac un accesoriu rezistent \u0219i durabil, \u00een timp ce cureaua din o\u021bel \u00eei adaug\u0103 o not\u0103 de rafinament \u0219i elegan\u021b\u0103.<\/p>\n<p>Ceasurile Festina sunt recunoscute pentru combina\u021bia lor perfect\u0103 de stil \u0219i func\u021bionalitate. Fiecare model este o oper\u0103 de art\u0103 care reflect\u0103 pasiunea \u0219i angajamentul brandului de a oferi modele distinse \u0219i o inova\u021bie tehnologic\u0103 constant\u0103. \u00cen plus, raportul calitate-pre\u021b excelent le face s\u0103 fie o op\u021biune irezistibil\u0103 pentru cei care caut\u0103 un ceas de \u00eenalt\u0103 calitate la un pre\u021b accesibil.<\/p>\n<p>Ceasul Festina este o alegere \u00een\u021beleapt\u0103 pentru b\u0103rba\u021bii care caut\u0103 un accesoriu elegant \u0219i func\u021bional care s\u0103 \u00eei \u00eenso\u021beasc\u0103 \u00een via\u021ba de zi cu zi.<\/p>","protected":false},"excerpt":{"rendered":"<p>Ceasul Festina pentru b\u0103rba\u021bi. Carcasa sa din o\u021bel \u0219i geamul mineral \u00eel fac un accesoriu rezistent \u0219i durabil, \u00een timp ce cureaua din o\u021bel \u00eei adaug\u0103 o not\u0103 de rafinament \u0219i elegan\u021b\u0103. Ceasurile Festina sunt recunoscute pentru combina\u021bia lor perfect\u0103 de stil \u0219i func\u021bionalitate. Fiecare model este o oper\u0103 de art\u0103 care reflect\u0103 pasiunea \u0219i [&hellip;]<\/p>\n","protected":false},"featured_media":46190,"comment_status":"closed","ping_status":"open","template":"","meta":{"_acf_changed":false},"product_brand":[],"product_cat":[20,587],"product_tag":[],"class_list":{"0":"post-46189","1":"product","2":"type-product","3":"status-publish","4":"has-post-thumbnail","6":"product_cat-ceasuri-barbati","7":"product_cat-festina","8":"pa_brand-festina","9":"pa_braslet-otel-inoxidabil","10":"pa_corpus-45-mm","11":"pa_forma-rotund","12":"pa_funcii-cronograf","13":"pa_funcii-data","14":"pa_garatia-24-luni","15":"pa_korpus-argintiu","16":"pa_kvarc-quartz","17":"pa_material-otel-inoxidabil","18":"pa_mehanizm-quartz","19":"pa_remeshok-argintiu","20":"pa_steklo-cristal-mineral","21":"pa_strana-spania","22":"pa_voda-10-atm","24":"first","25":"instock","26":"purchasable","27":"product-type-simple"},"acf":[],"_links":{"self":[{"href":"https:\/\/ceasuri.md\/ru\/wp-json\/wp\/v2\/product\/46189","targetHints":{"allow":["GET"]}}],"collection":[{"href":"https:\/\/ceasuri.md\/ru\/wp-json\/wp\/v2\/product"}],"about":[{"href":"https:\/\/ceasuri.md\/ru\/wp-json\/wp\/v2\/types\/product"}],"replies":[{"embeddable":true,"href":"https:\/\/ceasuri.md\/ru\/wp-json\/wp\/v2\/comments?post=46189"}],"wp:featuredmedia":[{"embeddable":true,"href":"https:\/\/ceasuri.md\/ru\/wp-json\/wp\/v2\/media\/46190"}],"wp:attachment":[{"href":"https:\/\/ceasuri.md\/ru\/wp-json\/wp\/v2\/media?parent=46189"}],"wp:term":[{"taxonomy":"product_brand","embeddable":true,"href":"https:\/\/ceasuri.md\/ru\/wp-json\/wp\/v2\/product_brand?post=46189"},{"taxonomy":"product_cat","embeddable":true,"href":"https:\/\/ceasuri.md\/ru\/wp-json\/wp\/v2\/product_cat?post=46189"},{"taxonomy":"product_tag","embeddable":true,"href":"https:\/\/ceasuri.md\/ru\/wp-json\/wp\/v2\/product_tag?post=46189"}],"curies":[{"name":"wp","href":"https:\/\/api.w.org\/{rel}","templated":true}]}}