{"id":46186,"date":"2022-12-20T13:10:54","date_gmt":"2022-12-20T11:10:54","guid":{"rendered":"http:\/\/new.ceasuri.md\/shop\/uncategorized\/festina-golden-swiss-made-f20023-2\/"},"modified":"2026-05-01T17:14:21","modified_gmt":"2026-05-01T14:14:21","slug":"festina-golden-swiss-made-f20023-2","status":"publish","type":"product","link":"https:\/\/ceasuri.md\/ru\/shop\/branduri\/festina\/festina-golden-swiss-made-f20023-2\/","title":{"rendered":"\u0427\u0430\u0441\u044b FESTINA GOLDEN SWISS MADE F20023\/2"},"content":{"rendered":"<p>Ceasul Festina pentru femei este o adev\u0103rat\u0103 bijuterie \u00een orologerie. Carcasa sa din o\u021bel \u0219i cristalul de safir \u00eei confer\u0103 o elegan\u021b\u0103 \u0219i un rafinament unic, \u00een timp ce cureaua din o\u021bel \u00eel face confortabil \u0219i durabil.<\/p>\n<p>Ceasurile Festina sunt cunoscute pentru c\u0103 sunt combina\u021bia perfect\u0103 de elegan\u021b\u0103 \u0219i func\u021bionalitate. Fiecare dintre modelele lor este distins \u0219i rafinat, iar inova\u021bia tehnologic\u0103 constant\u0103 \u00eei face s\u0103 fie lideri pe pia\u021b\u0103. \u00cen plus, raportul lor calitate-pre\u021b este excelent, ceea ce \u00eei face o alegere ideal\u0103 pentru cei care caut\u0103 un ceas de \u00eenalt\u0103 calitate la un pre\u021b accesibil.<\/p>\n<p>Ceasul Festina este o alegere sigur\u0103 \u0219i elegant\u0103 pentru orice femeie \u00een c\u0103utarea unui accesoriu vestimentar care va rezista \u00een timp.<\/p>","protected":false},"excerpt":{"rendered":"<p>Ceasul Festina pentru femei este o adev\u0103rat\u0103 bijuterie \u00een orologerie. Carcasa sa din o\u021bel \u0219i cristalul de safir \u00eei confer\u0103 o elegan\u021b\u0103 \u0219i un rafinament unic, \u00een timp ce cureaua din o\u021bel \u00eel face confortabil \u0219i durabil. Ceasurile Festina sunt cunoscute pentru c\u0103 sunt combina\u021bia perfect\u0103 de elegan\u021b\u0103 \u0219i func\u021bionalitate. Fiecare dintre modelele lor este [&hellip;]<\/p>\n","protected":false},"featured_media":46187,"comment_status":"closed","ping_status":"open","template":"","meta":{"_acf_changed":false},"product_brand":[],"product_cat":[25,587],"product_tag":[],"class_list":{"0":"post-46186","1":"product","2":"type-product","3":"status-publish","4":"has-post-thumbnail","6":"product_cat-ceasuri-dama","7":"product_cat-festina","8":"pa_brand-festina","9":"pa_braslet-otel-inoxidabil","10":"pa_corpus-29-mm","11":"pa_forma-rotund","12":"pa_garatia-24-luni","13":"pa_korpus-auriu","14":"pa_kvarc-quartz","15":"pa_material-otel-inoxidabil","16":"pa_mehanizm-quartz","17":"pa_remeshok-auriu","18":"pa_steklo-cristal-safir","19":"pa_strana-elvetia","20":"pa_voda-5-atm","22":"first","23":"instock","24":"purchasable","25":"product-type-simple"},"acf":[],"_links":{"self":[{"href":"https:\/\/ceasuri.md\/ru\/wp-json\/wp\/v2\/product\/46186","targetHints":{"allow":["GET"]}}],"collection":[{"href":"https:\/\/ceasuri.md\/ru\/wp-json\/wp\/v2\/product"}],"about":[{"href":"https:\/\/ceasuri.md\/ru\/wp-json\/wp\/v2\/types\/product"}],"replies":[{"embeddable":true,"href":"https:\/\/ceasuri.md\/ru\/wp-json\/wp\/v2\/comments?post=46186"}],"wp:featuredmedia":[{"embeddable":true,"href":"https:\/\/ceasuri.md\/ru\/wp-json\/wp\/v2\/media\/46187"}],"wp:attachment":[{"href":"https:\/\/ceasuri.md\/ru\/wp-json\/wp\/v2\/media?parent=46186"}],"wp:term":[{"taxonomy":"product_brand","embeddable":true,"href":"https:\/\/ceasuri.md\/ru\/wp-json\/wp\/v2\/product_brand?post=46186"},{"taxonomy":"product_cat","embeddable":true,"href":"https:\/\/ceasuri.md\/ru\/wp-json\/wp\/v2\/product_cat?post=46186"},{"taxonomy":"product_tag","embeddable":true,"href":"https:\/\/ceasuri.md\/ru\/wp-json\/wp\/v2\/product_tag?post=46186"}],"curies":[{"name":"wp","href":"https:\/\/api.w.org\/{rel}","templated":true}]}}