{"id":46094,"date":"2026-04-02T22:42:51","date_gmt":"2026-04-02T19:42:51","guid":{"rendered":"http:\/\/new.ceasuri.md\/shop\/uncategorized\/seiko-alarm-qhl060w\/"},"modified":"2026-04-20T01:06:39","modified_gmt":"2026-04-19T22:06:39","slug":"seiko-alarm-qhl060w","status":"publish","type":"product","link":"https:\/\/ceasuri.md\/ru\/shop\/ceas-interior-cu-alarma\/ceas-cu-alarma-ceas-interior-cu-alarma\/seiko-alarm-qhl060w\/","title":{"rendered":"\u0427\u0430\u0441\u044b SEIKO ALARM QHL060W"},"content":{"rendered":"<p>Compania, \u00een prezent este un produc\u0103tor de succes \u0219i popular de ceasuri, are o istorie de aproape un secol \u0219i jum\u0103tate.<\/p>\n<p>La \u00eenceput, compania a fost un mic salon \u00een care t\u00e2n\u0103rul \u0219i ambi\u021biosul Kintaro Hattori repara ceasuri vechi \u0219i vindea accesorii de produc\u021bie str\u0103in\u0103. Dup\u0103 ce a studiat temeinic particularit\u0103\u021bile mecanismelor, fondatorul \u0219i-a lansat propriul model.<\/p>\n<p>Principalul avantaj al Seiko este reprezentat de colec\u021biile diversificate \u0219i de tehnologiile unice utilizate \u00een fabricarea lor. Acest lucru permite companiei s\u0103 creeze ceasuri care ating statutul de &#8222;premier\u0103 mondial\u0103&#8221; an de an.<\/p>","protected":false},"excerpt":{"rendered":"<p>Compania, \u00een prezent este un produc\u0103tor de succes \u0219i popular de ceasuri, are o istorie de aproape un secol \u0219i jum\u0103tate. La \u00eenceput, compania a fost un mic salon \u00een care t\u00e2n\u0103rul \u0219i ambi\u021biosul Kintaro Hattori repara ceasuri vechi \u0219i vindea accesorii de produc\u021bie str\u0103in\u0103. Dup\u0103 ce a studiat temeinic particularit\u0103\u021bile mecanismelor, fondatorul \u0219i-a lansat [&hellip;]<\/p>\n","protected":false},"featured_media":46095,"comment_status":"closed","ping_status":"open","template":"","meta":{"_acf_changed":false},"product_brand":[],"product_cat":[690,842,588],"product_tag":[],"class_list":{"0":"post-46094","1":"product","2":"type-product","3":"status-publish","4":"has-post-thumbnail","6":"product_cat-ceas-cu-alarma-ceas-interior-cu-alarma","7":"product_cat-ceas-interior-ceas-interior-cu-alarma","8":"product_cat-seiko","9":"pa_brand-seiko","10":"pa_corpus-16-cm","11":"pa_forma-atipica","12":"pa_funcii-alarma","13":"pa_funcii-calendar","14":"pa_funcii-iluminare","15":"pa_garatia-24-luni","16":"pa_korpus-alb","17":"pa_kvarc-quartz","18":"pa_material-plastic","19":"pa_mehanizm-quartz","20":"pa_steklo-plastic","21":"pa_strana-japonia","23":"first","24":"instock","25":"purchasable","26":"product-type-simple"},"acf":[],"_links":{"self":[{"href":"https:\/\/ceasuri.md\/ru\/wp-json\/wp\/v2\/product\/46094","targetHints":{"allow":["GET"]}}],"collection":[{"href":"https:\/\/ceasuri.md\/ru\/wp-json\/wp\/v2\/product"}],"about":[{"href":"https:\/\/ceasuri.md\/ru\/wp-json\/wp\/v2\/types\/product"}],"replies":[{"embeddable":true,"href":"https:\/\/ceasuri.md\/ru\/wp-json\/wp\/v2\/comments?post=46094"}],"wp:featuredmedia":[{"embeddable":true,"href":"https:\/\/ceasuri.md\/ru\/wp-json\/wp\/v2\/media\/46095"}],"wp:attachment":[{"href":"https:\/\/ceasuri.md\/ru\/wp-json\/wp\/v2\/media?parent=46094"}],"wp:term":[{"taxonomy":"product_brand","embeddable":true,"href":"https:\/\/ceasuri.md\/ru\/wp-json\/wp\/v2\/product_brand?post=46094"},{"taxonomy":"product_cat","embeddable":true,"href":"https:\/\/ceasuri.md\/ru\/wp-json\/wp\/v2\/product_cat?post=46094"},{"taxonomy":"product_tag","embeddable":true,"href":"https:\/\/ceasuri.md\/ru\/wp-json\/wp\/v2\/product_tag?post=46094"}],"curies":[{"name":"wp","href":"https:\/\/api.w.org\/{rel}","templated":true}]}}