{"id":46085,"date":"2026-04-02T22:42:51","date_gmt":"2026-04-02T19:42:51","guid":{"rendered":"http:\/\/new.ceasuri.md\/shop\/uncategorized\/candino-c4229-2\/"},"modified":"2026-04-17T13:36:13","modified_gmt":"2026-04-17T10:36:13","slug":"candino-c4229-2","status":"publish","type":"product","link":"https:\/\/ceasuri.md\/ru\/shop\/branduri\/candino\/candino-c4229-2\/","title":{"rendered":"Ceas CANDINO C4229\/2"},"content":{"rendered":"<p>Ceasurile Candino ofer\u0103 modele elegante, care nu se demodeaz\u0103 niciodat\u0103 \u0219i sunt perfecte pentru a fi purtate \u00een zile speciale sau la ocazii speciale. \u00cen plus, nu putem uita c\u0103 sunt ceasuri fabricate \u00een Elve\u021bia \u0219i ofer\u0103 o fiabilitate foarte mare.<\/p>\n<p>Ceasurile Candino pentru femei sunt practic o bijuterie. Simbol de elegan\u021b\u0103 \u0219i distinc\u021bie, ceasul devine o pies\u0103 cheie \u0219i unic\u0103.<\/p>\n<p>Un ceas Candino nu este doar o ma\u0219in\u0103 precis\u0103 de m\u0103surat timpul, este un simbol al perfec\u021biunii \u0219i al vie\u021bii.<\/p>","protected":false},"excerpt":{"rendered":"<p>Ceasurile Candino ofer\u0103 modele elegante, care nu se demodeaz\u0103 niciodat\u0103 \u0219i sunt perfecte pentru a fi purtate \u00een zile speciale sau la ocazii speciale. \u00cen plus, nu putem uita c\u0103 sunt ceasuri fabricate \u00een Elve\u021bia \u0219i ofer\u0103 o fiabilitate foarte mare. Ceasurile Candino pentru femei sunt practic o bijuterie. Simbol de elegan\u021b\u0103 \u0219i distinc\u021bie, ceasul [&hellip;]<\/p>\n","protected":false},"featured_media":46086,"comment_status":"closed","ping_status":"open","template":"","meta":{"_acf_changed":false},"product_brand":[],"product_cat":[619,25,26],"product_tag":[],"class_list":{"0":"post-46085","1":"product","2":"type-product","3":"status-publish","4":"has-post-thumbnail","6":"product_cat-candino","7":"product_cat-ceasuri-dama","8":"product_cat-sale-ceas-de-dama","9":"pa_brand-candino","10":"pa_braslet-otel-inoxidabil","11":"pa_corpus-15x30-mm","12":"pa_forma-atipica","13":"pa_garatia-6-luni","14":"pa_korpus-argintiu","15":"pa_kvarc-quartz","16":"pa_material-otel-inoxidabil","17":"pa_mehanizm-quartz","18":"pa_remeshok-argintiu","19":"pa_steklo-cristal-safir","20":"pa_strana-elvetia","21":"pa_voda-5-atm","23":"first","24":"instock","25":"sale","26":"purchasable","27":"product-type-simple"},"acf":[],"_links":{"self":[{"href":"https:\/\/ceasuri.md\/ru\/wp-json\/wp\/v2\/product\/46085","targetHints":{"allow":["GET"]}}],"collection":[{"href":"https:\/\/ceasuri.md\/ru\/wp-json\/wp\/v2\/product"}],"about":[{"href":"https:\/\/ceasuri.md\/ru\/wp-json\/wp\/v2\/types\/product"}],"replies":[{"embeddable":true,"href":"https:\/\/ceasuri.md\/ru\/wp-json\/wp\/v2\/comments?post=46085"}],"wp:featuredmedia":[{"embeddable":true,"href":"https:\/\/ceasuri.md\/ru\/wp-json\/wp\/v2\/media\/46086"}],"wp:attachment":[{"href":"https:\/\/ceasuri.md\/ru\/wp-json\/wp\/v2\/media?parent=46085"}],"wp:term":[{"taxonomy":"product_brand","embeddable":true,"href":"https:\/\/ceasuri.md\/ru\/wp-json\/wp\/v2\/product_brand?post=46085"},{"taxonomy":"product_cat","embeddable":true,"href":"https:\/\/ceasuri.md\/ru\/wp-json\/wp\/v2\/product_cat?post=46085"},{"taxonomy":"product_tag","embeddable":true,"href":"https:\/\/ceasuri.md\/ru\/wp-json\/wp\/v2\/product_tag?post=46085"}],"curies":[{"name":"wp","href":"https:\/\/api.w.org\/{rel}","templated":true}]}}