{"id":46079,"date":"2026-04-02T22:42:51","date_gmt":"2026-04-02T19:42:51","guid":{"rendered":"http:\/\/new.ceasuri.md\/shop\/uncategorized\/jacques-lemans-isee-energywatch-i-101e\/"},"modified":"2026-04-20T00:30:12","modified_gmt":"2026-04-19T21:30:12","slug":"jacques-lemans-isee-energywatch-i-101e","status":"publish","type":"product","link":"https:\/\/ceasuri.md\/ru\/shop\/branduri\/jacques-lemans\/jacques-lemans-isee-energywatch-i-101e\/","title":{"rendered":"\u0427\u0430\u0441\u044b JACQUES LEMANS ISEE ENERGYWATCH i-101E"},"content":{"rendered":"<p>Ceasul de m\u00e2n\u0103 Jacques Lemans ISEE ENERGYWATCH v\u0103 sus\u021bine calitatea somnului. Un somn bun \u0219i odihnitor este esen\u021bial pentru ca o persoan\u0103 s\u0103 se simt\u0103 s\u0103n\u0103toas\u0103, s\u0103 se recupereze rapid, s\u0103 aib\u0103 rezerve mari de energie \u0219i s\u0103 aib\u0103 succes.<\/p>\n<p>Cercet\u0103rile \u0219tiin\u021bifice efectuate la ISIS (Institutul de Somnologie \u0219i Cercetare Interdisciplinar\u0103 a Somnului) din M\u00fcnster, Germania, confirm\u0103 faptul c\u0103 ISEE ENERGYWATCH este un instrument activ pentru sus\u021binerea unui somn rapid. Purtarea unui v\u0103 ajut\u0103 s\u0103 adormi\u021bi u\u0219or, reduce puternic num\u0103rul de treziri nea\u0219teptate \u0219i num\u0103rul de \u00eentoarceri dintr-o parte \u00een alta \u00een timpul nop\u021bii. Prin urmare, somnul devine mai odihnitor \u0219i duce la o cre\u0219tere general\u0103 a bun\u0103st\u0103rii.<\/p>\n<p>Purtarea unui ceas de m\u00e2n\u0103 Jacques Lemans ISEE ENERGYWATCH \u0219i re\u021bine \u00een mod natural un num\u0103r mai mare de Biofotonii din c\u00e2mpul energetic uman. De exemplu, mul\u021bi sportivi vor aprecia foarte mult ceasul, deoarece timpul de recuperare dup\u0103 antrenamentele istovitoare este redus semnificativ.<\/p>\n<p>ISEE ENERGYWATCH sprijin\u0103 sistemul imunitar uman cu informa\u021bii bioenergetice utiliz\u00e2nd tehnologia YCTinside. Principiul este a\u0219a-numita tehnologie de informare bio-energetic\u0103. Mai mult de 10 ani de cercetare fundamental\u0103 aprofundat\u0103 de c\u0103tre speciali\u0219ti medicali \u0219i oameni de \u0219tiin\u021b\u0103 acredita\u021bi au condus la o inven\u021bie consolidat\u0103: tehnologia YCTinside. Elementele centrale ale acestei dezvolt\u0103ri unice sunt frecven\u021be bazate pe fizica cuantic\u0103.<\/p>\n<p>Elementul cip de pe partea din spate a ISEE ENERGYWATCH este fabricat din o\u021bel inoxidabil de calitate medical\u0103 \u0219i carbon. Prin tehnologia YCTinside, frecven\u021bele universale transmit biofotonii prin vibra\u021bii electromagnetice. Corpul uman este sus\u021binut de aceste impulsuri electromagnetice pozitive.<\/p>","protected":false},"excerpt":{"rendered":"<p>Ceasul de m\u00e2n\u0103 Jacques Lemans ISEE ENERGYWATCH v\u0103 sus\u021bine calitatea somnului. Un somn bun \u0219i odihnitor este esen\u021bial pentru ca o persoan\u0103 s\u0103 se simt\u0103 s\u0103n\u0103toas\u0103, s\u0103 se recupereze rapid, s\u0103 aib\u0103 rezerve mari de energie \u0219i s\u0103 aib\u0103 succes. Cercet\u0103rile \u0219tiin\u021bifice efectuate la ISIS (Institutul de Somnologie \u0219i Cercetare Interdisciplinar\u0103 a Somnului) din M\u00fcnster, [&hellip;]<\/p>\n","protected":false},"featured_media":46080,"comment_status":"closed","ping_status":"open","template":"","meta":{"_acf_changed":false},"product_brand":[],"product_cat":[25,206,26],"product_tag":[],"class_list":{"0":"post-46079","1":"product","2":"type-product","3":"status-publish","4":"has-post-thumbnail","6":"product_cat-ceasuri-dama","7":"product_cat-jacques-lemans","8":"product_cat-sale-ceas-de-dama","9":"pa_brand-jacques-lemans","10":"pa_braslet-otel-inoxidabil","11":"pa_corpus-34-mm","12":"pa_forma-rotund","13":"pa_funcii-data","14":"pa_funcii-somn-imbunatatit","15":"pa_garatia-6-luni","16":"pa_korpus-argintiu","17":"pa_material-otel-inoxidabil","18":"pa_mehanizm-mecanic","19":"pa_mehanizm-mecanism-automatic","20":"pa_remeshok-argintiu","21":"pa_steklo-cristal-mineral","22":"pa_strana-austria","23":"pa_voda-10-atm","25":"first","26":"instock","27":"sale","28":"purchasable","29":"product-type-simple"},"acf":[],"_links":{"self":[{"href":"https:\/\/ceasuri.md\/ru\/wp-json\/wp\/v2\/product\/46079","targetHints":{"allow":["GET"]}}],"collection":[{"href":"https:\/\/ceasuri.md\/ru\/wp-json\/wp\/v2\/product"}],"about":[{"href":"https:\/\/ceasuri.md\/ru\/wp-json\/wp\/v2\/types\/product"}],"replies":[{"embeddable":true,"href":"https:\/\/ceasuri.md\/ru\/wp-json\/wp\/v2\/comments?post=46079"}],"wp:featuredmedia":[{"embeddable":true,"href":"https:\/\/ceasuri.md\/ru\/wp-json\/wp\/v2\/media\/46080"}],"wp:attachment":[{"href":"https:\/\/ceasuri.md\/ru\/wp-json\/wp\/v2\/media?parent=46079"}],"wp:term":[{"taxonomy":"product_brand","embeddable":true,"href":"https:\/\/ceasuri.md\/ru\/wp-json\/wp\/v2\/product_brand?post=46079"},{"taxonomy":"product_cat","embeddable":true,"href":"https:\/\/ceasuri.md\/ru\/wp-json\/wp\/v2\/product_cat?post=46079"},{"taxonomy":"product_tag","embeddable":true,"href":"https:\/\/ceasuri.md\/ru\/wp-json\/wp\/v2\/product_tag?post=46079"}],"curies":[{"name":"wp","href":"https:\/\/api.w.org\/{rel}","templated":true}]}}