{"id":45936,"date":"2026-04-02T22:41:12","date_gmt":"2026-04-02T19:41:12","guid":{"rendered":"http:\/\/new.ceasuri.md\/shop\/uncategorized\/armani-exchange-cayde-ax2700\/"},"modified":"2026-04-07T04:15:54","modified_gmt":"2026-04-07T01:15:54","slug":"armani-exchange-cayde-ax2700","status":"publish","type":"product","link":"https:\/\/ceasuri.md\/ru\/shop\/branduri\/armani-exchange\/armani-exchange-cayde-ax2700\/","title":{"rendered":"Ceas ARMANI EXCHANGE CAYDE AX2700"},"content":{"rendered":"<p>Marca Armani Exchange a combinat \u00een colec\u021biile sale accesorii potrivite pentru orice ocazie.<\/p>\n<p>Ceasurile Armani Exchange sunt de obicei sportive \u0219i casual, cu carcase din o\u021bel inoxidabil \u0219i cadrane originale cu curele elegante din piele. Ceasurile sunt o modalitate unic\u0103 de a v\u0103 exprima individualitatea \u00eentr-un mod elegant. Prezente, moderne, pline de personalitate, intr-un stil urban super-cool.<\/p>\n<p>Ast\u0103zi, marca ocup\u0103 o pozi\u021bie de lider printre companiile care ofer\u0103 produse la mod\u0103 pentru tineri.<\/p>","protected":false},"excerpt":{"rendered":"<p>Marca Armani Exchange a combinat \u00een colec\u021biile sale accesorii potrivite pentru orice ocazie. Ceasurile Armani Exchange sunt de obicei sportive \u0219i casual, cu carcase din o\u021bel inoxidabil \u0219i cadrane originale cu curele elegante din piele. Ceasurile sunt o modalitate unic\u0103 de a v\u0103 exprima individualitatea \u00eentr-un mod elegant. Prezente, moderne, pline de personalitate, intr-un stil [&hellip;]<\/p>\n","protected":false},"featured_media":45937,"comment_status":"closed","ping_status":"open","template":"","meta":{"_acf_changed":false},"product_brand":[],"product_cat":[615,20],"product_tag":[],"class_list":{"0":"post-45936","1":"product","2":"type-product","3":"status-publish","4":"has-post-thumbnail","6":"product_cat-armani-exchange","7":"product_cat-ceasuri-barbati","8":"pa_brand-armani-exchange","9":"pa_braslet-otel-inoxidabil","10":"pa_corpus-42-mm","11":"pa_forma-rotund","12":"pa_garatia-24-luni","13":"pa_korpus-argintiu","14":"pa_material-otel-inoxidabil","15":"pa_mehanizm-quartz","16":"pa_remeshok-argintiu","17":"pa_steklo-cristal-mineral","18":"pa_strana-italia","19":"pa_voda-5-atm","21":"first","22":"instock","23":"purchasable","24":"product-type-simple"},"acf":[],"_links":{"self":[{"href":"https:\/\/ceasuri.md\/ru\/wp-json\/wp\/v2\/product\/45936","targetHints":{"allow":["GET"]}}],"collection":[{"href":"https:\/\/ceasuri.md\/ru\/wp-json\/wp\/v2\/product"}],"about":[{"href":"https:\/\/ceasuri.md\/ru\/wp-json\/wp\/v2\/types\/product"}],"replies":[{"embeddable":true,"href":"https:\/\/ceasuri.md\/ru\/wp-json\/wp\/v2\/comments?post=45936"}],"wp:featuredmedia":[{"embeddable":true,"href":"https:\/\/ceasuri.md\/ru\/wp-json\/wp\/v2\/media\/45937"}],"wp:attachment":[{"href":"https:\/\/ceasuri.md\/ru\/wp-json\/wp\/v2\/media?parent=45936"}],"wp:term":[{"taxonomy":"product_brand","embeddable":true,"href":"https:\/\/ceasuri.md\/ru\/wp-json\/wp\/v2\/product_brand?post=45936"},{"taxonomy":"product_cat","embeddable":true,"href":"https:\/\/ceasuri.md\/ru\/wp-json\/wp\/v2\/product_cat?post=45936"},{"taxonomy":"product_tag","embeddable":true,"href":"https:\/\/ceasuri.md\/ru\/wp-json\/wp\/v2\/product_tag?post=45936"}],"curies":[{"name":"wp","href":"https:\/\/api.w.org\/{rel}","templated":true}]}}