{"id":45888,"date":"2026-04-02T22:40:40","date_gmt":"2026-04-02T19:40:40","guid":{"rendered":"http:\/\/new.ceasuri.md\/shop\/uncategorized\/diesel-7038\/"},"modified":"2026-04-07T04:15:46","modified_gmt":"2026-04-07T01:15:46","slug":"diesel-7038","status":"publish","type":"product","link":"https:\/\/ceasuri.md\/ru\/shop\/branduri\/diesel\/diesel-7038\/","title":{"rendered":"Ceas DIESEL 7038"},"content":{"rendered":"<p>Diesel este un ceas de design produs sub marca italian\u0103. Publicul lor \u021bint\u0103 sunt tinerii care nu vor s\u0103 tr\u0103iasc\u0103 dup\u0103 reguli. Produsele Diesel sunt caracterizate de un design non-trivial, ostentativ \u0219i rebel. Acestea se disting cu u\u0219urin\u021b\u0103 de produsele altor m\u0103rci europene. Ceasurile produc\u0103torului sunt concepute pentru a sublinia individualitatea \u0219i spiritul de libertate al proprietarului lor.<\/p>\n<p>Datorit\u0103 designului lor neobi\u0219nuit, ceasurile Diesel sunt, de obicei, u\u0219or de recunoscut. Acestea sunt produse \u00een stilistica sport \u0219i fashion. Acestea se caracterizeaz\u0103 prin dimensiuni impresionante, cadrane mari \u0219i curele largi. Produsele m\u0103rcii sunt imprevizibile, originale \u0219i uneori chiar agresive \u00een unicitatea lor. Ele se combin\u0103 perfect cu vestimenta\u021bia zilnic\u0103 de ora\u0219 \u0219i vor fi potrivite pentru petreceri zgomotoase. Produsele m\u0103rcii sunt create pentru experimentatori \u0219i rebeli. Prin urmare, nu va fi ceva extraordinar s\u0103 combina\u021bi aceste accesorii notabile \u0219i elegante chiar \u0219i cu un costum de afaceri.<\/p>\n<p>Accesoriile brandului sunt \u00eentotdeauna \u00een centrul aten\u021biei. Una dintre caracteristicile lor este stilul unisex. Aproape orice model poate fi folosit at\u00e2t de b\u0103rba\u021bi, c\u00e2t \u0219i de femei. Modelele sunt caracterizate de cadrane asimetrice. C\u00e2nd te ui\u021bi la fiecare dintre ele, nu po\u021bi s\u0103 nu te g\u00e2nde\u0219ti c\u0103 acest dispozitiv de pe m\u00e2na ta este ceva mai mare \u0219i mai complex dec\u00e2t un simplu ceas.<\/p>","protected":false},"excerpt":{"rendered":"<p>Diesel este un ceas de design produs sub marca italian\u0103. Publicul lor \u021bint\u0103 sunt tinerii care nu vor s\u0103 tr\u0103iasc\u0103 dup\u0103 reguli. Produsele Diesel sunt caracterizate de un design non-trivial, ostentativ \u0219i rebel. Acestea se disting cu u\u0219urin\u021b\u0103 de produsele altor m\u0103rci europene. Ceasurile produc\u0103torului sunt concepute pentru a sublinia individualitatea \u0219i spiritul de libertate [&hellip;]<\/p>\n","protected":false},"featured_media":45889,"comment_status":"closed","ping_status":"open","template":"","meta":{"_acf_changed":false},"product_brand":[],"product_cat":[20,25,580],"product_tag":[],"class_list":{"0":"post-45888","1":"product","2":"type-product","3":"status-publish","4":"has-post-thumbnail","6":"product_cat-ceasuri-barbati","7":"product_cat-ceasuri-dama","8":"product_cat-diesel","9":"pa_brand-diesel","10":"pa_braslet-piele","11":"pa_corpus-32x38mm","12":"pa_forma-dreptunghiular","13":"pa_funcii-alarma","14":"pa_funcii-calendar","15":"pa_funcii-cronometru","16":"pa_garatia-24-luni","17":"pa_korpus-alb","18":"pa_material-otel-inoxidabil","19":"pa_mehanizm-quartz","20":"pa_remeshok-alb","21":"pa_remeshok-bej","22":"pa_steklo-cristal-mineral","23":"pa_strana-italia","24":"pa_voda-5-atm","26":"first","27":"instock","28":"purchasable","29":"product-type-simple"},"acf":[],"_links":{"self":[{"href":"https:\/\/ceasuri.md\/ru\/wp-json\/wp\/v2\/product\/45888","targetHints":{"allow":["GET"]}}],"collection":[{"href":"https:\/\/ceasuri.md\/ru\/wp-json\/wp\/v2\/product"}],"about":[{"href":"https:\/\/ceasuri.md\/ru\/wp-json\/wp\/v2\/types\/product"}],"replies":[{"embeddable":true,"href":"https:\/\/ceasuri.md\/ru\/wp-json\/wp\/v2\/comments?post=45888"}],"wp:featuredmedia":[{"embeddable":true,"href":"https:\/\/ceasuri.md\/ru\/wp-json\/wp\/v2\/media\/45889"}],"wp:attachment":[{"href":"https:\/\/ceasuri.md\/ru\/wp-json\/wp\/v2\/media?parent=45888"}],"wp:term":[{"taxonomy":"product_brand","embeddable":true,"href":"https:\/\/ceasuri.md\/ru\/wp-json\/wp\/v2\/product_brand?post=45888"},{"taxonomy":"product_cat","embeddable":true,"href":"https:\/\/ceasuri.md\/ru\/wp-json\/wp\/v2\/product_cat?post=45888"},{"taxonomy":"product_tag","embeddable":true,"href":"https:\/\/ceasuri.md\/ru\/wp-json\/wp\/v2\/product_tag?post=45888"}],"curies":[{"name":"wp","href":"https:\/\/api.w.org\/{rel}","templated":true}]}}