{"id":45755,"date":"2026-04-02T22:39:27","date_gmt":"2026-04-02T19:39:27","guid":{"rendered":"http:\/\/new.ceasuri.md\/shop\/uncategorized\/orient-contemporary-ra-ba0006b10b\/"},"modified":"2026-04-07T04:15:20","modified_gmt":"2026-04-07T01:15:20","slug":"orient-contemporary-ra-ba0006b10b","status":"publish","type":"product","link":"https:\/\/ceasuri.md\/ru\/shop\/branduri\/orient\/orient-contemporary-ra-ba0006b10b\/","title":{"rendered":"Ceas ORIENT CONTEMPORARY RA-BA0006B10B"},"content":{"rendered":"<p>Ceas mecanic automat pentru b\u0103rba\u021bi. Rezerva de putere de 40 de ore.<\/p>\n<p>Indicator central pentru ore, minute \u0219i secunde. Multicalendar: data, ziua s\u0103pt\u0103m\u00e2nii, luna, anul. Cadran negru.<\/p>\n<p>Carcas\u0103 rotund\u0103 din o\u021bel inoxidabil. Diametrul carcasei este de 43,5 mm. Br\u0103\u021bar\u0103 din piele.<\/p>\n<p>Sticl\u0103 mineral\u0103 rezistent\u0103 la deterior\u0103ri mecanice minore. Carcas\u0103 din spate transparent\u0103.<\/p>\n<p>Rezistent la ap\u0103 WR 50m.<\/p>","protected":false},"excerpt":{"rendered":"<p>Ceas mecanic automat pentru b\u0103rba\u021bi. Rezerva de putere de 40 de ore. Indicator central pentru ore, minute \u0219i secunde. Multicalendar: data, ziua s\u0103pt\u0103m\u00e2nii, luna, anul. Cadran negru. Carcas\u0103 rotund\u0103 din o\u021bel inoxidabil. Diametrul carcasei este de 43,5 mm. Br\u0103\u021bar\u0103 din piele. Sticl\u0103 mineral\u0103 rezistent\u0103 la deterior\u0103ri mecanice minore. Carcas\u0103 din spate transparent\u0103. Rezistent la ap\u0103 [&hellip;]<\/p>\n","protected":false},"featured_media":45756,"comment_status":"closed","ping_status":"open","template":"","meta":{"_acf_changed":false},"product_brand":[],"product_cat":[20,596],"product_tag":[],"class_list":{"0":"post-45755","1":"product","2":"type-product","3":"status-publish","4":"has-post-thumbnail","6":"product_cat-ceasuri-barbati","7":"product_cat-orient","8":"pa_brand-orient","9":"pa_braslet-piele","10":"pa_corpus-44-mm","11":"pa_forma-rotund","12":"pa_funcii-calendar","13":"pa_funcii-data","14":"pa_funcii-luna-anului","15":"pa_funcii-ziua-saptamanii","16":"pa_garatia-24-luni","17":"pa_korpus-argintiu","18":"pa_material-otel-inoxidabil","19":"pa_mehanizm-mecanic","20":"pa_mehanizm-mecanism-automatic","21":"pa_remeshok-negru","22":"pa_steklo-cristal-mineral","23":"pa_strana-japonia","24":"pa_voda-5-atm","26":"first","27":"instock","28":"purchasable","29":"product-type-simple"},"acf":[],"_links":{"self":[{"href":"https:\/\/ceasuri.md\/ru\/wp-json\/wp\/v2\/product\/45755","targetHints":{"allow":["GET"]}}],"collection":[{"href":"https:\/\/ceasuri.md\/ru\/wp-json\/wp\/v2\/product"}],"about":[{"href":"https:\/\/ceasuri.md\/ru\/wp-json\/wp\/v2\/types\/product"}],"replies":[{"embeddable":true,"href":"https:\/\/ceasuri.md\/ru\/wp-json\/wp\/v2\/comments?post=45755"}],"wp:featuredmedia":[{"embeddable":true,"href":"https:\/\/ceasuri.md\/ru\/wp-json\/wp\/v2\/media\/45756"}],"wp:attachment":[{"href":"https:\/\/ceasuri.md\/ru\/wp-json\/wp\/v2\/media?parent=45755"}],"wp:term":[{"taxonomy":"product_brand","embeddable":true,"href":"https:\/\/ceasuri.md\/ru\/wp-json\/wp\/v2\/product_brand?post=45755"},{"taxonomy":"product_cat","embeddable":true,"href":"https:\/\/ceasuri.md\/ru\/wp-json\/wp\/v2\/product_cat?post=45755"},{"taxonomy":"product_tag","embeddable":true,"href":"https:\/\/ceasuri.md\/ru\/wp-json\/wp\/v2\/product_tag?post=45755"}],"curies":[{"name":"wp","href":"https:\/\/api.w.org\/{rel}","templated":true}]}}