{"id":45748,"date":"2026-04-02T22:39:27","date_gmt":"2026-04-02T19:39:27","guid":{"rendered":"http:\/\/new.ceasuri.md\/shop\/uncategorized\/orient-contemporary-ra-ac0f10s30b\/"},"modified":"2026-04-20T00:35:22","modified_gmt":"2026-04-19T21:35:22","slug":"orient-contemporary-ra-ac0f10s30b","status":"publish","type":"product","link":"https:\/\/ceasuri.md\/ru\/shop\/branduri\/orient\/orient-contemporary-ra-ac0f10s30b\/","title":{"rendered":"\u0427\u0430\u0441\u044b ORIENT CONTEMPORARY RA-AC0F10S30B"},"content":{"rendered":"<p>Carcasa \u0219i br\u0103\u021bara sunt fabricate din o\u021bel inoxidabil de \u00eenalt\u0103 calitate.<\/p>\n<p>Rezerva de energie de p\u00e2n\u0103 la 40 de ore.<\/p>\n<p>Culoarea cadranului este alb\u0103. Indica\u021bii: cifre romane \u0219i indicatoare de or\u0103.<\/p>\n<p>Partea din spate a copertei este transparent\u0103.<\/p>","protected":false},"excerpt":{"rendered":"<p>Carcasa \u0219i br\u0103\u021bara sunt fabricate din o\u021bel inoxidabil de \u00eenalt\u0103 calitate. Rezerva de energie de p\u00e2n\u0103 la 40 de ore. Culoarea cadranului este alb\u0103. Indica\u021bii: cifre romane \u0219i indicatoare de or\u0103. Partea din spate a copertei este transparent\u0103.<\/p>","protected":false},"featured_media":45749,"comment_status":"closed","ping_status":"open","template":"","meta":{"_acf_changed":false},"product_brand":[],"product_cat":[20,596],"product_tag":[],"class_list":{"0":"post-45748","1":"product","2":"type-product","3":"status-publish","4":"has-post-thumbnail","6":"product_cat-ceasuri-barbati","7":"product_cat-orient","8":"pa_brand-orient","9":"pa_braslet-otel-inoxidabil","10":"pa_corpus-42-mm","11":"pa_forma-rotund","12":"pa_funcii-data","13":"pa_garatia-24-luni","14":"pa_korpus-argintiu","15":"pa_material-otel-inoxidabil","16":"pa_mehanizm-mecanic","17":"pa_mehanizm-mecanism-automatic","18":"pa_remeshok-argintiu","19":"pa_steklo-cristal-safir","20":"pa_strana-japonia","21":"pa_voda-5-atm","23":"first","24":"instock","25":"purchasable","26":"product-type-simple"},"acf":[],"_links":{"self":[{"href":"https:\/\/ceasuri.md\/ru\/wp-json\/wp\/v2\/product\/45748","targetHints":{"allow":["GET"]}}],"collection":[{"href":"https:\/\/ceasuri.md\/ru\/wp-json\/wp\/v2\/product"}],"about":[{"href":"https:\/\/ceasuri.md\/ru\/wp-json\/wp\/v2\/types\/product"}],"replies":[{"embeddable":true,"href":"https:\/\/ceasuri.md\/ru\/wp-json\/wp\/v2\/comments?post=45748"}],"wp:featuredmedia":[{"embeddable":true,"href":"https:\/\/ceasuri.md\/ru\/wp-json\/wp\/v2\/media\/45749"}],"wp:attachment":[{"href":"https:\/\/ceasuri.md\/ru\/wp-json\/wp\/v2\/media?parent=45748"}],"wp:term":[{"taxonomy":"product_brand","embeddable":true,"href":"https:\/\/ceasuri.md\/ru\/wp-json\/wp\/v2\/product_brand?post=45748"},{"taxonomy":"product_cat","embeddable":true,"href":"https:\/\/ceasuri.md\/ru\/wp-json\/wp\/v2\/product_cat?post=45748"},{"taxonomy":"product_tag","embeddable":true,"href":"https:\/\/ceasuri.md\/ru\/wp-json\/wp\/v2\/product_tag?post=45748"}],"curies":[{"name":"wp","href":"https:\/\/api.w.org\/{rel}","templated":true}]}}