{"id":45742,"date":"2022-12-09T22:41:48","date_gmt":"2022-12-09T20:41:48","guid":{"rendered":"http:\/\/new.ceasuri.md\/shop\/uncategorized\/orient-sports-diver-ra-aa0010b19b\/"},"modified":"2026-05-01T17:08:58","modified_gmt":"2026-05-01T14:08:58","slug":"orient-sports-diver-ra-aa0010b19b","status":"publish","type":"product","link":"https:\/\/ceasuri.md\/ru\/shop\/branduri\/orient\/orient-sports-diver-ra-aa0010b19b\/","title":{"rendered":"\u0427\u0430\u0441\u044b ORIENT SPORTS DIVER RA-AA0010B19B"},"content":{"rendered":"<p>Un ceas cu un caracter sportiv \u0219i o rezisten\u021b\u0103 impresionant\u0103 la ap\u0103, perfect pentru iubitorii de scufund\u0103ri \u0219i activit\u0103\u021bi \u00een aer liber.<\/p>\n<p>Ceas mecanic automat pentru b\u0103rba\u021bi. Afi\u0219eaz\u0103 data, ziua s\u0103pt\u0103m\u00e2nii. Rezerva de putere de 40 de ore.<\/p>\n<p>Acoperire luminescent\u0103 pe m\u00e2inile \u0219i indicatoarele de or\u0103. Carcas\u0103 din o\u021bel inoxidabil. Diametrul carcasei este de 44 mm. Rezistent la ap\u0103 WR 200.<\/p>","protected":false},"excerpt":{"rendered":"<p>Un ceas cu un caracter sportiv \u0219i o rezisten\u021b\u0103 impresionant\u0103 la ap\u0103, perfect pentru iubitorii de scufund\u0103ri \u0219i activit\u0103\u021bi \u00een aer liber. Ceas mecanic automat pentru b\u0103rba\u021bi. Afi\u0219eaz\u0103 data, ziua s\u0103pt\u0103m\u00e2nii. Rezerva de putere de 40 de ore. Acoperire luminescent\u0103 pe m\u00e2inile \u0219i indicatoarele de or\u0103. Carcas\u0103 din o\u021bel inoxidabil. Diametrul carcasei este de 44 [&hellip;]<\/p>\n","protected":false},"featured_media":45743,"comment_status":"closed","ping_status":"open","template":"","meta":{"_acf_changed":false},"product_brand":[],"product_cat":[20,596],"product_tag":[],"class_list":{"0":"post-45742","1":"product","2":"type-product","3":"status-publish","4":"has-post-thumbnail","6":"product_cat-ceasuri-barbati","7":"product_cat-orient","8":"pa_brand-orient","9":"pa_braslet-cauciuc","10":"pa_corpus-44-mm","11":"pa_forma-rotund","12":"pa_funcii-data","13":"pa_funcii-ziua-saptamanii","14":"pa_garatia-24-luni","15":"pa_korpus-argintiu","16":"pa_korpus-negru","17":"pa_material-otel-inoxidabil","18":"pa_mehanizm-mecanic","19":"pa_mehanizm-mecanism-automatic","20":"pa_remeshok-negru","21":"pa_steklo-cristal-mineral","22":"pa_strana-japonia","23":"pa_voda-20-atm","25":"first","26":"instock","27":"purchasable","28":"product-type-simple"},"acf":[],"_links":{"self":[{"href":"https:\/\/ceasuri.md\/ru\/wp-json\/wp\/v2\/product\/45742","targetHints":{"allow":["GET"]}}],"collection":[{"href":"https:\/\/ceasuri.md\/ru\/wp-json\/wp\/v2\/product"}],"about":[{"href":"https:\/\/ceasuri.md\/ru\/wp-json\/wp\/v2\/types\/product"}],"replies":[{"embeddable":true,"href":"https:\/\/ceasuri.md\/ru\/wp-json\/wp\/v2\/comments?post=45742"}],"wp:featuredmedia":[{"embeddable":true,"href":"https:\/\/ceasuri.md\/ru\/wp-json\/wp\/v2\/media\/45743"}],"wp:attachment":[{"href":"https:\/\/ceasuri.md\/ru\/wp-json\/wp\/v2\/media?parent=45742"}],"wp:term":[{"taxonomy":"product_brand","embeddable":true,"href":"https:\/\/ceasuri.md\/ru\/wp-json\/wp\/v2\/product_brand?post=45742"},{"taxonomy":"product_cat","embeddable":true,"href":"https:\/\/ceasuri.md\/ru\/wp-json\/wp\/v2\/product_cat?post=45742"},{"taxonomy":"product_tag","embeddable":true,"href":"https:\/\/ceasuri.md\/ru\/wp-json\/wp\/v2\/product_tag?post=45742"}],"curies":[{"name":"wp","href":"https:\/\/api.w.org\/{rel}","templated":true}]}}