{"id":45735,"date":"2026-04-02T22:39:27","date_gmt":"2026-04-02T19:39:27","guid":{"rendered":"http:\/\/new.ceasuri.md\/shop\/uncategorized\/orient-sports-taa02009d9\/"},"modified":"2026-04-20T00:32:04","modified_gmt":"2026-04-19T21:32:04","slug":"orient-sports-taa02009d9","status":"publish","type":"product","link":"https:\/\/ceasuri.md\/ru\/shop\/branduri\/orient\/orient-sports-taa02009d9\/","title":{"rendered":"\u0427\u0430\u0441\u044b ORIENT SPORTS TAA02009D9"},"content":{"rendered":"<p>Acest ceas sport mecanic cel mai bine v\u00e2ndut, prezint\u0103 un design sub\u021bire al carcasei, potrivit pentru afaceri \u0219i aventuri \u00een aer liber.<\/p>\n<p>Ceasul are o carcas\u0103 \u0219i o band\u0103 din o\u021bel inoxidabil, un cadran albastru \u0219i o coroan\u0103 \u00een\u0219urubat\u0103 pentru a maximiza rezisten\u021ba la ap\u0103.<\/p>\n<p>O lunet\u0103 rotativ\u0103 unidirec\u021bional\u0103 albastr\u0103 cu un accent portocaliu elegant, m\u00e2ini argintii cu accente luminoase, o deschidere convenabil\u0103 pentru dat\u0103 \u0219i cifre arabe plasate \u00een pozi\u021biile de la ora 12, 6 \u0219i 9.<\/p>\n<p>Cu o rezisten\u021b\u0103 la ap\u0103 de 200 de metri, este excelent pentru scufund\u0103ri \u00een piele.<\/p>","protected":false},"excerpt":{"rendered":"<p>Acest ceas sport mecanic cel mai bine v\u00e2ndut, prezint\u0103 un design sub\u021bire al carcasei, potrivit pentru afaceri \u0219i aventuri \u00een aer liber. Ceasul are o carcas\u0103 \u0219i o band\u0103 din o\u021bel inoxidabil, un cadran albastru \u0219i o coroan\u0103 \u00een\u0219urubat\u0103 pentru a maximiza rezisten\u021ba la ap\u0103. O lunet\u0103 rotativ\u0103 unidirec\u021bional\u0103 albastr\u0103 cu un accent portocaliu elegant, [&hellip;]<\/p>\n","protected":false},"featured_media":45736,"comment_status":"closed","ping_status":"open","template":"","meta":{"_acf_changed":false},"product_brand":[],"product_cat":[20,596],"product_tag":[],"class_list":{"0":"post-45735","1":"product","2":"type-product","3":"status-publish","4":"has-post-thumbnail","6":"product_cat-ceasuri-barbati","7":"product_cat-orient","8":"pa_brand-orient","9":"pa_braslet-otel-inoxidabil","10":"pa_corpus-42-mm","11":"pa_forma-rotund","12":"pa_funcii-data","13":"pa_funcii-ziua-saptamanii","14":"pa_garatia-24-luni","15":"pa_korpus-argintiu","16":"pa_material-otel-inoxidabil","17":"pa_mehanizm-mecanic","18":"pa_mehanizm-mecanism-automatic","19":"pa_remeshok-argintiu","20":"pa_steklo-cristal-mineral","21":"pa_strana-japonia","22":"pa_voda-20-atm","24":"first","25":"instock","26":"purchasable","27":"product-type-simple"},"acf":[],"_links":{"self":[{"href":"https:\/\/ceasuri.md\/ru\/wp-json\/wp\/v2\/product\/45735","targetHints":{"allow":["GET"]}}],"collection":[{"href":"https:\/\/ceasuri.md\/ru\/wp-json\/wp\/v2\/product"}],"about":[{"href":"https:\/\/ceasuri.md\/ru\/wp-json\/wp\/v2\/types\/product"}],"replies":[{"embeddable":true,"href":"https:\/\/ceasuri.md\/ru\/wp-json\/wp\/v2\/comments?post=45735"}],"wp:featuredmedia":[{"embeddable":true,"href":"https:\/\/ceasuri.md\/ru\/wp-json\/wp\/v2\/media\/45736"}],"wp:attachment":[{"href":"https:\/\/ceasuri.md\/ru\/wp-json\/wp\/v2\/media?parent=45735"}],"wp:term":[{"taxonomy":"product_brand","embeddable":true,"href":"https:\/\/ceasuri.md\/ru\/wp-json\/wp\/v2\/product_brand?post=45735"},{"taxonomy":"product_cat","embeddable":true,"href":"https:\/\/ceasuri.md\/ru\/wp-json\/wp\/v2\/product_cat?post=45735"},{"taxonomy":"product_tag","embeddable":true,"href":"https:\/\/ceasuri.md\/ru\/wp-json\/wp\/v2\/product_tag?post=45735"}],"curies":[{"name":"wp","href":"https:\/\/api.w.org\/{rel}","templated":true}]}}