{"id":45731,"date":"2022-12-09T21:43:07","date_gmt":"2022-12-09T19:43:07","guid":{"rendered":"http:\/\/new.ceasuri.md\/shop\/uncategorized\/orient-contemporary-fag03001w0\/"},"modified":"2026-05-01T17:08:53","modified_gmt":"2026-05-01T14:08:53","slug":"orient-contemporary-fag03001w0","status":"publish","type":"product","link":"https:\/\/ceasuri.md\/ru\/shop\/branduri\/orient\/orient-contemporary-fag03001w0\/","title":{"rendered":"\u0427\u0430\u0441\u044b ORIENT CONTEMPORARY FAG03001W0"},"content":{"rendered":"<p>Ceasul este echipat cu o mi\u0219care automat\u0103 fiabil\u0103, cu o rezerv\u0103 de putere de cel pu\u021bin 40 de ore.<\/p>\n<p>Cadranul prezint\u0103 o parte deschis\u0103 prin care se poate urm\u0103ri mi\u0219carea angrenajelor.<\/p>\n<p>Carcasa ceasului este fabricat\u0103 din o\u021bel inoxidabil. Cureaua din o\u021bel inoxidabil se potrive\u0219te confortabil la \u00eencheietura m\u00e2inii. Diametrul carcasei este de 39 mm.<\/p>\n<p>Acest model frumos \u0219i elegant v\u0103 eviden\u021biaz\u0103 gustul unic \u0219i se integreaz\u0103 perfect \u00een garderoba dumneavoastr\u0103.<\/p>","protected":false},"excerpt":{"rendered":"<p>Ceasul este echipat cu o mi\u0219care automat\u0103 fiabil\u0103, cu o rezerv\u0103 de putere de cel pu\u021bin 40 de ore. Cadranul prezint\u0103 o parte deschis\u0103 prin care se poate urm\u0103ri mi\u0219carea angrenajelor. Carcasa ceasului este fabricat\u0103 din o\u021bel inoxidabil. Cureaua din o\u021bel inoxidabil se potrive\u0219te confortabil la \u00eencheietura m\u00e2inii. Diametrul carcasei este de 39 mm. Acest [&hellip;]<\/p>\n","protected":false},"featured_media":45732,"comment_status":"closed","ping_status":"open","template":"","meta":{"_acf_changed":false},"product_brand":[],"product_cat":[20,596],"product_tag":[],"class_list":{"0":"post-45731","1":"product","2":"type-product","3":"status-publish","4":"has-post-thumbnail","6":"product_cat-ceasuri-barbati","7":"product_cat-orient","8":"pa_brand-orient","9":"pa_braslet-otel-inoxidabil","10":"pa_corpus-39-mm","11":"pa_forma-rotund","12":"pa_funcii-semischelet","13":"pa_garatia-24-luni","14":"pa_korpus-argintiu","15":"pa_material-otel-inoxidabil","16":"pa_mehanizm-mecanic","17":"pa_mehanizm-mecanism-automatic","18":"pa_remeshok-argintiu","19":"pa_steklo-cristal-mineral","20":"pa_strana-japonia","21":"pa_voda-5-atm","23":"first","24":"instock","25":"purchasable","26":"product-type-simple"},"acf":[],"_links":{"self":[{"href":"https:\/\/ceasuri.md\/ru\/wp-json\/wp\/v2\/product\/45731","targetHints":{"allow":["GET"]}}],"collection":[{"href":"https:\/\/ceasuri.md\/ru\/wp-json\/wp\/v2\/product"}],"about":[{"href":"https:\/\/ceasuri.md\/ru\/wp-json\/wp\/v2\/types\/product"}],"replies":[{"embeddable":true,"href":"https:\/\/ceasuri.md\/ru\/wp-json\/wp\/v2\/comments?post=45731"}],"wp:featuredmedia":[{"embeddable":true,"href":"https:\/\/ceasuri.md\/ru\/wp-json\/wp\/v2\/media\/45732"}],"wp:attachment":[{"href":"https:\/\/ceasuri.md\/ru\/wp-json\/wp\/v2\/media?parent=45731"}],"wp:term":[{"taxonomy":"product_brand","embeddable":true,"href":"https:\/\/ceasuri.md\/ru\/wp-json\/wp\/v2\/product_brand?post=45731"},{"taxonomy":"product_cat","embeddable":true,"href":"https:\/\/ceasuri.md\/ru\/wp-json\/wp\/v2\/product_cat?post=45731"},{"taxonomy":"product_tag","embeddable":true,"href":"https:\/\/ceasuri.md\/ru\/wp-json\/wp\/v2\/product_tag?post=45731"}],"curies":[{"name":"wp","href":"https:\/\/api.w.org\/{rel}","templated":true}]}}