{"id":45725,"date":"2022-12-09T21:31:19","date_gmt":"2022-12-09T19:31:19","guid":{"rendered":"http:\/\/new.ceasuri.md\/shop\/uncategorized\/orient-star-sports-re-av0a01b00b\/"},"modified":"2026-05-01T17:08:50","modified_gmt":"2026-05-01T14:08:50","slug":"orient-star-sports-re-av0a01b00b","status":"publish","type":"product","link":"https:\/\/ceasuri.md\/ru\/shop\/branduri\/orient-star\/orient-star-sports-re-av0a01b00b\/","title":{"rendered":"\u0427\u0430\u0441\u044b ORIENT STAR SPORTS RE-AV0A01B00B"},"content":{"rendered":"<p>Ceas mecanic automat pentru b\u0103rba\u021bi, cu op\u021biune de \u00eenf\u0103\u0219urare manual\u0103.<\/p>\n<p>Cadranul prezint\u0103 un indicator retrograd al rezervei de energie, mi\u0219carea este par\u021bial vizibil\u0103. Indicatoarele sunt acoperite cu un strat luminescent (str\u0103lucesc \u00een \u00eentuneric). Func\u021bia de oprire a secundelor (opre\u0219te acul secundar pentru a seta ora exact\u0103).<\/p>\n<p>Partea din spate este transparent\u0103. Cristal de safir rezistent la zg\u00e2rieturi, cu un strat anti-reflexie.<\/p>","protected":false},"excerpt":{"rendered":"<p>Ceas mecanic automat pentru b\u0103rba\u021bi, cu op\u021biune de \u00eenf\u0103\u0219urare manual\u0103. Cadranul prezint\u0103 un indicator retrograd al rezervei de energie, mi\u0219carea este par\u021bial vizibil\u0103. Indicatoarele sunt acoperite cu un strat luminescent (str\u0103lucesc \u00een \u00eentuneric). Func\u021bia de oprire a secundelor (opre\u0219te acul secundar pentru a seta ora exact\u0103). Partea din spate este transparent\u0103. Cristal de safir rezistent [&hellip;]<\/p>\n","protected":false},"featured_media":45726,"comment_status":"closed","ping_status":"open","template":"","meta":{"_acf_changed":false},"product_brand":[],"product_cat":[20,106,598],"product_tag":[],"class_list":{"0":"post-45725","1":"product","2":"type-product","3":"status-publish","4":"has-post-thumbnail","6":"product_cat-ceasuri-barbati","7":"product_cat-ceasuri-premium","8":"product_cat-orient-star","9":"pa_brand-orient-star","10":"pa_braslet-otel-inoxidabil","11":"pa_corpus-43-mm","12":"pa_forma-rotund","13":"pa_funcii-offset-second-hand","14":"pa_funcii-rezerva-de-energie","15":"pa_funcii-semischelet","16":"pa_garatia-24-luni","17":"pa_korpus-argintiu","18":"pa_korpus-negru","19":"pa_material-otel-inoxidabil","20":"pa_mehanizm-mecanic","21":"pa_mehanizm-mecanism-automatic","22":"pa_remeshok-argintiu","23":"pa_steklo-cristal-safir","24":"pa_strana-japonia","25":"pa_voda-10-atm","27":"first","28":"instock","29":"purchasable","30":"product-type-simple"},"acf":[],"_links":{"self":[{"href":"https:\/\/ceasuri.md\/ru\/wp-json\/wp\/v2\/product\/45725","targetHints":{"allow":["GET"]}}],"collection":[{"href":"https:\/\/ceasuri.md\/ru\/wp-json\/wp\/v2\/product"}],"about":[{"href":"https:\/\/ceasuri.md\/ru\/wp-json\/wp\/v2\/types\/product"}],"replies":[{"embeddable":true,"href":"https:\/\/ceasuri.md\/ru\/wp-json\/wp\/v2\/comments?post=45725"}],"wp:featuredmedia":[{"embeddable":true,"href":"https:\/\/ceasuri.md\/ru\/wp-json\/wp\/v2\/media\/45726"}],"wp:attachment":[{"href":"https:\/\/ceasuri.md\/ru\/wp-json\/wp\/v2\/media?parent=45725"}],"wp:term":[{"taxonomy":"product_brand","embeddable":true,"href":"https:\/\/ceasuri.md\/ru\/wp-json\/wp\/v2\/product_brand?post=45725"},{"taxonomy":"product_cat","embeddable":true,"href":"https:\/\/ceasuri.md\/ru\/wp-json\/wp\/v2\/product_cat?post=45725"},{"taxonomy":"product_tag","embeddable":true,"href":"https:\/\/ceasuri.md\/ru\/wp-json\/wp\/v2\/product_tag?post=45725"}],"curies":[{"name":"wp","href":"https:\/\/api.w.org\/{rel}","templated":true}]}}