{"id":45721,"date":"2026-04-02T22:38:48","date_gmt":"2026-04-02T19:38:48","guid":{"rendered":"http:\/\/new.ceasuri.md\/shop\/uncategorized\/orient-star-classic-re-av0002s00b\/"},"modified":"2026-04-16T21:16:09","modified_gmt":"2026-04-16T18:16:09","slug":"orient-star-classic-re-av0002s00b","status":"publish","type":"product","link":"https:\/\/ceasuri.md\/ru\/shop\/branduri\/orient-star\/orient-star-classic-re-av0002s00b\/","title":{"rendered":"Ceas ORIENT STAR RE-AV0002S00B Classic"},"content":{"rendered":"<p>Prezent\u00e2nd o m\u0103iestrie excep\u021bional\u0103 \u0219i o func\u021bionalitate impecabil\u0103, acest nou ceas ORIENT STAR ofer\u0103 o carcas\u0103 din o\u021bel inoxidabil, afi\u0219\u00e2nd un cadran \u0219i c\u00e2teva caracteristici notabile.<\/p>\n<p>O vedere cu schelet par\u021bial realizat\u0103 cu m\u0103iestrie se m\u00e2ndre\u0219te cu o precizie \u00eembun\u0103t\u0103\u021bit\u0103 datorit\u0103 unui proces de produc\u021bie inovator. Completeaz\u0103 frumuse\u021bea izbitoare a ceasului indicatoarele elegante cu cifre romane de la ora 12 \u0219i 6, un subcadran pentru rezerva de energie de 50 de ore, un spate al carcasei transparent \u0219i o coroan\u0103 clasic\u0103.<\/p>\n<p>Rezisten\u021b\u0103 la ap\u0103 de 50 de metri.<\/p>","protected":false},"excerpt":{"rendered":"<p>Prezent\u00e2nd o m\u0103iestrie excep\u021bional\u0103 \u0219i o func\u021bionalitate impecabil\u0103, acest nou ceas ORIENT STAR ofer\u0103 o carcas\u0103 din o\u021bel inoxidabil, afi\u0219\u00e2nd un cadran \u0219i c\u00e2teva caracteristici notabile. O vedere cu schelet par\u021bial realizat\u0103 cu m\u0103iestrie se m\u00e2ndre\u0219te cu o precizie \u00eembun\u0103t\u0103\u021bit\u0103 datorit\u0103 unui proces de produc\u021bie inovator. Completeaz\u0103 frumuse\u021bea izbitoare a ceasului indicatoarele elegante cu cifre [&hellip;]<\/p>\n","protected":false},"featured_media":45722,"comment_status":"closed","ping_status":"open","template":"","meta":{"_acf_changed":false},"product_brand":[],"product_cat":[20,106,598],"product_tag":[],"class_list":{"0":"post-45721","1":"product","2":"type-product","3":"status-publish","4":"has-post-thumbnail","6":"product_cat-ceasuri-barbati","7":"product_cat-ceasuri-premium","8":"product_cat-orient-star","9":"pa_brand-orient-star","10":"pa_braslet-piele","11":"pa_corpus-40-mm","12":"pa_forma-rotund","13":"pa_funcii-offset-second-hand","14":"pa_funcii-rezerva-de-energie","15":"pa_funcii-semischelet","16":"pa_garatia-24-luni","17":"pa_korpus-argintiu","18":"pa_material-otel-inoxidabil","19":"pa_mehanizm-mecanic","20":"pa_mehanizm-mecanism-automatic","21":"pa_remeshok-negru","22":"pa_steklo-cristal-mineral","23":"pa_strana-japonia","24":"pa_voda-5-atm","26":"first","27":"instock","28":"purchasable","29":"product-type-simple"},"acf":[],"_links":{"self":[{"href":"https:\/\/ceasuri.md\/ru\/wp-json\/wp\/v2\/product\/45721","targetHints":{"allow":["GET"]}}],"collection":[{"href":"https:\/\/ceasuri.md\/ru\/wp-json\/wp\/v2\/product"}],"about":[{"href":"https:\/\/ceasuri.md\/ru\/wp-json\/wp\/v2\/types\/product"}],"replies":[{"embeddable":true,"href":"https:\/\/ceasuri.md\/ru\/wp-json\/wp\/v2\/comments?post=45721"}],"wp:featuredmedia":[{"embeddable":true,"href":"https:\/\/ceasuri.md\/ru\/wp-json\/wp\/v2\/media\/45722"}],"wp:attachment":[{"href":"https:\/\/ceasuri.md\/ru\/wp-json\/wp\/v2\/media?parent=45721"}],"wp:term":[{"taxonomy":"product_brand","embeddable":true,"href":"https:\/\/ceasuri.md\/ru\/wp-json\/wp\/v2\/product_brand?post=45721"},{"taxonomy":"product_cat","embeddable":true,"href":"https:\/\/ceasuri.md\/ru\/wp-json\/wp\/v2\/product_cat?post=45721"},{"taxonomy":"product_tag","embeddable":true,"href":"https:\/\/ceasuri.md\/ru\/wp-json\/wp\/v2\/product_tag?post=45721"}],"curies":[{"name":"wp","href":"https:\/\/api.w.org\/{rel}","templated":true}]}}