{"id":45718,"date":"2022-12-09T21:04:17","date_gmt":"2022-12-09T19:04:17","guid":{"rendered":"http:\/\/new.ceasuri.md\/shop\/uncategorized\/orient-star-contemporary-re-av0004n00b\/"},"modified":"2026-05-01T17:08:46","modified_gmt":"2026-05-01T14:08:46","slug":"orient-star-contemporary-re-av0004n00b","status":"publish","type":"product","link":"https:\/\/ceasuri.md\/ru\/shop\/branduri\/orient-star\/orient-star-contemporary-re-av0004n00b\/","title":{"rendered":"\u0427\u0430\u0441\u044b ORIENT STAR CONTEMPORARY RE-AV0004N00B"},"content":{"rendered":"<p>Carcasa este fabricat\u0103 din o\u021bel rezistent de culoare argintie. Partea din spate a carcasei este transparent\u0103.<\/p>\n<p>Cadranul de culoare maro are cifre arabe mici, cifre romane, indici din o\u021bel \u0219i un afi\u0219aj suplimentar pentru secunde.<\/p>\n<p>Cristalul de safir este realizat prin depunerea unui strat anti-reflexie pe suprafa\u021ba interioar\u0103.<\/p>\n<p>Mi\u0219carea este mecanic\u0103 automat\u0103, cu \u00eenf\u0103\u0219urare manual\u0103 ca o alternativ\u0103, foarte rezistent\u0103 la lovituri \u0219i de lung\u0103 durat\u0103.<\/p>","protected":false},"excerpt":{"rendered":"<p>Carcasa este fabricat\u0103 din o\u021bel rezistent de culoare argintie. Partea din spate a carcasei este transparent\u0103. Cadranul de culoare maro are cifre arabe mici, cifre romane, indici din o\u021bel \u0219i un afi\u0219aj suplimentar pentru secunde. Cristalul de safir este realizat prin depunerea unui strat anti-reflexie pe suprafa\u021ba interioar\u0103. Mi\u0219carea este mecanic\u0103 automat\u0103, cu \u00eenf\u0103\u0219urare manual\u0103 [&hellip;]<\/p>\n","protected":false},"featured_media":45719,"comment_status":"closed","ping_status":"open","template":"","meta":{"_acf_changed":false},"product_brand":[],"product_cat":[20,106,598],"product_tag":[],"class_list":{"0":"post-45718","1":"product","2":"type-product","3":"status-publish","4":"has-post-thumbnail","6":"product_cat-ceasuri-barbati","7":"product_cat-ceasuri-premium","8":"product_cat-orient-star","9":"pa_brand-orient-star","10":"pa_braslet-otel-inoxidabil","11":"pa_corpus-41-mm","12":"pa_forma-rotund","13":"pa_funcii-offset-second-hand","14":"pa_funcii-rezerva-de-energie","15":"pa_funcii-semischelet","16":"pa_garatia-24-luni","17":"pa_korpus-argintiu","18":"pa_material-otel-inoxidabil","19":"pa_mehanizm-mecanic","20":"pa_mehanizm-mecanism-automatic","21":"pa_remeshok-argintiu","22":"pa_steklo-cristal-safir","23":"pa_strana-japonia","24":"pa_voda-10-atm","26":"first","27":"instock","28":"purchasable","29":"product-type-simple"},"acf":[],"_links":{"self":[{"href":"https:\/\/ceasuri.md\/ru\/wp-json\/wp\/v2\/product\/45718","targetHints":{"allow":["GET"]}}],"collection":[{"href":"https:\/\/ceasuri.md\/ru\/wp-json\/wp\/v2\/product"}],"about":[{"href":"https:\/\/ceasuri.md\/ru\/wp-json\/wp\/v2\/types\/product"}],"replies":[{"embeddable":true,"href":"https:\/\/ceasuri.md\/ru\/wp-json\/wp\/v2\/comments?post=45718"}],"wp:featuredmedia":[{"embeddable":true,"href":"https:\/\/ceasuri.md\/ru\/wp-json\/wp\/v2\/media\/45719"}],"wp:attachment":[{"href":"https:\/\/ceasuri.md\/ru\/wp-json\/wp\/v2\/media?parent=45718"}],"wp:term":[{"taxonomy":"product_brand","embeddable":true,"href":"https:\/\/ceasuri.md\/ru\/wp-json\/wp\/v2\/product_brand?post=45718"},{"taxonomy":"product_cat","embeddable":true,"href":"https:\/\/ceasuri.md\/ru\/wp-json\/wp\/v2\/product_cat?post=45718"},{"taxonomy":"product_tag","embeddable":true,"href":"https:\/\/ceasuri.md\/ru\/wp-json\/wp\/v2\/product_tag?post=45718"}],"curies":[{"name":"wp","href":"https:\/\/api.w.org\/{rel}","templated":true}]}}