{"id":45715,"date":"2026-04-02T22:38:48","date_gmt":"2026-04-02T19:38:48","guid":{"rendered":"http:\/\/new.ceasuri.md\/shop\/uncategorized\/orient-star-contemporary-re-au0402b00b\/"},"modified":"2026-04-20T01:06:35","modified_gmt":"2026-04-19T22:06:35","slug":"orient-star-contemporary-re-au0402b00b","status":"publish","type":"product","link":"https:\/\/ceasuri.md\/ru\/shop\/branduri\/orient-star\/orient-star-contemporary-re-au0402b00b\/","title":{"rendered":"\u0427\u0430\u0441\u044b ORIENT STAR CONTEMPORARY RE-AU0402B00B"},"content":{"rendered":"<p>Acest ceas japonez practic de la va oferi look-ului dvs. un aspect distinctiv \u0219i personalizat. Ceas pentru b\u0103rba\u021bi.<\/p>\n<p>Mi\u0219carea are 22 de bijuterii \u0219i bate la 21600 de vibra\u021bii pe or\u0103. Indicator retrograd de rezerv\u0103 de energie p\u00e2n\u0103 la 50 de ore. \u00cenf\u0103\u0219urare manual\u0103. Func\u021bie stop-secund\u0103. Protejat\u0103 \u00eempotriva c\u00e2mpurilor magnetice (p\u00e2n\u0103 la 4800 A\/m).<\/p>\n<p>Tehnologie Sunray pe cadran. Fereastra datei este la ora 3.<\/p>\n<p>Coroan\u0103 canelat\u0103. Fond transparent \u00een\u0219urubat cu cristal mineral.<\/p>\n<p>Br\u0103\u021bar\u0103 cu \u00eenchidere pliabil\u0103.<\/p>","protected":false},"excerpt":{"rendered":"<p>Acest ceas japonez practic de la va oferi look-ului dvs. un aspect distinctiv \u0219i personalizat. Ceas pentru b\u0103rba\u021bi. Mi\u0219carea are 22 de bijuterii \u0219i bate la 21600 de vibra\u021bii pe or\u0103. Indicator retrograd de rezerv\u0103 de energie p\u00e2n\u0103 la 50 de ore. \u00cenf\u0103\u0219urare manual\u0103. Func\u021bie stop-secund\u0103. Protejat\u0103 \u00eempotriva c\u00e2mpurilor magnetice (p\u00e2n\u0103 la 4800 A\/m). Tehnologie [&hellip;]<\/p>\n","protected":false},"featured_media":45716,"comment_status":"closed","ping_status":"open","template":"","meta":{"_acf_changed":false},"product_brand":[],"product_cat":[20,106,598],"product_tag":[],"class_list":{"0":"post-45715","1":"product","2":"type-product","3":"status-publish","4":"has-post-thumbnail","6":"product_cat-ceasuri-barbati","7":"product_cat-ceasuri-premium","8":"product_cat-orient-star","9":"pa_brand-orient-star","10":"pa_braslet-otel-inoxidabil","11":"pa_corpus-42-mm","12":"pa_forma-rotund","13":"pa_funcii-data","14":"pa_funcii-rezerva-de-energie","15":"pa_garatia-24-luni","16":"pa_korpus-argintiu","17":"pa_material-otel-inoxidabil","18":"pa_mehanizm-mecanic","19":"pa_mehanizm-mecanism-automatic","20":"pa_remeshok-argintiu","21":"pa_steklo-cristal-safir","22":"pa_strana-japonia","23":"pa_voda-5-atm","25":"first","26":"instock","27":"purchasable","28":"product-type-simple"},"acf":[],"_links":{"self":[{"href":"https:\/\/ceasuri.md\/ru\/wp-json\/wp\/v2\/product\/45715","targetHints":{"allow":["GET"]}}],"collection":[{"href":"https:\/\/ceasuri.md\/ru\/wp-json\/wp\/v2\/product"}],"about":[{"href":"https:\/\/ceasuri.md\/ru\/wp-json\/wp\/v2\/types\/product"}],"replies":[{"embeddable":true,"href":"https:\/\/ceasuri.md\/ru\/wp-json\/wp\/v2\/comments?post=45715"}],"wp:featuredmedia":[{"embeddable":true,"href":"https:\/\/ceasuri.md\/ru\/wp-json\/wp\/v2\/media\/45716"}],"wp:attachment":[{"href":"https:\/\/ceasuri.md\/ru\/wp-json\/wp\/v2\/media?parent=45715"}],"wp:term":[{"taxonomy":"product_brand","embeddable":true,"href":"https:\/\/ceasuri.md\/ru\/wp-json\/wp\/v2\/product_brand?post=45715"},{"taxonomy":"product_cat","embeddable":true,"href":"https:\/\/ceasuri.md\/ru\/wp-json\/wp\/v2\/product_cat?post=45715"},{"taxonomy":"product_tag","embeddable":true,"href":"https:\/\/ceasuri.md\/ru\/wp-json\/wp\/v2\/product_tag?post=45715"}],"curies":[{"name":"wp","href":"https:\/\/api.w.org\/{rel}","templated":true}]}}