{"id":45711,"date":"2022-12-08T22:11:21","date_gmt":"2022-12-08T20:11:21","guid":{"rendered":"http:\/\/new.ceasuri.md\/shop\/uncategorized\/orient-star-contemporary-re-au0404n00b\/"},"modified":"2026-05-01T17:08:42","modified_gmt":"2026-05-01T14:08:42","slug":"orient-star-contemporary-re-au0404n00b","status":"publish","type":"product","link":"https:\/\/ceasuri.md\/ru\/shop\/branduri\/orient-star\/orient-star-contemporary-re-au0404n00b\/","title":{"rendered":"\u0427\u0430\u0441\u044b ORIENT STAR CONTEMPORARY RE-AU0404N00B"},"content":{"rendered":"<p>Acest ceas pentru b\u0103rba\u021bi \u00ee\u0219i datoreaz\u0103 precizia unei mi\u0219c\u0103ri automate.<\/p>\n<p>Ceasul este alc\u0103tuit dintr-o carcas\u0103 \u0219i o br\u0103\u021bar\u0103 din o\u021bel inoxidabil turnat de culoare argintie \u0219i un cadran gri cu indicii argintii.<\/p>\n<p>Cadranul este protejat \u00eempotriva deterior\u0103rii de un cristal de safir rezistent la zg\u00e2rieturi.<\/p>\n<p>Carcasa are un afi\u0219aj al datei \u0219i un indicator al rezervei de putere.<\/p>\n<p>Partea din spate a carcasei transparente v\u0103 permite s\u0103 urm\u0103ri\u021bi mi\u0219carea \u00een ac\u021biune.<\/p>","protected":false},"excerpt":{"rendered":"<p>Acest ceas pentru b\u0103rba\u021bi \u00ee\u0219i datoreaz\u0103 precizia unei mi\u0219c\u0103ri automate. Ceasul este alc\u0103tuit dintr-o carcas\u0103 \u0219i o br\u0103\u021bar\u0103 din o\u021bel inoxidabil turnat de culoare argintie \u0219i un cadran gri cu indicii argintii. Cadranul este protejat \u00eempotriva deterior\u0103rii de un cristal de safir rezistent la zg\u00e2rieturi. Carcasa are un afi\u0219aj al datei \u0219i un indicator al [&hellip;]<\/p>\n","protected":false},"featured_media":45712,"comment_status":"closed","ping_status":"open","template":"","meta":{"_acf_changed":false},"product_brand":[],"product_cat":[20,106,598],"product_tag":[],"class_list":{"0":"post-45711","1":"product","2":"type-product","3":"status-publish","4":"has-post-thumbnail","6":"product_cat-ceasuri-barbati","7":"product_cat-ceasuri-premium","8":"product_cat-orient-star","9":"pa_brand-orient-star","10":"pa_braslet-otel-inoxidabil","11":"pa_corpus-42-mm","12":"pa_forma-rotund","13":"pa_funcii-data","14":"pa_funcii-rezerva-de-energie","15":"pa_garatia-24-luni","16":"pa_korpus-argintiu","17":"pa_material-otel-inoxidabil","18":"pa_mehanizm-mecanic","19":"pa_mehanizm-mecanism-automatic","20":"pa_remeshok-argintiu","21":"pa_steklo-cristal-safir","22":"pa_strana-japonia","23":"pa_voda-5-atm","25":"first","26":"instock","27":"purchasable","28":"product-type-simple"},"acf":[],"_links":{"self":[{"href":"https:\/\/ceasuri.md\/ru\/wp-json\/wp\/v2\/product\/45711","targetHints":{"allow":["GET"]}}],"collection":[{"href":"https:\/\/ceasuri.md\/ru\/wp-json\/wp\/v2\/product"}],"about":[{"href":"https:\/\/ceasuri.md\/ru\/wp-json\/wp\/v2\/types\/product"}],"replies":[{"embeddable":true,"href":"https:\/\/ceasuri.md\/ru\/wp-json\/wp\/v2\/comments?post=45711"}],"wp:featuredmedia":[{"embeddable":true,"href":"https:\/\/ceasuri.md\/ru\/wp-json\/wp\/v2\/media\/45712"}],"wp:attachment":[{"href":"https:\/\/ceasuri.md\/ru\/wp-json\/wp\/v2\/media?parent=45711"}],"wp:term":[{"taxonomy":"product_brand","embeddable":true,"href":"https:\/\/ceasuri.md\/ru\/wp-json\/wp\/v2\/product_brand?post=45711"},{"taxonomy":"product_cat","embeddable":true,"href":"https:\/\/ceasuri.md\/ru\/wp-json\/wp\/v2\/product_cat?post=45711"},{"taxonomy":"product_tag","embeddable":true,"href":"https:\/\/ceasuri.md\/ru\/wp-json\/wp\/v2\/product_tag?post=45711"}],"curies":[{"name":"wp","href":"https:\/\/api.w.org\/{rel}","templated":true}]}}