{"id":45707,"date":"2026-04-02T22:38:48","date_gmt":"2026-04-02T19:38:48","guid":{"rendered":"http:\/\/new.ceasuri.md\/shop\/uncategorized\/orient-star-sports-re-at0101b00b\/"},"modified":"2026-04-20T01:06:34","modified_gmt":"2026-04-19T22:06:34","slug":"orient-star-sports-re-at0101b00b","status":"publish","type":"product","link":"https:\/\/ceasuri.md\/ru\/shop\/branduri\/orient-star\/orient-star-sports-re-at0101b00b\/","title":{"rendered":"\u0427\u0430\u0441\u044b ORIENT STAR SPORTS RE-AT0101B00B"},"content":{"rendered":"<p>ORIENT STAR SPORTS este o propunere pentru o colec\u021bie sportiv\u0103 original\u0103, care aduce tehnicile tradi\u021bionale \u0219i gusturile sportive cu o nou\u0103 interpretare. Caracteristicile sportive sunt exprimate prin lumin\u0103 luminoas\u0103 (luminoas\u0103 de \u00eenalt\u0103 intensitate) pentru to\u021bi indicii, inclusiv pentru cei trei indici arabi \u0219i prin schimbarea finisajului dintre centrul cadranului \u0219i partea exterioar\u0103 a acestuia.<\/p>\n<p>Cristalul de safir cu acoperire anti-reflexie \u0219i indicele arab ofer\u0103 o vizibilitate sporit\u0103.<\/p>\n<p>Ceasul suport\u0103 un timp de func\u021bionare continu\u0103 de 50 de ore \u0219i o rezisten\u021b\u0103 la ap\u0103 de 200 de metri.<\/p>","protected":false},"excerpt":{"rendered":"<p>ORIENT STAR SPORTS este o propunere pentru o colec\u021bie sportiv\u0103 original\u0103, care aduce tehnicile tradi\u021bionale \u0219i gusturile sportive cu o nou\u0103 interpretare. Caracteristicile sportive sunt exprimate prin lumin\u0103 luminoas\u0103 (luminoas\u0103 de \u00eenalt\u0103 intensitate) pentru to\u021bi indicii, inclusiv pentru cei trei indici arabi \u0219i prin schimbarea finisajului dintre centrul cadranului \u0219i partea exterioar\u0103 a acestuia. Cristalul [&hellip;]<\/p>\n","protected":false},"featured_media":45708,"comment_status":"closed","ping_status":"open","template":"","meta":{"_acf_changed":false},"product_brand":[],"product_cat":[20,106,598],"product_tag":[],"class_list":{"0":"post-45707","1":"product","2":"type-product","3":"status-publish","4":"has-post-thumbnail","6":"product_cat-ceasuri-barbati","7":"product_cat-ceasuri-premium","8":"product_cat-orient-star","9":"pa_brand-orient-star","10":"pa_braslet-otel-inoxidabil","11":"pa_corpus-43-mm","12":"pa_forma-rotund","13":"pa_funcii-rezerva-de-energie","14":"pa_funcii-semischelet","15":"pa_garatia-24-luni","16":"pa_korpus-argintiu","17":"pa_korpus-negru","18":"pa_material-otel-inoxidabil","19":"pa_mehanizm-mecanic","20":"pa_mehanizm-mecanism-automatic","21":"pa_remeshok-argintiu","22":"pa_steklo-cristal-safir","23":"pa_strana-japonia","24":"pa_voda-20-atm","26":"first","27":"instock","28":"purchasable","29":"product-type-simple"},"acf":[],"_links":{"self":[{"href":"https:\/\/ceasuri.md\/ru\/wp-json\/wp\/v2\/product\/45707","targetHints":{"allow":["GET"]}}],"collection":[{"href":"https:\/\/ceasuri.md\/ru\/wp-json\/wp\/v2\/product"}],"about":[{"href":"https:\/\/ceasuri.md\/ru\/wp-json\/wp\/v2\/types\/product"}],"replies":[{"embeddable":true,"href":"https:\/\/ceasuri.md\/ru\/wp-json\/wp\/v2\/comments?post=45707"}],"wp:featuredmedia":[{"embeddable":true,"href":"https:\/\/ceasuri.md\/ru\/wp-json\/wp\/v2\/media\/45708"}],"wp:attachment":[{"href":"https:\/\/ceasuri.md\/ru\/wp-json\/wp\/v2\/media?parent=45707"}],"wp:term":[{"taxonomy":"product_brand","embeddable":true,"href":"https:\/\/ceasuri.md\/ru\/wp-json\/wp\/v2\/product_brand?post=45707"},{"taxonomy":"product_cat","embeddable":true,"href":"https:\/\/ceasuri.md\/ru\/wp-json\/wp\/v2\/product_cat?post=45707"},{"taxonomy":"product_tag","embeddable":true,"href":"https:\/\/ceasuri.md\/ru\/wp-json\/wp\/v2\/product_tag?post=45707"}],"curies":[{"name":"wp","href":"https:\/\/api.w.org\/{rel}","templated":true}]}}