{"id":45686,"date":"2026-04-02T22:38:48","date_gmt":"2026-04-02T19:38:48","guid":{"rendered":"http:\/\/new.ceasuri.md\/shop\/uncategorized\/swiss-military-by-chrono-sm30207-01\/"},"modified":"2026-04-21T17:26:24","modified_gmt":"2026-04-21T14:26:24","slug":"swiss-military-by-chrono-sm30207-01","status":"publish","type":"product","link":"https:\/\/ceasuri.md\/ru\/shop\/branduri\/swiss-military\/swiss-military-by-chrono-sm30207-01\/","title":{"rendered":"\u0427\u0430\u0441\u044b SWISS MILITARY BY CHRONO QUARTZ CHRONOGRAPH SM30207.01"},"content":{"rendered":"<p>Acest ceas cronograf elegant pentru femei este un companion pentru to\u021bi cei care pre\u021buiesc elegan\u021ba. Propor\u021biile perfecte \u0219i formele feminine u\u0219or creeaz\u0103 aura armonioas\u0103 a acestui cronograf. Carcasa clasic\u0103, de form\u0103 rotund\u0103, prezint\u0103 o lunet\u0103 elegant\u0103. Cadran este decorat cu pietre de cristal. Br\u0103\u021bara din o\u021bel inoxidabil cu o \u00eenchidere pliabil\u0103 \u00eempodobe\u0219te \u00eencheietura m\u00e2inii fiec\u0103rei doamne.<\/p>\n<p>Mai mult, acest ceas elve\u021bian vine complet echipat cu caracteristici de \u00eenalt\u0103 calitate, potrivite pentru un ceas elve\u021bian. Indicatoarele elegante sunt luminoase \u0219i str\u0103lucesc \u00een \u00eentuneric.<\/p>","protected":false},"excerpt":{"rendered":"<p>Acest ceas cronograf elegant pentru femei este un companion pentru to\u021bi cei care pre\u021buiesc elegan\u021ba. Propor\u021biile perfecte \u0219i formele feminine u\u0219or creeaz\u0103 aura armonioas\u0103 a acestui cronograf. Carcasa clasic\u0103, de form\u0103 rotund\u0103, prezint\u0103 o lunet\u0103 elegant\u0103. Cadran este decorat cu pietre de cristal. Br\u0103\u021bara din o\u021bel inoxidabil cu o \u00eenchidere pliabil\u0103 \u00eempodobe\u0219te \u00eencheietura m\u00e2inii fiec\u0103rei [&hellip;]<\/p>\n","protected":false},"featured_media":45687,"comment_status":"closed","ping_status":"open","template":"","meta":{"_acf_changed":false},"product_brand":[],"product_cat":[25,572],"product_tag":[],"class_list":{"0":"post-45686","1":"product","2":"type-product","3":"status-publish","4":"has-post-thumbnail","6":"product_cat-ceasuri-dama","7":"product_cat-swiss-military","8":"pa_brand-swiss-military","9":"pa_braslet-otel-inoxidabil","10":"pa_corpus-38-mm","11":"pa_decor-cristale-swarowski","12":"pa_forma-rotund","13":"pa_funcii-cronograf","14":"pa_funcii-data","15":"pa_garatia-24-luni","16":"pa_korpus-argintiu","17":"pa_kvarc-quartz","18":"pa_material-otel-inoxidabil","19":"pa_mehanizm-quartz","20":"pa_remeshok-argintiu","21":"pa_steklo-cristal-safir","22":"pa_strana-elvetia","23":"pa_voda-5-atm","25":"first","26":"instock","27":"purchasable","28":"product-type-simple"},"acf":[],"_links":{"self":[{"href":"https:\/\/ceasuri.md\/ru\/wp-json\/wp\/v2\/product\/45686","targetHints":{"allow":["GET"]}}],"collection":[{"href":"https:\/\/ceasuri.md\/ru\/wp-json\/wp\/v2\/product"}],"about":[{"href":"https:\/\/ceasuri.md\/ru\/wp-json\/wp\/v2\/types\/product"}],"replies":[{"embeddable":true,"href":"https:\/\/ceasuri.md\/ru\/wp-json\/wp\/v2\/comments?post=45686"}],"wp:featuredmedia":[{"embeddable":true,"href":"https:\/\/ceasuri.md\/ru\/wp-json\/wp\/v2\/media\/45687"}],"wp:attachment":[{"href":"https:\/\/ceasuri.md\/ru\/wp-json\/wp\/v2\/media?parent=45686"}],"wp:term":[{"taxonomy":"product_brand","embeddable":true,"href":"https:\/\/ceasuri.md\/ru\/wp-json\/wp\/v2\/product_brand?post=45686"},{"taxonomy":"product_cat","embeddable":true,"href":"https:\/\/ceasuri.md\/ru\/wp-json\/wp\/v2\/product_cat?post=45686"},{"taxonomy":"product_tag","embeddable":true,"href":"https:\/\/ceasuri.md\/ru\/wp-json\/wp\/v2\/product_tag?post=45686"}],"curies":[{"name":"wp","href":"https:\/\/api.w.org\/{rel}","templated":true}]}}