{"id":45676,"date":"2026-04-02T22:38:48","date_gmt":"2026-04-02T19:38:48","guid":{"rendered":"http:\/\/new.ceasuri.md\/shop\/uncategorized\/swiss-military-by-chrono-sm30200-10\/"},"modified":"2026-04-21T17:26:24","modified_gmt":"2026-04-21T14:26:24","slug":"swiss-military-by-chrono-sm30200-10","status":"publish","type":"product","link":"https:\/\/ceasuri.md\/ru\/shop\/branduri\/swiss-military\/swiss-military-by-chrono-sm30200-10\/","title":{"rendered":"\u0427\u0430\u0441\u044b SWISS MILITARY BY CHRONO QUARTZ WATCHES SM30200.10"},"content":{"rendered":"<p>Acest ceas clasic pentru b\u0103rba\u021bi este un must-have \u00een colec\u021bia oric\u0103rui b\u0103rbat. Nu numai c\u0103 este partenerul perfect pentru orice moment, dar este \u0219i un ceas care se va potrivi oric\u0103rei situa\u021bii \u00een care te-ai putea afla. <\/p>\n<p>Carcasa acestui ceas este confec\u021bionat\u0103 din o\u021bel inoxidabil rezistent, \u00een conformitate cu principiile de fabrica\u021bie elve\u021bian\u0103. Toate indicatoarele sunt acoperite cu luminescen\u021b\u0103 \u0219i str\u0103lucesc \u00een \u00eentuneric. <\/p>","protected":false},"excerpt":{"rendered":"<p>Acest ceas clasic pentru b\u0103rba\u021bi este un must-have \u00een colec\u021bia oric\u0103rui b\u0103rbat. Nu numai c\u0103 este partenerul perfect pentru orice moment, dar este \u0219i un ceas care se va potrivi oric\u0103rei situa\u021bii \u00een care te-ai putea afla. Carcasa acestui ceas este confec\u021bionat\u0103 din o\u021bel inoxidabil rezistent, \u00een conformitate cu principiile de fabrica\u021bie elve\u021bian\u0103. Toate indicatoarele [&hellip;]<\/p>\n","protected":false},"featured_media":45677,"comment_status":"closed","ping_status":"open","template":"","meta":{"_acf_changed":false},"product_brand":[],"product_cat":[20,572],"product_tag":[],"class_list":{"0":"post-45676","1":"product","2":"type-product","3":"status-publish","4":"has-post-thumbnail","6":"product_cat-ceasuri-barbati","7":"product_cat-swiss-military","8":"pa_brand-swiss-military","9":"pa_braslet-piele","10":"pa_corpus-39-mm","11":"pa_forma-rotund","12":"pa_funcii-data","13":"pa_garatia-24-luni","14":"pa_korpus-argintiu","15":"pa_kvarc-quartz","16":"pa_material-otel-inoxidabil","17":"pa_mehanizm-quartz","18":"pa_remeshok-negru","19":"pa_steklo-cristal-safir","20":"pa_strana-elvetia","21":"pa_voda-10-atm","23":"first","24":"instock","25":"purchasable","26":"product-type-simple"},"acf":[],"_links":{"self":[{"href":"https:\/\/ceasuri.md\/ru\/wp-json\/wp\/v2\/product\/45676","targetHints":{"allow":["GET"]}}],"collection":[{"href":"https:\/\/ceasuri.md\/ru\/wp-json\/wp\/v2\/product"}],"about":[{"href":"https:\/\/ceasuri.md\/ru\/wp-json\/wp\/v2\/types\/product"}],"replies":[{"embeddable":true,"href":"https:\/\/ceasuri.md\/ru\/wp-json\/wp\/v2\/comments?post=45676"}],"wp:featuredmedia":[{"embeddable":true,"href":"https:\/\/ceasuri.md\/ru\/wp-json\/wp\/v2\/media\/45677"}],"wp:attachment":[{"href":"https:\/\/ceasuri.md\/ru\/wp-json\/wp\/v2\/media?parent=45676"}],"wp:term":[{"taxonomy":"product_brand","embeddable":true,"href":"https:\/\/ceasuri.md\/ru\/wp-json\/wp\/v2\/product_brand?post=45676"},{"taxonomy":"product_cat","embeddable":true,"href":"https:\/\/ceasuri.md\/ru\/wp-json\/wp\/v2\/product_cat?post=45676"},{"taxonomy":"product_tag","embeddable":true,"href":"https:\/\/ceasuri.md\/ru\/wp-json\/wp\/v2\/product_tag?post=45676"}],"curies":[{"name":"wp","href":"https:\/\/api.w.org\/{rel}","templated":true}]}}