{"id":45636,"date":"2026-04-02T22:38:21","date_gmt":"2026-04-02T19:38:21","guid":{"rendered":"http:\/\/new.ceasuri.md\/shop\/uncategorized\/cover-essential-co2025-04\/"},"modified":"2026-04-07T04:14:45","modified_gmt":"2026-04-07T01:14:45","slug":"cover-essential-co2025-04","status":"publish","type":"product","link":"https:\/\/ceasuri.md\/ru\/shop\/branduri\/cover\/cover-essential-co2025-04\/","title":{"rendered":"Ceas COVER ESSENTIAL CO2025.04"},"content":{"rendered":"<p>COVER este o garan\u021bie de \u00eenalt\u0103 calitate, garantat\u0103 de faimoasa marc\u0103 mondial\u0103 SWISS MADE.<\/p>\n<p>Standardele \u00eenalte de calitate ale COVER sunt atinse prin utilizarea abilit\u0103\u021bilor tradi\u021bionale \u0219i a solu\u021biilor inovatoare ale unor ceasornicari elve\u021bieni experimenta\u021bi \u0219i prin aplicarea celor mai moderne \u0219i unice instrumente \u00een realizarea tuturor modelelor COVER, asigur\u00e2nd astfel cea mai \u00eenalt\u0103 precizie \u00een ceasornic\u0103rie.<\/p>","protected":false},"excerpt":{"rendered":"<p>COVER este o garan\u021bie de \u00eenalt\u0103 calitate, garantat\u0103 de faimoasa marc\u0103 mondial\u0103 SWISS MADE. Standardele \u00eenalte de calitate ale COVER sunt atinse prin utilizarea abilit\u0103\u021bilor tradi\u021bionale \u0219i a solu\u021biilor inovatoare ale unor ceasornicari elve\u021bieni experimenta\u021bi \u0219i prin aplicarea celor mai moderne \u0219i unice instrumente \u00een realizarea tuturor modelelor COVER, asigur\u00e2nd astfel cea mai \u00eenalt\u0103 precizie [&hellip;]<\/p>\n","protected":false},"featured_media":45637,"comment_status":"closed","ping_status":"open","template":"","meta":{"_acf_changed":false},"product_brand":[],"product_cat":[20,204],"product_tag":[],"class_list":{"0":"post-45636","1":"product","2":"type-product","3":"status-publish","4":"has-post-thumbnail","6":"product_cat-ceasuri-barbati","7":"product_cat-cover","8":"pa_brand-cover","9":"pa_braslet-piele","10":"pa_corpus-39-mm","11":"pa_forma-rotund","12":"pa_funcii-data","13":"pa_garatia-24-luni","14":"pa_korpus-auriu","15":"pa_material-otel-inoxidabil","16":"pa_mehanizm-quartz","17":"pa_remeshok-negru","18":"pa_steklo-cristal-safir","19":"pa_strana-elvetia","20":"pa_voda-5-atm","22":"first","23":"instock","24":"purchasable","25":"product-type-simple"},"acf":[],"_links":{"self":[{"href":"https:\/\/ceasuri.md\/ru\/wp-json\/wp\/v2\/product\/45636","targetHints":{"allow":["GET"]}}],"collection":[{"href":"https:\/\/ceasuri.md\/ru\/wp-json\/wp\/v2\/product"}],"about":[{"href":"https:\/\/ceasuri.md\/ru\/wp-json\/wp\/v2\/types\/product"}],"replies":[{"embeddable":true,"href":"https:\/\/ceasuri.md\/ru\/wp-json\/wp\/v2\/comments?post=45636"}],"wp:featuredmedia":[{"embeddable":true,"href":"https:\/\/ceasuri.md\/ru\/wp-json\/wp\/v2\/media\/45637"}],"wp:attachment":[{"href":"https:\/\/ceasuri.md\/ru\/wp-json\/wp\/v2\/media?parent=45636"}],"wp:term":[{"taxonomy":"product_brand","embeddable":true,"href":"https:\/\/ceasuri.md\/ru\/wp-json\/wp\/v2\/product_brand?post=45636"},{"taxonomy":"product_cat","embeddable":true,"href":"https:\/\/ceasuri.md\/ru\/wp-json\/wp\/v2\/product_cat?post=45636"},{"taxonomy":"product_tag","embeddable":true,"href":"https:\/\/ceasuri.md\/ru\/wp-json\/wp\/v2\/product_tag?post=45636"}],"curies":[{"name":"wp","href":"https:\/\/api.w.org\/{rel}","templated":true}]}}