{"id":45622,"date":"2026-04-02T22:37:51","date_gmt":"2026-04-02T19:37:51","guid":{"rendered":"http:\/\/new.ceasuri.md\/shop\/uncategorized\/cover-amelia-co193-06\/"},"modified":"2026-04-15T19:56:51","modified_gmt":"2026-04-15T16:56:51","slug":"cover-amelia-co193-06","status":"publish","type":"product","link":"https:\/\/ceasuri.md\/ru\/shop\/branduri\/cover\/cover-amelia-co193-06\/","title":{"rendered":"Ceas COVER AMELIA CO193.06"},"content":{"rendered":"<p>Delicata, dar carismatica Amelia nu reu\u0219e\u0219te niciodat\u0103 s\u0103 \u00eenc\u00e2nte. \u00cen timp ce carcasa rotund\u0103 vorbe\u0219te despre un design clasic, cadranul este cel care atrage aten\u021bia. Centrul u\u0219or str\u0103lucitor al modelului delicat cu raze de soare este \u00eencadrat de un inel de mam\u0103 de perl\u0103 frumos str\u0103lucitoare, pe care indicii din piatr\u0103 de cristal str\u0103lucesc str\u0103lucitor.<\/p>\n<p>Elementele de stil vintage, cum ar fi diferitele combina\u021bii de culori ale curelei din piele \u0219i ale cadranului, fac din acest ceas de dam\u0103 la mod\u0103 un adev\u0103rat punct de atrac\u021bie.<\/p>","protected":false},"excerpt":{"rendered":"<p>Delicata, dar carismatica Amelia nu reu\u0219e\u0219te niciodat\u0103 s\u0103 \u00eenc\u00e2nte. \u00cen timp ce carcasa rotund\u0103 vorbe\u0219te despre un design clasic, cadranul este cel care atrage aten\u021bia. Centrul u\u0219or str\u0103lucitor al modelului delicat cu raze de soare este \u00eencadrat de un inel de mam\u0103 de perl\u0103 frumos str\u0103lucitoare, pe care indicii din piatr\u0103 de cristal str\u0103lucesc str\u0103lucitor. [&hellip;]<\/p>\n","protected":false},"featured_media":45623,"comment_status":"closed","ping_status":"open","template":"","meta":{"_acf_changed":false},"product_brand":[],"product_cat":[25,204],"product_tag":[],"class_list":{"0":"post-45622","1":"product","2":"type-product","3":"status-publish","4":"has-post-thumbnail","6":"product_cat-ceasuri-dama","7":"product_cat-cover","8":"pa_brand-cover","9":"pa_braslet-piele","10":"pa_corpus-32-mm","11":"pa_decor-cristale-swarowski","12":"pa_forma-rotund","13":"pa_garatia-24-luni","14":"pa_korpus-argintiu","15":"pa_kvarc-quartz","16":"pa_material-otel-inoxidabil","17":"pa_mehanizm-quartz","18":"pa_remeshok-negru","19":"pa_steklo-cristal-safir","20":"pa_strana-elvetia","21":"pa_voda-5-atm","23":"first","24":"instock","25":"purchasable","26":"product-type-simple"},"acf":[],"_links":{"self":[{"href":"https:\/\/ceasuri.md\/ru\/wp-json\/wp\/v2\/product\/45622","targetHints":{"allow":["GET"]}}],"collection":[{"href":"https:\/\/ceasuri.md\/ru\/wp-json\/wp\/v2\/product"}],"about":[{"href":"https:\/\/ceasuri.md\/ru\/wp-json\/wp\/v2\/types\/product"}],"replies":[{"embeddable":true,"href":"https:\/\/ceasuri.md\/ru\/wp-json\/wp\/v2\/comments?post=45622"}],"wp:featuredmedia":[{"embeddable":true,"href":"https:\/\/ceasuri.md\/ru\/wp-json\/wp\/v2\/media\/45623"}],"wp:attachment":[{"href":"https:\/\/ceasuri.md\/ru\/wp-json\/wp\/v2\/media?parent=45622"}],"wp:term":[{"taxonomy":"product_brand","embeddable":true,"href":"https:\/\/ceasuri.md\/ru\/wp-json\/wp\/v2\/product_brand?post=45622"},{"taxonomy":"product_cat","embeddable":true,"href":"https:\/\/ceasuri.md\/ru\/wp-json\/wp\/v2\/product_cat?post=45622"},{"taxonomy":"product_tag","embeddable":true,"href":"https:\/\/ceasuri.md\/ru\/wp-json\/wp\/v2\/product_tag?post=45622"}],"curies":[{"name":"wp","href":"https:\/\/api.w.org\/{rel}","templated":true}]}}