{"id":45612,"date":"2022-11-30T20:53:19","date_gmt":"2022-11-30T18:53:19","guid":{"rendered":"http:\/\/new.ceasuri.md\/shop\/uncategorized\/swiss-military-by-chrono-sm30200-02\/"},"modified":"2026-05-01T17:06:52","modified_gmt":"2026-05-01T14:06:52","slug":"swiss-military-by-chrono-sm30200-02","status":"publish","type":"product","link":"https:\/\/ceasuri.md\/ru\/shop\/branduri\/swiss-military\/swiss-military-by-chrono-sm30200-02\/","title":{"rendered":"\u0427\u0430\u0441\u044b SWISS MILITARY BY CHRONO QUARTZ WATCHES SM30200.02"},"content":{"rendered":"<p>Acest ceas clasic este un must have \u00een colec\u021bia de ceasuri a oric\u0103rui b\u0103rbat. Nu numai c\u0103 este partenerul perfect atemporal, dar se potrive\u0219te cu siguran\u021b\u0103 \u00een orice situa\u021bie vestimentar\u0103 pe care o pute\u021bi \u00eent\u00e2lni.<\/p>\n<p>Carcasa \u0219i br\u0103\u021bara elegant\u0103 din o\u021bel a ceasului sunt maturate meticulos, oferindu-i un finisaj complet mat. Luneta, precum \u0219i cele dou\u0103 benzi mici de pe p\u0103r\u021bile laterale ale verigii centrale a br\u0103\u021b\u0103rii, sunt lustruite pentru a echilibra designul mat \u0219i a ad\u0103uga un plus de atractivitate vizual\u0103. Un cadran sunburst cu indici \u0219i m\u00e2ini clasice completeaz\u0103 designul clasic al ceasului.<\/p>\n<p>\u00cen conformitate cu abordarea  Swiss Made \u00een materie de orologerie, carcasa \u0219i br\u0103\u021bara acestui ceas clasic argintiu sunt realizate din o\u021bel inoxidabil durabil. Toate indicatoarele orare, precum \u0219i acele orelor \u0219i minutelor sunt luminescente \u0219i str\u0103lucesc \u00een \u00eentuneric. Acest ceas este echipat cu o mi\u0219care de precizie cu cuar\u021b de fabrica\u021bie elve\u021bian\u0103 \u0219i este asamblat manual.<\/p>","protected":false},"excerpt":{"rendered":"<p>Acest ceas clasic este un must have \u00een colec\u021bia de ceasuri a oric\u0103rui b\u0103rbat. Nu numai c\u0103 este partenerul perfect atemporal, dar se potrive\u0219te cu siguran\u021b\u0103 \u00een orice situa\u021bie vestimentar\u0103 pe care o pute\u021bi \u00eent\u00e2lni. Carcasa \u0219i br\u0103\u021bara elegant\u0103 din o\u021bel a ceasului sunt maturate meticulos, oferindu-i un finisaj complet mat. Luneta, precum \u0219i cele [&hellip;]<\/p>\n","protected":false},"featured_media":45613,"comment_status":"closed","ping_status":"open","template":"","meta":{"_acf_changed":false},"product_brand":[],"product_cat":[20,572],"product_tag":[],"class_list":{"0":"post-45612","1":"product","2":"type-product","3":"status-publish","4":"has-post-thumbnail","6":"product_cat-ceasuri-barbati","7":"product_cat-swiss-military","8":"pa_brand-swiss-military","9":"pa_braslet-otel-inoxidabil","10":"pa_corpus-39-mm","11":"pa_forma-rotund","12":"pa_funcii-data","13":"pa_funcii-iluminare-fluorescenta","14":"pa_garatia-24-luni","15":"pa_korpus-argintiu","16":"pa_kvarc-quartz","17":"pa_material-otel-inoxidabil-periat","18":"pa_mehanizm-quartz","19":"pa_remeshok-argintiu","20":"pa_steklo-cristal-safir","21":"pa_strana-elvetia","22":"pa_voda-10-atm","24":"first","25":"instock","26":"purchasable","27":"product-type-simple"},"acf":[],"_links":{"self":[{"href":"https:\/\/ceasuri.md\/ru\/wp-json\/wp\/v2\/product\/45612","targetHints":{"allow":["GET"]}}],"collection":[{"href":"https:\/\/ceasuri.md\/ru\/wp-json\/wp\/v2\/product"}],"about":[{"href":"https:\/\/ceasuri.md\/ru\/wp-json\/wp\/v2\/types\/product"}],"replies":[{"embeddable":true,"href":"https:\/\/ceasuri.md\/ru\/wp-json\/wp\/v2\/comments?post=45612"}],"wp:featuredmedia":[{"embeddable":true,"href":"https:\/\/ceasuri.md\/ru\/wp-json\/wp\/v2\/media\/45613"}],"wp:attachment":[{"href":"https:\/\/ceasuri.md\/ru\/wp-json\/wp\/v2\/media?parent=45612"}],"wp:term":[{"taxonomy":"product_brand","embeddable":true,"href":"https:\/\/ceasuri.md\/ru\/wp-json\/wp\/v2\/product_brand?post=45612"},{"taxonomy":"product_cat","embeddable":true,"href":"https:\/\/ceasuri.md\/ru\/wp-json\/wp\/v2\/product_cat?post=45612"},{"taxonomy":"product_tag","embeddable":true,"href":"https:\/\/ceasuri.md\/ru\/wp-json\/wp\/v2\/product_tag?post=45612"}],"curies":[{"name":"wp","href":"https:\/\/api.w.org\/{rel}","templated":true}]}}