{"id":45610,"date":"2026-04-02T22:37:51","date_gmt":"2026-04-02T19:37:51","guid":{"rendered":"http:\/\/new.ceasuri.md\/shop\/uncategorized\/swiss-military-by-chrono-sm30207-06\/"},"modified":"2026-04-21T17:26:24","modified_gmt":"2026-04-21T14:26:24","slug":"swiss-military-by-chrono-sm30207-06","status":"publish","type":"product","link":"https:\/\/ceasuri.md\/ru\/shop\/branduri\/swiss-military\/swiss-military-by-chrono-sm30207-06\/","title":{"rendered":"\u0427\u0430\u0441\u044b SWISS MILITARY BY CHRONO QUARTZ CHRONOGRAPH SM30207.06"},"content":{"rendered":"<p>Acest ceas cronograf elegant pentru femei este un companion plin de culoare pentru oricine apreciaz\u0103 elegan\u021ba la mod\u0103 cu un caracter sportiv. Propor\u021biile perfecte \u0219i formele fluide creeaz\u0103 o aur\u0103 armonioas\u0103 pentru acest cronograf lucrat cu m\u0103iestrie.<\/p>\n<p>Carcasa rotund\u0103 clasic\u0103 este caracterizat\u0103 de o lunet\u0103 canelat\u0103. Acesta ad\u0103poste\u0219te un cadrant, din mam\u0103-perl\u0103, decorat elegant cu pietre de cristal.<\/p>\n<p>\u00cen plus, acest ceas este complet echipat cu func\u021bii de \u00eenalt\u0103 calitate, demne de un ceas elve\u021bian. Carcasa este confec\u021bionat\u0103 din o\u021bel inoxidabil rezistent. Cadranul alb acoper\u0103 cristalul de safir. M\u00e2inile \u0219i indicatoarele elegante ale orelor sunt luminescente \u0219i str\u0103lucesc \u00een \u00eentuneric. Acest ceas este echipat cu o mi\u0219care Swiss Made \u0219i este asamblat manual.<\/p>","protected":false},"excerpt":{"rendered":"<p>Acest ceas cronograf elegant pentru femei este un companion plin de culoare pentru oricine apreciaz\u0103 elegan\u021ba la mod\u0103 cu un caracter sportiv. Propor\u021biile perfecte \u0219i formele fluide creeaz\u0103 o aur\u0103 armonioas\u0103 pentru acest cronograf lucrat cu m\u0103iestrie. Carcasa rotund\u0103 clasic\u0103 este caracterizat\u0103 de o lunet\u0103 canelat\u0103. Acesta ad\u0103poste\u0219te un cadrant, din mam\u0103-perl\u0103, decorat elegant cu [&hellip;]<\/p>\n","protected":false},"featured_media":45611,"comment_status":"closed","ping_status":"open","template":"","meta":{"_acf_changed":false},"product_brand":[],"product_cat":[25,572],"product_tag":[],"class_list":{"0":"post-45610","1":"product","2":"type-product","3":"status-publish","4":"has-post-thumbnail","6":"product_cat-ceasuri-dama","7":"product_cat-swiss-military","8":"pa_brand-swiss-military","9":"pa_braslet-piele","10":"pa_corpus-38-mm","11":"pa_decor-fianit","12":"pa_forma-rotund","13":"pa_funcii-cronograf","14":"pa_funcii-data","15":"pa_funcii-iluminare-fluorescenta","16":"pa_funcii-tahimetru","17":"pa_garatia-24-luni","18":"pa_korpus-argintiu","19":"pa_kvarc-quartz","20":"pa_material-otel-inoxidabil","21":"pa_mehanizm-quartz","22":"pa_remeshok-alb","23":"pa_steklo-cristal-safir","24":"pa_strana-elvetia","25":"pa_voda-5-atm","27":"first","28":"instock","29":"purchasable","30":"product-type-simple"},"acf":[],"_links":{"self":[{"href":"https:\/\/ceasuri.md\/ru\/wp-json\/wp\/v2\/product\/45610","targetHints":{"allow":["GET"]}}],"collection":[{"href":"https:\/\/ceasuri.md\/ru\/wp-json\/wp\/v2\/product"}],"about":[{"href":"https:\/\/ceasuri.md\/ru\/wp-json\/wp\/v2\/types\/product"}],"replies":[{"embeddable":true,"href":"https:\/\/ceasuri.md\/ru\/wp-json\/wp\/v2\/comments?post=45610"}],"wp:featuredmedia":[{"embeddable":true,"href":"https:\/\/ceasuri.md\/ru\/wp-json\/wp\/v2\/media\/45611"}],"wp:attachment":[{"href":"https:\/\/ceasuri.md\/ru\/wp-json\/wp\/v2\/media?parent=45610"}],"wp:term":[{"taxonomy":"product_brand","embeddable":true,"href":"https:\/\/ceasuri.md\/ru\/wp-json\/wp\/v2\/product_brand?post=45610"},{"taxonomy":"product_cat","embeddable":true,"href":"https:\/\/ceasuri.md\/ru\/wp-json\/wp\/v2\/product_cat?post=45610"},{"taxonomy":"product_tag","embeddable":true,"href":"https:\/\/ceasuri.md\/ru\/wp-json\/wp\/v2\/product_tag?post=45610"}],"curies":[{"name":"wp","href":"https:\/\/api.w.org\/{rel}","templated":true}]}}